{"id":137837,"date":"2025-01-14T19:49:52","date_gmt":"2025-01-14T19:49:52","guid":{"rendered":"https:\/\/www.otiumhome.fi\/?p=137837"},"modified":"2025-06-06T16:10:47","modified_gmt":"2025-06-06T16:10:47","slug":"sohvapoydan-jalat-u-muotoiset-2-kpl-musta-70x30-31-cm-teras","status":"publish","type":"product","link":"https:\/\/www.otiumhome.fi\/index.php\/tuote\/sohvapoydan-jalat-u-muotoiset-2-kpl-musta-70x30-31-cm-teras\/","title":{"rendered":"Sohvap\u00f6yd\u00e4n jalat U-muotoiset 2 kpl musta 70x(30-31) cm ter\u00e4s"},"content":{"rendered":"<p>N\u00e4m\u00e4 sohvap\u00f6yd\u00e4n jalat yhdist\u00e4v\u00e4t muodon ja toimivuuden. Se on ihanteellinen valinta sohvap\u00f6yt\u00e4si personointiin.<\/p>\n<\/p>\n<ul>\n<li>Kest\u00e4v\u00e4 materiaali: T\u00e4m\u00e4 huonekalup\u00f6yd\u00e4n jalka on valmistettu pulverimaalatusta ter\u00e4ksest\u00e4, joten se on tukeva ja pitk\u00e4ik\u00e4inen.<\/li>\n<li>Tukeva rakenne: Metallisen p\u00f6yd\u00e4njalan 80 asteen kaltevuus varmistaa, ett\u00e4 se tukee raskasta p\u00f6yt\u00e4levy\u00e4.<\/li>\n<li>K\u00e4yt\u00e4nn\u00f6llinen muotoilu: T\u00e4ss\u00e4 p\u00f6yd\u00e4njalassa on s\u00e4\u00e4dett\u00e4v\u00e4t tasauspy\u00f6r\u00e4t, jotka varmistavat vakauden my\u00f6s ep\u00e4tasaisilla lattioilla ja minimoivat lattian naarmut. Lis\u00e4ksi kiinnikkeess\u00e4 on esiporatut rei\u00e4t ja toimitukseen sis\u00e4ltyv\u00e4t ruuvit, joilla jala voidaan kiinnitt\u00e4\u00e4 p\u00f6yt\u00e4levyyn (eiv\u00e4t sis\u00e4lly toimitukseen), joten se on helppo koota.<\/li>\n<li>Moderni estetiikka: P\u00f6yd\u00e4njalassa on puhtaat linjat ja geometrinen muotoilu, jotka parantavat huonekalun yleisilmett\u00e4. Ja se sopii hyvin yhteen mink\u00e4 tahansa sopivan kokoisen p\u00f6yt\u00e4levyn kanssa.<\/li>\n<\/ul>\n<p>Hyv\u00e4 tiet\u00e4\u00e4:<\/p>\n<ul>\n<li>Toimitus sis\u00e4lt\u00e4\u00e4 vain p\u00f6yd\u00e4n jalat, p\u00f6yt\u00e4levy ei sis\u00e4lly toimitukseen.<\/li>\n<\/ul>\n<ul>\n<li>V\u00e4ri: Musta<\/li>\n<li>Materiaali: Jauhemaalattu ter\u00e4s<\/li>\n<li>Kokonaismitat: 70 x (30-31) cm (L x K)<\/li>\n<li>Kallistettu 80 astetta<\/li>\n<li>U-muotoinen<\/li>\n<li>Kiinnikkeen mitat: 700 x 80 x 4 mm (P x L x S)<\/li>\n<li>Putken mitat (1): 80 x 20 x 1,5 mm (P x L x S)<\/li>\n<li>Putken mitat (2): 80 x 40 x 1 mm (P x L x S)<\/li>\n<li>Suositeltu k\u00e4ytt\u00f6: sohvap\u00f6yt\u00e4<\/li>\n<li>S\u00e4\u00e4dett\u00e4vill\u00e4 muovisilla t\u00e4ytt\u00f6asennuksilla<\/li>\n<li>Kokoaminen vaaditaan: Kyll\u00e4<\/li>\n<li><strong>Toimitus sis\u00e4lt\u00e4\u00e4:<\/strong><\/li>\n<li>2 x sohvap\u00f6yd\u00e4n jalka<\/li>\n<li>Ruuvit (M5x18mm) jalkojen kiinnitys p\u00f6yt\u00e4levyyn<\/li>\n<\/ul>\n","protected":false},"excerpt":{"rendered":"<ul>\n<li>V\u00e4ri: Musta<\/li>\n<li>Materiaali: Jauhemaalattu ter\u00e4s<\/li>\n<li>Kokonaismitat: 70 x (30-31) cm (L x K)<\/li>\n<li>Kallistettu 80 astetta<\/li>\n<li>U-muotoinen<\/li>\n<li>Kiinnikkeen mitat: 700 x 80 x 4 mm (P x L x S)<\/li>\n<li>Putken mitat (1): 80 x 20 x 1,5 mm (P x L x S)<\/li>\n<li>Putken mitat (2): 80 x 40 x 1 mm (P x L x S)<\/li>\n<li>Suositeltu k\u00e4ytt\u00f6: sohvap\u00f6yt\u00e4<\/li>\n<li>S\u00e4\u00e4dett\u00e4vill\u00e4 muovisilla t\u00e4ytt\u00f6asennuksilla<\/li>\n<li>Kokoaminen vaaditaan: Kyll\u00e4<\/li>\n<li><strong>Toimitus sis\u00e4lt\u00e4\u00e4:<\/strong><\/li>\n<li>2 x sohvap\u00f6yd\u00e4n jalka<\/li>\n<li>Ruuvit (M5x18mm) jalkojen kiinnitys p\u00f6yt\u00e4levyyn<\/li>\n<\/ul>\n","protected":false},"featured_media":100000137837,"comment_status":"closed","ping_status":"closed","template":"","meta":[],"product_brand":[],"product_cat":[84,8577],"product_tag":[],"class_list":{"0":"post-137837","1":"product","2":"type-product","3":"status-publish","4":"has-post-thumbnail","6":"product_cat-huonekalut","7":"product_cat-poydanjalat","9":"first","10":"instock","11":"taxable","12":"shipping-taxable","13":"purchasable","14":"product-type-simple"},"_links":{"self":[{"href":"https:\/\/www.otiumhome.fi\/index.php\/wp-json\/wp\/v2\/product\/137837","targetHints":{"allow":["GET"]}}],"collection":[{"href":"https:\/\/www.otiumhome.fi\/index.php\/wp-json\/wp\/v2\/product"}],"about":[{"href":"https:\/\/www.otiumhome.fi\/index.php\/wp-json\/wp\/v2\/types\/product"}],"replies":[{"embeddable":true,"href":"https:\/\/www.otiumhome.fi\/index.php\/wp-json\/wp\/v2\/comments?post=137837"}],"wp:featuredmedia":[{"embeddable":true,"href":"https:\/\/www.otiumhome.fi\/index.php\/wp-json\/"}],"wp:attachment":[{"href":"https:\/\/www.otiumhome.fi\/index.php\/wp-json\/wp\/v2\/media?parent=137837"}],"wp:term":[{"taxonomy":"product_brand","embeddable":true,"href":"https:\/\/www.otiumhome.fi\/index.php\/wp-json\/wp\/v2\/product_brand?post=137837"},{"taxonomy":"product_cat","embeddable":true,"href":"https:\/\/www.otiumhome.fi\/index.php\/wp-json\/wp\/v2\/product_cat?post=137837"},{"taxonomy":"product_tag","embeddable":true,"href":"https:\/\/www.otiumhome.fi\/index.php\/wp-json\/wp\/v2\/product_tag?post=137837"}],"curies":[{"name":"wp","href":"https:\/\/api.w.org\/{rel}","templated":true}]}}