{"id":137704,"date":"2025-01-14T11:56:39","date_gmt":"2025-01-14T11:56:39","guid":{"rendered":"https:\/\/www.otiumhome.fi\/?p=137704"},"modified":"2025-06-06T16:04:30","modified_gmt":"2025-06-06T16:04:30","slug":"laatikosto-harmaa-sonoma-70x41x56-cm-tekninen-puu","status":"publish","type":"product","link":"https:\/\/www.otiumhome.fi\/index.php\/tuote\/laatikosto-harmaa-sonoma-70x41x56-cm-tekninen-puu\/","title":{"rendered":"Laatikosto harmaa Sonoma 70x41x56 cm tekninen puu"},"content":{"rendered":"<p>Etsitk\u00f6 tyylik\u00e4st\u00e4 laatikostoa? T\u00e4m\u00e4 upeasti muotoiltu laatikosto lis\u00e4\u00e4 eleganttia vieh\u00e4tysvoimaa sisustukseesi!<\/p>\n<\/p>\n<ul>\n<li>Vakaa ja pitk\u00e4ik\u00e4inen runko: S\u00e4ilytyskaapin metallirunko parantaa sisustustasi teollisella tyylill\u00e4 ja tarjoaa poikkeuksellista kest\u00e4vyytt\u00e4, vakautta ja korroosiokest\u00e4vyytt\u00e4.<\/li>\n<li>Vakaa ja kest\u00e4v\u00e4 materiaali: Tekninen puu on kest\u00e4v\u00e4 ja vakaa materiaali, jonka sile\u00e4 pinta kest\u00e4\u00e4 kosteutta, v\u00e4\u00e4ntymist\u00e4 ja halkeilua, joten se on luotettava valinta erilaisiin projekteihin.<\/li>\n<li>Runsaasti s\u00e4ilytystilaa: T\u00e4m\u00e4 lipasto, jossa on 3 suurta laatikkoa, tarjoaa runsaasti s\u00e4ilytystilaa p\u00e4ivitt\u00e4isten tavaroiden pit\u00e4miseen hyvin j\u00e4rjestyksess\u00e4 ja helposti ulottuvillasi.<\/li>\n<li>Tukeva yl\u00e4osa: Tukeva yl\u00e4osa on t\u00e4ydellinen paikka ruukkukasveille, valokuvakehyksille ja muille koriste-esineille.<\/li>\n<li>Helposti puhdistettava pinta: Lipasto on helppo puhdistaa kostealla liinalla.<\/li>\n<\/ul>\n<p>Varoitus:<\/p>\n<ul>\n<li>Kaatumisen est\u00e4miseksi t\u00e4t\u00e4 tuotetta on k\u00e4ytett\u00e4v\u00e4 mukana toimitetun sein\u00e4kiinnityslaitteen kanssa.<\/li>\n<\/ul>\n<ul>\n<li>V\u00e4ri: Harmaa Sonoma<\/li>\n<li>Materiaali: Tekninen puu, metalli<\/li>\n<li>Mitat: 70 x 41 x 56 cm (L x S x K)<\/li>\n<li>Maksimipainokapasiteetti (yhteens\u00e4): 60 kg<\/li>\n<li>Asennus vaaditaan: Kyll\u00e4<\/li>\n<\/ul>\n","protected":false},"excerpt":{"rendered":"<ul>\n<li>V\u00e4ri: Harmaa Sonoma<\/li>\n<li>Materiaali: Tekninen puu, metalli<\/li>\n<li>Mitat: 70 x 41 x 56 cm (L x S x K)<\/li>\n<li>Maksimipainokapasiteetti (yhteens\u00e4): 60 kg<\/li>\n<li>Asennus vaaditaan: Kyll\u00e4<\/li>\n<\/ul>\n","protected":false},"featured_media":100000137704,"comment_status":"closed","ping_status":"closed","template":"","meta":[],"product_brand":[],"product_cat":[84,8563],"product_tag":[],"class_list":{"0":"post-137704","1":"product","2":"type-product","3":"status-publish","4":"has-post-thumbnail","6":"product_cat-huonekalut","7":"product_cat-laatikkoarkut","9":"first","10":"instock","11":"taxable","12":"shipping-taxable","13":"purchasable","14":"product-type-simple"},"_links":{"self":[{"href":"https:\/\/www.otiumhome.fi\/index.php\/wp-json\/wp\/v2\/product\/137704","targetHints":{"allow":["GET"]}}],"collection":[{"href":"https:\/\/www.otiumhome.fi\/index.php\/wp-json\/wp\/v2\/product"}],"about":[{"href":"https:\/\/www.otiumhome.fi\/index.php\/wp-json\/wp\/v2\/types\/product"}],"replies":[{"embeddable":true,"href":"https:\/\/www.otiumhome.fi\/index.php\/wp-json\/wp\/v2\/comments?post=137704"}],"wp:featuredmedia":[{"embeddable":true,"href":"https:\/\/www.otiumhome.fi\/index.php\/wp-json\/"}],"wp:attachment":[{"href":"https:\/\/www.otiumhome.fi\/index.php\/wp-json\/wp\/v2\/media?parent=137704"}],"wp:term":[{"taxonomy":"product_brand","embeddable":true,"href":"https:\/\/www.otiumhome.fi\/index.php\/wp-json\/wp\/v2\/product_brand?post=137704"},{"taxonomy":"product_cat","embeddable":true,"href":"https:\/\/www.otiumhome.fi\/index.php\/wp-json\/wp\/v2\/product_cat?post=137704"},{"taxonomy":"product_tag","embeddable":true,"href":"https:\/\/www.otiumhome.fi\/index.php\/wp-json\/wp\/v2\/product_tag?post=137704"}],"curies":[{"name":"wp","href":"https:\/\/api.w.org\/{rel}","templated":true}]}}