{"id":137643,"date":"2025-01-14T09:16:58","date_gmt":"2025-01-14T09:16:58","guid":{"rendered":"https:\/\/www.otiumhome.fi\/?p=137643"},"modified":"2025-11-09T04:11:34","modified_gmt":"2025-11-09T04:11:34","slug":"kylpyhuoneen-allaskaappi-ruskea-tammi-65x33x60-cm-tekninen-puu","status":"publish","type":"product","link":"https:\/\/www.otiumhome.fi\/index.php\/tuote\/kylpyhuoneen-allaskaappi-ruskea-tammi-65x33x60-cm-tekninen-puu\/","title":{"rendered":"Kylpyhuoneen allaskaappi ruskea tammi 65x33x60 cm tekninen puu"},"content":{"rendered":"<p>T\u00e4m\u00e4 pesuallaskaappi on loistava lis\u00e4 kylpyhuoneeseesi antaen sille retrotyylisen elegantin tyylin!<\/p>\n<\/p>\n<ul>\n<li>Vakaa ja kest\u00e4v\u00e4 materiaali: Tekninen puu on kest\u00e4v\u00e4 ja vakaa materiaali, jonka sile\u00e4 pinta kest\u00e4\u00e4 kosteutta, v\u00e4\u00e4ntymist\u00e4 ja halkeilua, joten se on luotettava valinta erilaisiin projekteihin.<\/li>\n<li>Vakaa ja pitk\u00e4ik\u00e4inen runko: Kylpyhuoneen alaosa metallirunko korostaa sisustustasi teollisella tyylill\u00e4 ja tarjoaa poikkeuksellista kest\u00e4vyytt\u00e4, vakautta ja korroosionkest\u00e4vyytt\u00e4.<\/li>\n<li>Runsaasti s\u00e4ilytystilaa: T\u00e4m\u00e4 kylpyhuonekaluste tarjoaa runsaasti s\u00e4ilytystilaa t\u00e4rkeiden tavaroiden s\u00e4ilytt\u00e4miseen ja k\u00e4ttesi ulottuvilla pit\u00e4miseen.<\/li>\n<li>K\u00e4yt\u00e4nn\u00f6llinen kaapin yl\u00e4osa: Allaskaapin yl\u00e4osassa on reik\u00e4, joten se on ihanteellinen pesualtaan sijoittamiseksi.<\/li>\n<li>Houkutteleva ulkon\u00e4k\u00f6: Kylpyhuonekaapin silmiinpist\u00e4v\u00e4 muotoilu parantaa tilan yleisilmett\u00e4 tasaisilla linjoillaan ja hienostuneilla kuvioillaan tehden siit\u00e4 mink\u00e4 tahansa huoneen kohokohdan.<\/li>\n<\/ul>\n<p>Varoitus:<\/p>\n<ul>\n<li>Kaatumisen est\u00e4miseksi t\u00e4t\u00e4 tuotetta on k\u00e4ytett\u00e4v\u00e4 mukana toimitetun sein\u00e4kiinnityslaitteen kanssa.<\/li>\n<\/ul>\n<ul>\n<li>V\u00e4ri: Ruskea tammi<\/li>\n<li>Materiaali: Tekninen puu, metalli<\/li>\n<li>Kokonaismitat: 65 x 33 x 60 cm (L x S x K)<\/li>\n<li>Maksimipainokapasiteetti (yhteens\u00e4): 60 kg<\/li>\n<li>Asennus vaaditaan: Kyll\u00e4<\/li>\n<\/ul>\n","protected":false},"excerpt":{"rendered":"<ul>\n<li>V\u00e4ri: Ruskea tammi<\/li>\n<li>Materiaali: Tekninen puu, metalli<\/li>\n<li>Kokonaismitat: 65 x 33 x 60 cm (L x S x K)<\/li>\n<li>Maksimipainokapasiteetti (yhteens\u00e4): 60 kg<\/li>\n<li>Asennus vaaditaan: Kyll\u00e4<\/li>\n<\/ul>\n","protected":false},"featured_media":100000137643,"comment_status":"closed","ping_status":"closed","template":"","meta":[],"product_brand":[],"product_cat":[84,8560],"product_tag":[],"class_list":{"0":"post-137643","1":"product","2":"type-product","3":"status-publish","4":"has-post-thumbnail","6":"product_cat-huonekalut","7":"product_cat-kylpyhuoneen-kalusteet","9":"first","10":"instock","11":"taxable","12":"shipping-taxable","13":"purchasable","14":"product-type-simple"},"_links":{"self":[{"href":"https:\/\/www.otiumhome.fi\/index.php\/wp-json\/wp\/v2\/product\/137643","targetHints":{"allow":["GET"]}}],"collection":[{"href":"https:\/\/www.otiumhome.fi\/index.php\/wp-json\/wp\/v2\/product"}],"about":[{"href":"https:\/\/www.otiumhome.fi\/index.php\/wp-json\/wp\/v2\/types\/product"}],"replies":[{"embeddable":true,"href":"https:\/\/www.otiumhome.fi\/index.php\/wp-json\/wp\/v2\/comments?post=137643"}],"wp:featuredmedia":[{"embeddable":true,"href":"https:\/\/www.otiumhome.fi\/index.php\/wp-json\/"}],"wp:attachment":[{"href":"https:\/\/www.otiumhome.fi\/index.php\/wp-json\/wp\/v2\/media?parent=137643"}],"wp:term":[{"taxonomy":"product_brand","embeddable":true,"href":"https:\/\/www.otiumhome.fi\/index.php\/wp-json\/wp\/v2\/product_brand?post=137643"},{"taxonomy":"product_cat","embeddable":true,"href":"https:\/\/www.otiumhome.fi\/index.php\/wp-json\/wp\/v2\/product_cat?post=137643"},{"taxonomy":"product_tag","embeddable":true,"href":"https:\/\/www.otiumhome.fi\/index.php\/wp-json\/wp\/v2\/product_tag?post=137643"}],"curies":[{"name":"wp","href":"https:\/\/api.w.org\/{rel}","templated":true}]}}