{"id":137587,"date":"2025-01-14T08:53:40","date_gmt":"2025-01-14T08:53:40","guid":{"rendered":"https:\/\/www.otiumhome.fi\/?p=137587"},"modified":"2025-06-06T15:43:45","modified_gmt":"2025-06-06T15:43:45","slug":"konsolipoyta-monivarinen-100x35x75-cm-massiivipuu-kierratetty","status":"publish","type":"product","link":"https:\/\/www.otiumhome.fi\/index.php\/tuote\/konsolipoyta-monivarinen-100x35x75-cm-massiivipuu-kierratetty\/","title":{"rendered":"konsolip\u00f6yt\u00e4 moniv\u00e4rinen 100x35x75 cm massiivipuu kierr\u00e4tetty"},"content":{"rendered":"<p>T\u00e4m\u00e4 konsolip\u00f6yt\u00e4 tarjoaa runsaasti s\u00e4ilytystilaa ja t\u00e4ydent\u00e4\u00e4 samalla kotisi sisustusta. Se sopii t\u00e4ydellisesti olohuoneeseen, makuuhuoneeseen ja k\u00e4yt\u00e4v\u00e4\u00e4n.<\/p>\n<\/p>\n<ul>\n<li>Vankka ja vakaa materiaali: Kiinte\u00e4 kierr\u00e4tyspuu koostuu uudelleen k\u00e4ytetyist\u00e4 puulajeista, kuten teak-, mango-, m\u00e4nty- ja py\u00f6kkipuusta. N\u00e4m\u00e4 materiaalit kierr\u00e4tet\u00e4\u00e4n vanhoista rakennuksista, kuten tehtaista, vajaista ja veneist\u00e4. Kulumisen merkit ja n\u00e4kyv\u00e4 syyrakenne antavat jokaiselle kappaleelle oman historiansa ja ainutlaatuisen ilmeen.<\/li>\n<li>Runsaasti s\u00e4ilytystilaa: T\u00e4ss\u00e4 eteisen p\u00f6yd\u00e4ss\u00e4 on laatikot, jotka tarjoavat s\u00e4ilytystilaa, jotta aikakauslehdet, kirjat, kaukos\u00e4\u00e4timet ja muut pienet esineet ovat k\u00e4den ulottuvilla.<\/li>\n<li>K\u00e4yt\u00e4nn\u00f6llinen p\u00f6yt\u00e4levy: Sohvap\u00f6yd\u00e4n tukeva p\u00f6yt\u00e4levy sopii t\u00e4ydellisesti valokuvakehysten, juomien, lehtien ja muiden koriste-esineiden sijoittamiseen.<\/li>\n<li>Monipuolinen k\u00e4ytt\u00f6: Eteisen p\u00f6yt\u00e4 tarjoaa k\u00e4yt\u00e4nn\u00f6llist\u00e4 toimivuutta, k\u00e4ytettiinp\u00e4 sit\u00e4 sis\u00e4\u00e4ntulon j\u00e4rjest\u00e4j\u00e4n\u00e4, esittelypinnana sisustukseen tai ty\u00f6tilaksi k\u00e4yt\u00e4v\u00e4ss\u00e4 tai olohuoneessa. Sen vankka runko ja maalaismainen muotoilu tekev\u00e4t siit\u00e4 t\u00e4ydellisen istuvuuden erilaisiin tiloihin yhdist\u00e4en k\u00e4yt\u00e4nn\u00f6llisyyden ja luonnollisen vieh\u00e4tyksen.<\/li>\n<li>K\u00e4yt\u00e4nn\u00f6llinen kahva: Sis\u00e4\u00e4ntulop\u00f6yd\u00e4n kahva tarjoaa mukavan otteen, mik\u00e4 auttaa sinua avaamaan ja sulkemaan kaapin helposti ja lis\u00e4\u00e4 samalla kauneutta.<\/li>\n<\/ul>\n<p>Hyv\u00e4 tiet\u00e4\u00e4:<\/p>\n<ul>\n<li>Jokainen kappale on ainutlaatuisen eroavilla v\u00e4reill\u00e4 ja puunsyill\u00e4. Toimitus on sattumanvarainen, t\u00e4m\u00e4 takaa tuotteesi erityisyyden ja ainutlaatuisuuden.<\/li>\n<\/ul>\n<p>Varoitus:<\/p>\n<ul>\n<li>Kaatumisen est\u00e4miseksi t\u00e4t\u00e4 tuotetta on k\u00e4ytett\u00e4v\u00e4 mukana toimitetun sein\u00e4kiinnityslaitteen kanssa.<\/li>\n<\/ul>\n<ul>\n<li>V\u00e4ri: moniv\u00e4rinen<\/li>\n<li>Materiaali: t\u00e4ysi kierr\u00e4tetty puu eri v\u00e4rej\u00e4 sis\u00e4lt\u00e4v\u00e4ll\u00e4 viimeistelyll\u00e4<\/li>\n<li>Mitat: 100 x 35 x 75 cm (L x S x K)<\/li>\n<li>Asennus vaaditaan: Kyll\u00e4<\/li>\n<\/ul>\n","protected":false},"excerpt":{"rendered":"<ul>\n<li>V\u00e4ri: moniv\u00e4rinen<\/li>\n<li>Materiaali: t\u00e4ysi kierr\u00e4tetty puu eri v\u00e4rej\u00e4 sis\u00e4lt\u00e4v\u00e4ll\u00e4 viimeistelyll\u00e4<\/li>\n<li>Mitat: 100 x 35 x 75 cm (L x S x K)<\/li>\n<li>Asennus vaaditaan: Kyll\u00e4<\/li>\n<\/ul>\n","protected":false},"featured_media":100000137587,"comment_status":"closed","ping_status":"closed","template":"","meta":[],"product_brand":[],"product_cat":[84,8559,8533],"product_tag":[],"class_list":{"0":"post-137587","1":"product","2":"type-product","3":"status-publish","4":"has-post-thumbnail","6":"product_cat-huonekalut","7":"product_cat-konsolipoydat","8":"product_cat-sivupoydat","10":"first","11":"instock","12":"taxable","13":"shipping-taxable","14":"purchasable","15":"product-type-simple"},"_links":{"self":[{"href":"https:\/\/www.otiumhome.fi\/index.php\/wp-json\/wp\/v2\/product\/137587","targetHints":{"allow":["GET"]}}],"collection":[{"href":"https:\/\/www.otiumhome.fi\/index.php\/wp-json\/wp\/v2\/product"}],"about":[{"href":"https:\/\/www.otiumhome.fi\/index.php\/wp-json\/wp\/v2\/types\/product"}],"replies":[{"embeddable":true,"href":"https:\/\/www.otiumhome.fi\/index.php\/wp-json\/wp\/v2\/comments?post=137587"}],"wp:featuredmedia":[{"embeddable":true,"href":"https:\/\/www.otiumhome.fi\/index.php\/wp-json\/"}],"wp:attachment":[{"href":"https:\/\/www.otiumhome.fi\/index.php\/wp-json\/wp\/v2\/media?parent=137587"}],"wp:term":[{"taxonomy":"product_brand","embeddable":true,"href":"https:\/\/www.otiumhome.fi\/index.php\/wp-json\/wp\/v2\/product_brand?post=137587"},{"taxonomy":"product_cat","embeddable":true,"href":"https:\/\/www.otiumhome.fi\/index.php\/wp-json\/wp\/v2\/product_cat?post=137587"},{"taxonomy":"product_tag","embeddable":true,"href":"https:\/\/www.otiumhome.fi\/index.php\/wp-json\/wp\/v2\/product_tag?post=137587"}],"curies":[{"name":"wp","href":"https:\/\/api.w.org\/{rel}","templated":true}]}}