{"id":137412,"date":"2025-01-12T12:06:10","date_gmt":"2025-01-12T12:06:10","guid":{"rendered":"https:\/\/www.otiumhome.fi\/?p=137412"},"modified":"2025-06-06T18:06:31","modified_gmt":"2025-06-06T18:06:31","slug":"sohvasanky-ilman-patjaa-valkoinen-107x203-cm-teras","status":"publish","type":"product","link":"https:\/\/www.otiumhome.fi\/index.php\/tuote\/sohvasanky-ilman-patjaa-valkoinen-107x203-cm-teras\/","title":{"rendered":"-sohvas\u00e4nky ilman patjaa Valkoinen 107&#215;203 cm Ter\u00e4s"},"content":{"rendered":"<p>T\u00e4m\u00e4 2-in-1 vuodesohva rullilla toimii sek\u00e4 sohvana ett\u00e4 s\u00e4nkyn\u00e4. Se on k\u00e4yt\u00e4nn\u00f6llinen ja katseet vangitseva lis\u00e4 olo- tai makuuhuoneeseen.<\/p>\n<\/p>\n<ul>\n<li>Vakaa ja pitk\u00e4ik\u00e4inen runko: Ter\u00e4s on luja, vakaa ja kest\u00e4v\u00e4 materiaali, joka tekee siit\u00e4 ihanteellisen valinnan monenlaisiin tarkoituksiin aina huonekalujen valmistuksesta rakentamiseen.<\/li>\n<li>S\u00e4lepohja optimaalista tukea varten: Vuodesohva on varustettu s\u00e4lepohjalla, joka tukee ja hengitt\u00e4\u00e4 patjaasi.<\/li>\n<li>Ylim\u00e4\u00e4r\u00e4ist\u00e4 s\u00e4ilytystilaa: Vierass\u00e4ngyn alla on lis\u00e4tilaa, joka pit\u00e4\u00e4 s\u00e4ilytyslaatikot poissa n\u00e4kyvist\u00e4.<\/li>\n<li>Vakaat ja kest\u00e4v\u00e4t jalat: T\u00e4t\u00e4 sohvasohvaa tukevat tukevat jalat, mik\u00e4 takaa vakauden, turvallisuuden ja lujuuden.<\/li>\n<li>Monipuolinen leposohva: Vuodesohva toimii sohvana p\u00e4iv\u00e4ll\u00e4 ja muuttuu helposti parivuoteeksi y\u00f6ll\u00e4 vet\u00e4m\u00e4ll\u00e4 ulos, mik\u00e4 on k\u00e4tev\u00e4 ratkaisu vieraiden majoittamiseen ja tilan maksimoimiseen.<\/li>\n<\/ul>\n<p>Hyv\u00e4 tiet\u00e4\u00e4:<\/p>\n<ul>\n<li>Patja ei sis\u00e4lly t\u00e4h\u00e4n s\u00e4nkyyn. Tarjoamme monipuolisen valikoiman patjoja, jotka l\u00f6yd\u00e4t tarkistamalla myym\u00e4l\u00e4mme valikoiman.<\/li>\n<\/ul>\n<ul>\n<li>V\u00e4ri: Valkoinen<\/li>\n<li>Materiaali: Ter\u00e4s<\/li>\n<li>S\u00e4ngyn mitat (ulos vedett\u00e4ess\u00e4): 208 x 218 x 107 cm (P x L x K)<\/li>\n<li>S\u00e4ngyn mitat (kun ei ole ulos vedett\u00e4v\u00e4): 208 x 113 x 107 cm (P x L x K)<\/li>\n<li>Sopivan patjan koko: 107 x 203 cm (L x P) (patjat eiv\u00e4t sis\u00e4lly hintaan)<\/li>\n<li>Vuodesohva levitett\u00e4v\u00e4ll\u00e4 pienell\u00e4 s\u00e4ngyll\u00e4<\/li>\n<li>Asennus vaaditaan: Kyll\u00e4<\/li>\n<\/ul>\n","protected":false},"excerpt":{"rendered":"<ul>\n<li>V\u00e4ri: Valkoinen<\/li>\n<li>Materiaali: Ter\u00e4s<\/li>\n<li>S\u00e4ngyn mitat (ulos vedett\u00e4ess\u00e4): 208 x 218 x 107 cm (P x L x K)<\/li>\n<li>S\u00e4ngyn mitat (kun ei ole ulos vedett\u00e4v\u00e4): 208 x 113 x 107 cm (P x L x K)<\/li>\n<li>Sopivan patjan koko: 107 x 203 cm (L x P) (patjat eiv\u00e4t sis\u00e4lly hintaan)<\/li>\n<li>Vuodesohva levitett\u00e4v\u00e4ll\u00e4 pienell\u00e4 s\u00e4ngyll\u00e4<\/li>\n<li>Asennus vaaditaan: Kyll\u00e4<\/li>\n<\/ul>\n","protected":false},"featured_media":100000137412,"comment_status":"closed","ping_status":"closed","template":"","meta":[],"product_brand":[],"product_cat":[84,8638],"product_tag":[],"class_list":{"0":"post-137412","1":"product","2":"type-product","3":"status-publish","4":"has-post-thumbnail","6":"product_cat-huonekalut","7":"product_cat-sangyt-sangynrungot","9":"first","10":"instock","11":"taxable","12":"shipping-taxable","13":"purchasable","14":"product-type-simple"},"_links":{"self":[{"href":"https:\/\/www.otiumhome.fi\/index.php\/wp-json\/wp\/v2\/product\/137412","targetHints":{"allow":["GET"]}}],"collection":[{"href":"https:\/\/www.otiumhome.fi\/index.php\/wp-json\/wp\/v2\/product"}],"about":[{"href":"https:\/\/www.otiumhome.fi\/index.php\/wp-json\/wp\/v2\/types\/product"}],"replies":[{"embeddable":true,"href":"https:\/\/www.otiumhome.fi\/index.php\/wp-json\/wp\/v2\/comments?post=137412"}],"wp:featuredmedia":[{"embeddable":true,"href":"https:\/\/www.otiumhome.fi\/index.php\/wp-json\/"}],"wp:attachment":[{"href":"https:\/\/www.otiumhome.fi\/index.php\/wp-json\/wp\/v2\/media?parent=137412"}],"wp:term":[{"taxonomy":"product_brand","embeddable":true,"href":"https:\/\/www.otiumhome.fi\/index.php\/wp-json\/wp\/v2\/product_brand?post=137412"},{"taxonomy":"product_cat","embeddable":true,"href":"https:\/\/www.otiumhome.fi\/index.php\/wp-json\/wp\/v2\/product_cat?post=137412"},{"taxonomy":"product_tag","embeddable":true,"href":"https:\/\/www.otiumhome.fi\/index.php\/wp-json\/wp\/v2\/product_tag?post=137412"}],"curies":[{"name":"wp","href":"https:\/\/api.w.org\/{rel}","templated":true}]}}