{"id":137384,"date":"2025-01-12T10:59:38","date_gmt":"2025-01-12T10:59:38","guid":{"rendered":"https:\/\/www.otiumhome.fi\/?p=137384"},"modified":"2025-06-06T18:05:47","modified_gmt":"2025-06-06T18:05:47","slug":"sangynrunko-ilman-patjaa-taitettava-valkoinen-107x203cm-terasta","status":"publish","type":"product","link":"https:\/\/www.otiumhome.fi\/index.php\/tuote\/sangynrunko-ilman-patjaa-taitettava-valkoinen-107x203cm-terasta\/","title":{"rendered":"S\u00e4ngynrunko ilman patjaa Taitettava valkoinen 107x203cm ter\u00e4st\u00e4"},"content":{"rendered":"<p>Jos etsit tukevaa s\u00e4ngynrunkoa makuuhuoneeseesi, t\u00e4m\u00e4 s\u00e4ngynrunko tyylikk\u00e4\u00e4ll\u00e4 ja ajattomalla muotoilullaan on t\u00e4ydellinen valinta sinulle!<\/p>\n<\/p>\n<ul>\n<li>Tukeva rakenne: S\u00e4ngyn runko on valmistettu ter\u00e4ksest\u00e4, eritt\u00e4in kest\u00e4v\u00e4st\u00e4 ja vahvasta materiaalista, joka tarjoaa erinomaisen lujuuden ja vakauden.<\/li>\n<li>Metallinen s\u00e4lepohja ja -jalat: Metallinen s\u00e4ngyn runko on varustettu s\u00e4lepohjalla ja jalan keskiosalla, jotka tarjoavat patjallesi tarvittavan tuen ja hengitt\u00e4vyyden.<\/li>\n<li>Taitettava rakenne: Taitettavan rakenteensa ansiosta t\u00e4m\u00e4 s\u00e4ngynrunko voidaan helposti taittaa kokoon ja s\u00e4ilytt\u00e4\u00e4 kompaktissa tilassa, kun sit\u00e4 ei k\u00e4ytet\u00e4, joten se on ihanteellinen pieniin huoneisiin tai ahtaisiin tiloihin.<\/li>\n<li>Helppo siirt\u00e4\u00e4: T\u00e4m\u00e4 s\u00e4ngyn runko on varustettu nelj\u00e4ll\u00e4 py\u00f6r\u00e4ll\u00e4, mik\u00e4 mahdollistaa vaivattoman siirt\u00e4misen haluamaasi paikkaan.<\/li>\n<li>Ylim\u00e4\u00e4r\u00e4ist\u00e4 s\u00e4ilytystilaa: S\u00e4ngyss\u00e4 on lis\u00e4s\u00e4ilytystilaa s\u00e4ngyn alla, jotta s\u00e4ilytyslaatikot eiv\u00e4t n\u00e4y n\u00e4kyvill\u00e4.<\/li>\n<\/ul>\n<p>Hyv\u00e4 tiet\u00e4\u00e4:<\/p>\n<ul>\n<li>Patja ei sis\u00e4lly t\u00e4h\u00e4n s\u00e4nkyyn. Tarjoamme monipuolisen valikoiman patjoja, jotka l\u00f6yd\u00e4t tarkistamalla myym\u00e4l\u00e4mme valikoiman.<\/li>\n<\/ul>\n<ul>\n<li>V\u00e4ri: Valkoinen<\/li>\n<li>Materiaali: Ter\u00e4s<\/li>\n<li>Kokonaismitat: 225 x 111,5 x 30 cm (P x L x K)<\/li>\n<li>Taitettavat mitat: 111,5 x 30 x 107 cm (P x L x K)<\/li>\n<li>Sopiva patjan koko: 107 x 203 cm (L x P) (patja ei sis\u00e4lly toimitukseen)<\/li>\n<li>Asennus vaaditaan: Kyll\u00e4<\/li>\n<\/ul>\n","protected":false},"excerpt":{"rendered":"<ul>\n<li>V\u00e4ri: Valkoinen<\/li>\n<li>Materiaali: Ter\u00e4s<\/li>\n<li>Kokonaismitat: 225 x 111,5 x 30 cm (P x L x K)<\/li>\n<li>Taitettavat mitat: 111,5 x 30 x 107 cm (P x L x K)<\/li>\n<li>Sopiva patjan koko: 107 x 203 cm (L x P) (patja ei sis\u00e4lly toimitukseen)<\/li>\n<li>Asennus vaaditaan: Kyll\u00e4<\/li>\n<\/ul>\n","protected":false},"featured_media":100000137384,"comment_status":"closed","ping_status":"closed","template":"","meta":[],"product_brand":[],"product_cat":[84,8638],"product_tag":[],"class_list":{"0":"post-137384","1":"product","2":"type-product","3":"status-publish","4":"has-post-thumbnail","6":"product_cat-huonekalut","7":"product_cat-sangyt-sangynrungot","9":"first","10":"instock","11":"taxable","12":"shipping-taxable","13":"purchasable","14":"product-type-simple"},"_links":{"self":[{"href":"https:\/\/www.otiumhome.fi\/index.php\/wp-json\/wp\/v2\/product\/137384","targetHints":{"allow":["GET"]}}],"collection":[{"href":"https:\/\/www.otiumhome.fi\/index.php\/wp-json\/wp\/v2\/product"}],"about":[{"href":"https:\/\/www.otiumhome.fi\/index.php\/wp-json\/wp\/v2\/types\/product"}],"replies":[{"embeddable":true,"href":"https:\/\/www.otiumhome.fi\/index.php\/wp-json\/wp\/v2\/comments?post=137384"}],"wp:featuredmedia":[{"embeddable":true,"href":"https:\/\/www.otiumhome.fi\/index.php\/wp-json\/"}],"wp:attachment":[{"href":"https:\/\/www.otiumhome.fi\/index.php\/wp-json\/wp\/v2\/media?parent=137384"}],"wp:term":[{"taxonomy":"product_brand","embeddable":true,"href":"https:\/\/www.otiumhome.fi\/index.php\/wp-json\/wp\/v2\/product_brand?post=137384"},{"taxonomy":"product_cat","embeddable":true,"href":"https:\/\/www.otiumhome.fi\/index.php\/wp-json\/wp\/v2\/product_cat?post=137384"},{"taxonomy":"product_tag","embeddable":true,"href":"https:\/\/www.otiumhome.fi\/index.php\/wp-json\/wp\/v2\/product_tag?post=137384"}],"curies":[{"name":"wp","href":"https:\/\/api.w.org\/{rel}","templated":true}]}}