{"id":137253,"date":"2025-01-10T17:11:33","date_gmt":"2025-01-10T17:11:33","guid":{"rendered":"https:\/\/www.otiumhome.fi\/?p=137253"},"modified":"2025-06-06T17:19:59","modified_gmt":"2025-06-06T17:19:59","slug":"sangynrunko-ilman-patjaa-musta-yksivarinen-keinonahka","status":"publish","type":"product","link":"https:\/\/www.otiumhome.fi\/index.php\/tuote\/sangynrunko-ilman-patjaa-musta-yksivarinen-keinonahka\/","title":{"rendered":"-s\u00e4ngynrunko ilman patjaa, musta yksiv\u00e4rinen keinonahka"},"content":{"rendered":"<p>Saat paremmat rauhalliset y\u00f6unet t\u00e4m\u00e4n s\u00e4ngynrungon ansiosta! Se on tervetullut lis\u00e4 mihin tahansa makuuhuoneeseen.<\/p>\n<\/p>\n<ul>\n<li>Pitk\u00e4ik\u00e4inen ja helppohoitoinen: Keinonahka on eritt\u00e4in kest\u00e4v\u00e4 materiaali, joka kest\u00e4\u00e4 tahroja, joten se on helppo puhdistaa kostealla liinalla. Sen sile\u00e4 pintaa antaa sille elegantin tyylin, joka muistuttaa aitoa nahkaa.<\/li>\n<li>S\u00e4leet optimaaliseen tukeen: T\u00e4ss\u00e4 s\u00e4ngynrungossa on s\u00e4leet, jotka tarjoavat t\u00e4rke\u00e4n tuen ja hengitt\u00e4vyyden patjallesi.<\/li>\n<li>Vakaat ja kest\u00e4v\u00e4t jalat: T\u00e4m\u00e4 s\u00e4nky on tuettu tukevilla jaloilla, taaten vakauden, turvallisuuden ja j\u00e4m\u00e4kkyyden.<\/li>\n<\/ul>\n<p>Hyv\u00e4 tiet\u00e4\u00e4:<\/p>\n<ul>\n<li>Patja ei sis\u00e4lly t\u00e4h\u00e4n s\u00e4nkyyn. Tarjoamme monipuolisen valikoiman patjoja, jotka l\u00f6yd\u00e4t tarkistamalla myym\u00e4l\u00e4mme valikoiman.<\/li>\n<\/ul>\n<ul>\n<li>V\u00e4ri: Musta<\/li>\n<li>Materiaali: Keinonahka (75% polyvinyylikloridi, 5% puuvilla, 20% polyesteri), vaneri, valmistettu puu<\/li>\n<li>Mitat: 190 x 90 x 46 cm (P x L x K)<\/li>\n<li>Sopiva patjan koko: 90 x 190 cm (Single) (L x P) (patja ei mukana)<\/li>\n<li>Paksut muovijalat<\/li>\n<li>Asennus vaaditaan: Kyll\u00e4<\/li>\n<\/ul>\n","protected":false},"excerpt":{"rendered":"<ul>\n<li>V\u00e4ri: Musta<\/li>\n<li>Materiaali: Keinonahka (75% polyvinyylikloridi, 5% puuvilla, 20% polyesteri), vaneri, valmistettu puu<\/li>\n<li>Mitat: 190 x 90 x 46 cm (P x L x K)<\/li>\n<li>Sopiva patjan koko: 90 x 190 cm (Single) (L x P) (patja ei mukana)<\/li>\n<li>Paksut muovijalat<\/li>\n<li>Asennus vaaditaan: Kyll\u00e4<\/li>\n<\/ul>\n","protected":false},"featured_media":100000137253,"comment_status":"closed","ping_status":"closed","template":"","meta":[],"product_brand":[],"product_cat":[84,8638],"product_tag":[],"class_list":{"0":"post-137253","1":"product","2":"type-product","3":"status-publish","4":"has-post-thumbnail","6":"product_cat-huonekalut","7":"product_cat-sangyt-sangynrungot","9":"first","10":"instock","11":"taxable","12":"shipping-taxable","13":"purchasable","14":"product-type-simple"},"_links":{"self":[{"href":"https:\/\/www.otiumhome.fi\/index.php\/wp-json\/wp\/v2\/product\/137253","targetHints":{"allow":["GET"]}}],"collection":[{"href":"https:\/\/www.otiumhome.fi\/index.php\/wp-json\/wp\/v2\/product"}],"about":[{"href":"https:\/\/www.otiumhome.fi\/index.php\/wp-json\/wp\/v2\/types\/product"}],"replies":[{"embeddable":true,"href":"https:\/\/www.otiumhome.fi\/index.php\/wp-json\/wp\/v2\/comments?post=137253"}],"wp:featuredmedia":[{"embeddable":true,"href":"https:\/\/www.otiumhome.fi\/index.php\/wp-json\/"}],"wp:attachment":[{"href":"https:\/\/www.otiumhome.fi\/index.php\/wp-json\/wp\/v2\/media?parent=137253"}],"wp:term":[{"taxonomy":"product_brand","embeddable":true,"href":"https:\/\/www.otiumhome.fi\/index.php\/wp-json\/wp\/v2\/product_brand?post=137253"},{"taxonomy":"product_cat","embeddable":true,"href":"https:\/\/www.otiumhome.fi\/index.php\/wp-json\/wp\/v2\/product_cat?post=137253"},{"taxonomy":"product_tag","embeddable":true,"href":"https:\/\/www.otiumhome.fi\/index.php\/wp-json\/wp\/v2\/product_tag?post=137253"}],"curies":[{"name":"wp","href":"https:\/\/api.w.org\/{rel}","templated":true}]}}