{"id":137089,"date":"2025-01-06T05:20:48","date_gmt":"2025-01-06T05:20:48","guid":{"rendered":"https:\/\/www.otiumhome.fi\/?p=137089"},"modified":"2025-09-30T00:07:24","modified_gmt":"2025-09-30T00:07:24","slug":"poytalevy-100x50x25-cm-tayspuu-manty-soikea","status":"publish","type":"product","link":"https:\/\/www.otiumhome.fi\/index.php\/tuote\/poytalevy-100x50x25-cm-tayspuu-manty-soikea\/","title":{"rendered":"P\u00f6yt\u00e4levy 100x50x2,5 cm T\u00e4yspuu M\u00e4nty Soikea"},"content":{"rendered":"<p>Anna p\u00f6yd\u00e4llesi uusi el\u00e4m\u00e4 t\u00e4ll\u00e4 puisella p\u00f6yt\u00e4levyll\u00e4. Se on erinomainen ratkaisu p\u00f6yd\u00e4n pirist\u00e4miseen kotona tai kaupallisessa ymp\u00e4rist\u00f6ss\u00e4, kuten ravintolassa, kahvilassa, hotellissa jne.<\/p>\n<\/p>\n<ul>\n<li>Kest\u00e4v\u00e4 materiaali: Massiivim\u00e4nty on kaunis luonnonmateriaali. M\u00e4nnyll\u00e4 on suora syykuvio, ja oksat antavat materiaalille sen tunnusomaisen, maalaismaisen ilmeen.<\/li>\n<li>Monipuolinen p\u00f6yt\u00e4levy: T\u00e4t\u00e4 puista p\u00f6yt\u00e4levy\u00e4 voidaan k\u00e4ytt\u00e4\u00e4 sohvap\u00f6ytin\u00e4, sivup\u00f6ytin\u00e4, baarip\u00f6ytin\u00e4, puhelinp\u00f6ytin\u00e4, konsolip\u00f6ytin\u00e4, y\u00f6p\u00f6ytin\u00e4 tai huonekalulevyin\u00e4. Voit my\u00f6s yhdist\u00e4\u00e4 t\u00e4m\u00e4n p\u00f6yt\u00e4levyn mihin tahansa tyyliteltyihin jalkoihin tarpeidesi mukaan.<\/li>\n<li>K\u00e4sittelem\u00e4t\u00f6n pinta: Koska vaihtop\u00f6yt\u00e4levy on valmistettu massiivim\u00e4nnyst\u00e4 ilman viimeistely\u00e4, voit s\u00e4ilytt\u00e4\u00e4 sen luonnollisen v\u00e4rin, mutta voit my\u00f6s maalata tai lakata sen mieltymystesi mukaan.<\/li>\n<\/ul>\n<p>Hyv\u00e4 tiet\u00e4\u00e4:<\/p>\n<ul>\n<li>Jokainen tuote on ainutlaatuinen, ja sen v\u00e4rit ja syykuviot vaihtelevat. Toimitus on satunnainen, mik\u00e4 varmistaa tuotteesi ainutlaatuisuuden ja yksil\u00f6llisyyden.<\/li>\n<\/ul>\n<ul>\n<li>Materiaali: Massiivim\u00e4nty (k\u00e4sittelem\u00e4t\u00f6n)<\/li>\n<li>Mitat: 100 x 50 x 2,5 cm (P x L x Paksuus)<\/li>\n<\/ul>\n","protected":false},"excerpt":{"rendered":"<ul>\n<li>Materiaali: Massiivim\u00e4nty (k\u00e4sittelem\u00e4t\u00f6n)<\/li>\n<li>Mitat: 100 x 50 x 2,5 cm (P x L x Paksuus)<\/li>\n<\/ul>\n","protected":false},"featured_media":100000137089,"comment_status":"closed","ping_status":"closed","template":"","meta":[],"product_brand":[],"product_cat":[84,8578],"product_tag":[],"class_list":{"0":"post-137089","1":"product","2":"type-product","3":"status-publish","4":"has-post-thumbnail","6":"product_cat-huonekalut","7":"product_cat-poytalevyt","9":"first","10":"instock","11":"taxable","12":"shipping-taxable","13":"purchasable","14":"product-type-simple"},"_links":{"self":[{"href":"https:\/\/www.otiumhome.fi\/index.php\/wp-json\/wp\/v2\/product\/137089","targetHints":{"allow":["GET"]}}],"collection":[{"href":"https:\/\/www.otiumhome.fi\/index.php\/wp-json\/wp\/v2\/product"}],"about":[{"href":"https:\/\/www.otiumhome.fi\/index.php\/wp-json\/wp\/v2\/types\/product"}],"replies":[{"embeddable":true,"href":"https:\/\/www.otiumhome.fi\/index.php\/wp-json\/wp\/v2\/comments?post=137089"}],"wp:featuredmedia":[{"embeddable":true,"href":"https:\/\/www.otiumhome.fi\/index.php\/wp-json\/"}],"wp:attachment":[{"href":"https:\/\/www.otiumhome.fi\/index.php\/wp-json\/wp\/v2\/media?parent=137089"}],"wp:term":[{"taxonomy":"product_brand","embeddable":true,"href":"https:\/\/www.otiumhome.fi\/index.php\/wp-json\/wp\/v2\/product_brand?post=137089"},{"taxonomy":"product_cat","embeddable":true,"href":"https:\/\/www.otiumhome.fi\/index.php\/wp-json\/wp\/v2\/product_cat?post=137089"},{"taxonomy":"product_tag","embeddable":true,"href":"https:\/\/www.otiumhome.fi\/index.php\/wp-json\/wp\/v2\/product_tag?post=137089"}],"curies":[{"name":"wp","href":"https:\/\/api.w.org\/{rel}","templated":true}]}}