{"id":137072,"date":"2025-01-06T02:34:57","date_gmt":"2025-01-06T02:34:57","guid":{"rendered":"https:\/\/www.otiumhome.fi\/?p=137072"},"modified":"2025-06-06T16:20:42","modified_gmt":"2025-06-06T16:20:42","slug":"poytalevy-taysi-akaasiapuu-pyorea-25-27-mm-60-cm","status":"publish","type":"product","link":"https:\/\/www.otiumhome.fi\/index.php\/tuote\/poytalevy-taysi-akaasiapuu-pyorea-25-27-mm-60-cm\/","title":{"rendered":"P\u00f6yt\u00e4levy t\u00e4ysi akaasiapuu py\u00f6re\u00e4 25-27 mm 60 cm"},"content":{"rendered":"<p>Anna p\u00f6yd\u00e4llesi uusi el\u00e4m\u00e4 puusta valmistetulla p\u00f6yt\u00e4levyll\u00e4. Se on upea ratkaisu, mik\u00e4li haluat p\u00e4ivitt\u00e4\u00e4 vanhan p\u00f6yt\u00e4si kotona, voit my\u00f6s k\u00e4ytt\u00e4\u00e4 sit\u00e4 kaupallisissa k\u00e4ytt\u00f6tarkoituksissa, kuten ravintoloissa, kahviloissa, hotelleissa jne.<\/p>\n<\/p>\n<p>P\u00f6yt\u00e4levymme on valmistettu t\u00e4ydest\u00e4 akaasiapuusta. T\u00e4ysi akaasia on kaunis luonnonmateriaali. Akaasiapuu on trooppinen lehtipuu, joka tihe\u00e4, tukevat ja kest\u00e4v\u00e4 materiaali. Siksi se on my\u00f6s kest\u00e4v\u00e4 ja helppo puhdistaa kostealla liinalla. Yksinkertaisella ja puhtaalla ilmeell\u00e4 varustettu p\u00f6yt\u00e4taso lis\u00e4\u00e4 maalaismaista charmia ruokailutilaasi. Lis\u00e4ksi voit yhdist\u00e4\u00e4 t\u00e4m\u00e4n levyn mink\u00e4 tahansa tyylisiin jalkoihin tarpeidesi mukaan.<\/p>\n<\/p>\n<p>T\u00e4rke\u00e4 huomio: V\u00e4rit saattavat vaihdella kappaleittain, jokainen p\u00f6yt\u00e4levymme on t\u00e4ten ainutlaatuinen. Toimitus on satunnainen.<\/p>\n<ul>\n<li>Materiaali: t\u00e4ysi akaasiapuu hunajan ruskealla viimeistelyll\u00e4<\/li>\n<li>Halkaisija: 60 cm<\/li>\n<li>Paksuus: 25 &#8211; 27 mm<\/li>\n<li>Kaksi puutukea<\/li>\n<li>Viimeistely: kiillotettu, maalattu ja lakattu<\/li>\n<\/ul>\n","protected":false},"excerpt":{"rendered":"<ul>\n<li>Materiaali: t\u00e4ysi akaasiapuu hunajan ruskealla viimeistelyll\u00e4<\/li>\n<li>Halkaisija: 60 cm<\/li>\n<li>Paksuus: 25 &#8211; 27 mm<\/li>\n<li>Kaksi puutukea<\/li>\n<li>Viimeistely: kiillotettu, maalattu ja lakattu<\/li>\n<\/ul>\n","protected":false},"featured_media":100000137072,"comment_status":"closed","ping_status":"closed","template":"","meta":[],"product_brand":[],"product_cat":[84,8578],"product_tag":[],"class_list":{"0":"post-137072","1":"product","2":"type-product","3":"status-publish","4":"has-post-thumbnail","6":"product_cat-huonekalut","7":"product_cat-poytalevyt","9":"first","10":"instock","11":"taxable","12":"shipping-taxable","13":"purchasable","14":"product-type-simple"},"_links":{"self":[{"href":"https:\/\/www.otiumhome.fi\/index.php\/wp-json\/wp\/v2\/product\/137072","targetHints":{"allow":["GET"]}}],"collection":[{"href":"https:\/\/www.otiumhome.fi\/index.php\/wp-json\/wp\/v2\/product"}],"about":[{"href":"https:\/\/www.otiumhome.fi\/index.php\/wp-json\/wp\/v2\/types\/product"}],"replies":[{"embeddable":true,"href":"https:\/\/www.otiumhome.fi\/index.php\/wp-json\/wp\/v2\/comments?post=137072"}],"wp:featuredmedia":[{"embeddable":true,"href":"https:\/\/www.otiumhome.fi\/index.php\/wp-json\/"}],"wp:attachment":[{"href":"https:\/\/www.otiumhome.fi\/index.php\/wp-json\/wp\/v2\/media?parent=137072"}],"wp:term":[{"taxonomy":"product_brand","embeddable":true,"href":"https:\/\/www.otiumhome.fi\/index.php\/wp-json\/wp\/v2\/product_brand?post=137072"},{"taxonomy":"product_cat","embeddable":true,"href":"https:\/\/www.otiumhome.fi\/index.php\/wp-json\/wp\/v2\/product_cat?post=137072"},{"taxonomy":"product_tag","embeddable":true,"href":"https:\/\/www.otiumhome.fi\/index.php\/wp-json\/wp\/v2\/product_tag?post=137072"}],"curies":[{"name":"wp","href":"https:\/\/api.w.org\/{rel}","templated":true}]}}