{"id":136979,"date":"2025-01-05T08:51:24","date_gmt":"2025-01-05T08:51:24","guid":{"rendered":"https:\/\/www.otiumhome.fi\/?p=136979"},"modified":"2025-06-06T15:42:23","modified_gmt":"2025-06-06T15:42:23","slug":"tyopoyta-hyllyilla-vanhaa-puuta-84x40x78-cm-tekninen-puu","status":"publish","type":"product","link":"https:\/\/www.otiumhome.fi\/index.php\/tuote\/tyopoyta-hyllyilla-vanhaa-puuta-84x40x78-cm-tekninen-puu\/","title":{"rendered":"Ty\u00f6p\u00f6yt\u00e4 hyllyill\u00e4 vanhaa puuta 84x40x78 cm tekninen puu"},"content":{"rendered":"<p>T\u00e4m\u00e4 hyllyllinen kirjoitusp\u00f6yt\u00e4 on tarkoitettu k\u00e4yt\u00e4nn\u00f6lliseksi ja koristeelliseksi valinnaksi asuintilaasi!<\/p>\n<\/p>\n<ul>\n<li>Vakaa ja kest\u00e4v\u00e4 materiaali: Tekninen puu on kest\u00e4v\u00e4 ja vakaa materiaali, jonka sile\u00e4 pinta kest\u00e4\u00e4 kosteutta, v\u00e4\u00e4ntymist\u00e4 ja halkeilua, joten se on luotettava valinta erilaisiin projekteihin.<\/li>\n<li>Leve\u00e4 ty\u00f6skentelyalue: T\u00e4m\u00e4 toimistop\u00f6yt\u00e4 tarjoaa riitt\u00e4v\u00e4sti ty\u00f6tilaa tarvikkeillesi, kuten n\u00e4yt\u00f6ille, p\u00f6yt\u00e4valaisimille, kirjoille, tiedostoille jne.<\/li>\n<li>Runsaasti s\u00e4ilytystilaa: Tietokonep\u00f6yd\u00e4ss\u00e4 on monipuolinen s\u00e4ilytysmuotoilu sek\u00e4 s\u00e4ilytyslokerot erilaisiin s\u00e4ilytystarpeisiin, jotka pit\u00e4v\u00e4t tilan j\u00e4rjestyksess\u00e4 ja puhtaana.<\/li>\n<li>Monipuoliset sovellukset: T\u00e4ss\u00e4 ty\u00f6p\u00f6yd\u00e4ss\u00e4 on ajaton muotoilu, joka sopii monenlaiseen sisustukseen ja sopii ty\u00f6huoneeseen, makuuhuoneeseen, olohuoneeseen ja toimistoon.<\/li>\n<li>Helppo huoltaa: Sile\u00e4n pinnan ansiosta kaluste on helppo puhdistaa kostealla liinalla ja se tarvitsee vain v\u00e4h\u00e4ist\u00e4 huoltoa.<\/li>\n<\/ul>\n<p>Varoitus:<\/p>\n<ul>\n<li>Kaatumisen est\u00e4miseksi t\u00e4t\u00e4 tuotetta on k\u00e4ytett\u00e4v\u00e4 sein\u00e4kiinnityslaitteen kanssa.<\/li>\n<\/ul>\n<ul>\n<li>V\u00e4ri: Vanha puu<\/li>\n<li>Materiaali: Tekninen puu<\/li>\n<li>Kokonaismitat: 84 x 40 x 78 cm (P x L x K)<\/li>\n<li>Ty\u00f6p\u00f6yd\u00e4n koko: 56,5 x 38 cm (P x L)<\/li>\n<li>P\u00f6yd\u00e4n korkeus: 71,5 cm<\/li>\n<li>Asennus vaaditaan: Kyll\u00e4<\/li>\n<\/ul>\n","protected":false},"excerpt":{"rendered":"<ul>\n<li>V\u00e4ri: Vanha puu<\/li>\n<li>Materiaali: Tekninen puu<\/li>\n<li>Kokonaismitat: 84 x 40 x 78 cm (P x L x K)<\/li>\n<li>Ty\u00f6p\u00f6yd\u00e4n koko: 56,5 x 38 cm (P x L)<\/li>\n<li>P\u00f6yd\u00e4n korkeus: 71,5 cm<\/li>\n<li>Asennus vaaditaan: Kyll\u00e4<\/li>\n<\/ul>\n","protected":false},"featured_media":100000136979,"comment_status":"closed","ping_status":"closed","template":"","meta":[],"product_brand":[],"product_cat":[84,8551],"product_tag":[],"class_list":{"0":"post-136979","1":"product","2":"type-product","3":"status-publish","4":"has-post-thumbnail","6":"product_cat-huonekalut","7":"product_cat-kirjoituspoydat","9":"first","10":"instock","11":"taxable","12":"shipping-taxable","13":"purchasable","14":"product-type-simple"},"_links":{"self":[{"href":"https:\/\/www.otiumhome.fi\/index.php\/wp-json\/wp\/v2\/product\/136979","targetHints":{"allow":["GET"]}}],"collection":[{"href":"https:\/\/www.otiumhome.fi\/index.php\/wp-json\/wp\/v2\/product"}],"about":[{"href":"https:\/\/www.otiumhome.fi\/index.php\/wp-json\/wp\/v2\/types\/product"}],"replies":[{"embeddable":true,"href":"https:\/\/www.otiumhome.fi\/index.php\/wp-json\/wp\/v2\/comments?post=136979"}],"wp:featuredmedia":[{"embeddable":true,"href":"https:\/\/www.otiumhome.fi\/index.php\/wp-json\/"}],"wp:attachment":[{"href":"https:\/\/www.otiumhome.fi\/index.php\/wp-json\/wp\/v2\/media?parent=136979"}],"wp:term":[{"taxonomy":"product_brand","embeddable":true,"href":"https:\/\/www.otiumhome.fi\/index.php\/wp-json\/wp\/v2\/product_brand?post=136979"},{"taxonomy":"product_cat","embeddable":true,"href":"https:\/\/www.otiumhome.fi\/index.php\/wp-json\/wp\/v2\/product_cat?post=136979"},{"taxonomy":"product_tag","embeddable":true,"href":"https:\/\/www.otiumhome.fi\/index.php\/wp-json\/wp\/v2\/product_tag?post=136979"}],"curies":[{"name":"wp","href":"https:\/\/api.w.org\/{rel}","templated":true}]}}