{"id":136722,"date":"2025-01-03T17:15:46","date_gmt":"2025-01-03T17:15:46","guid":{"rendered":"https:\/\/www.otiumhome.fi\/?p=136722"},"modified":"2025-06-06T18:05:30","modified_gmt":"2025-06-06T18:05:30","slug":"sangynrunko-ilman-patjaa-140x200-cm-sonoma-tammi-tekninen-puu","status":"publish","type":"product","link":"https:\/\/www.otiumhome.fi\/index.php\/tuote\/sangynrunko-ilman-patjaa-140x200-cm-sonoma-tammi-tekninen-puu\/","title":{"rendered":"S\u00e4ngynrunko ilman patjaa 140&#215;200 cm Sonoma-tammi tekninen puu"},"content":{"rendered":"<p>Jos etsit vankkaa s\u00e4ngynrunkoa makuuhuoneeseesi, niin t\u00e4m\u00e4 klassinen tyylikk\u00e4\u00e4sti ja ajattomasti muotoiltu s\u00e4ngynrunko on t\u00e4ydellinen valinta sinulle!<\/p>\n<\/p>\n<ul>\n<li>Vankka metallirakenne: S\u00e4ngynrunko on valmistettu ter\u00e4ksest\u00e4. Ter\u00e4s on poikkeuksellisen kova ja vahva materiaali, joka tarjoaa erinomaisen tukevuuden ja vakauden.<\/li>\n<li>Vakaat ja kest\u00e4v\u00e4t jalat: T\u00e4ss\u00e4 s\u00e4ngyss\u00e4 on tukevat jalat, jotka takaavat vakauden, turvallisuuden ja lujuuden.<\/li>\n<li>Toimivat s\u00e4ngynp\u00e4\u00e4dyt: S\u00e4ngynrungon s\u00e4ngynp\u00e4\u00e4ty ja jalkop\u00e4\u00e4ty pit\u00e4v\u00e4t patjan paikoillaan. Lis\u00e4ksi s\u00e4ngynp\u00e4\u00e4ty tarjoaa sinulle erinomaisen selk\u00e4tuen s\u00e4ngyll\u00e4 istuen lukiessasi tai televisiota katsellessasi.<\/li>\n<li>S\u00e4lepohja optimaaliseen tukeen: S\u00e4ngyn runko on varustettu s\u00e4lepohjalla, joka tukee patjaasi ja on hengitt\u00e4v\u00e4.<\/li>\n<\/ul>\n<p>Hyv\u00e4 tiet\u00e4\u00e4:<\/p>\n<ul>\n<li>Patja ei sis\u00e4lly t\u00e4h\u00e4n s\u00e4nkyyn. Tarjoamme erilaisia patjoja. Voit tarkistaa myym\u00e4l\u00e4st\u00e4mme sopivan patjan.<\/li>\n<\/ul>\n<ul>\n<li>V\u00e4ri: Sonoma-tammi<\/li>\n<li>Materiaali: ter\u00e4s, lastulevy<\/li>\n<li>Kokonaismitat: 207 x 146 x 100 cm (P x L x K)<\/li>\n<li>Vapaa korkeus s\u00e4ngyn alla: 27 cm<\/li>\n<li>Sopiva patjan koko: 140 x 200 cm (L x P) (patja ei mukana)<\/li>\n<li>P\u00e4\u00e4tylevyll\u00e4<\/li>\n<li>Asennus vaaditaan: Kyll\u00e4<\/li>\n<\/ul>\n","protected":false},"excerpt":{"rendered":"<ul>\n<li>V\u00e4ri: Sonoma-tammi<\/li>\n<li>Materiaali: ter\u00e4s, lastulevy<\/li>\n<li>Kokonaismitat: 207 x 146 x 100 cm (P x L x K)<\/li>\n<li>Vapaa korkeus s\u00e4ngyn alla: 27 cm<\/li>\n<li>Sopiva patjan koko: 140 x 200 cm (L x P) (patja ei mukana)<\/li>\n<li>P\u00e4\u00e4tylevyll\u00e4<\/li>\n<li>Asennus vaaditaan: Kyll\u00e4<\/li>\n<\/ul>\n","protected":false},"featured_media":100000136722,"comment_status":"closed","ping_status":"closed","template":"","meta":[],"product_brand":[],"product_cat":[84,8638],"product_tag":[],"class_list":{"0":"post-136722","1":"product","2":"type-product","3":"status-publish","4":"has-post-thumbnail","6":"product_cat-huonekalut","7":"product_cat-sangyt-sangynrungot","9":"first","10":"instock","11":"taxable","12":"shipping-taxable","13":"purchasable","14":"product-type-simple"},"_links":{"self":[{"href":"https:\/\/www.otiumhome.fi\/index.php\/wp-json\/wp\/v2\/product\/136722","targetHints":{"allow":["GET"]}}],"collection":[{"href":"https:\/\/www.otiumhome.fi\/index.php\/wp-json\/wp\/v2\/product"}],"about":[{"href":"https:\/\/www.otiumhome.fi\/index.php\/wp-json\/wp\/v2\/types\/product"}],"replies":[{"embeddable":true,"href":"https:\/\/www.otiumhome.fi\/index.php\/wp-json\/wp\/v2\/comments?post=136722"}],"wp:featuredmedia":[{"embeddable":true,"href":"https:\/\/www.otiumhome.fi\/index.php\/wp-json\/"}],"wp:attachment":[{"href":"https:\/\/www.otiumhome.fi\/index.php\/wp-json\/wp\/v2\/media?parent=136722"}],"wp:term":[{"taxonomy":"product_brand","embeddable":true,"href":"https:\/\/www.otiumhome.fi\/index.php\/wp-json\/wp\/v2\/product_brand?post=136722"},{"taxonomy":"product_cat","embeddable":true,"href":"https:\/\/www.otiumhome.fi\/index.php\/wp-json\/wp\/v2\/product_cat?post=136722"},{"taxonomy":"product_tag","embeddable":true,"href":"https:\/\/www.otiumhome.fi\/index.php\/wp-json\/wp\/v2\/product_tag?post=136722"}],"curies":[{"name":"wp","href":"https:\/\/api.w.org\/{rel}","templated":true}]}}