{"id":136175,"date":"2025-01-01T07:15:27","date_gmt":"2025-01-01T07:15:27","guid":{"rendered":"https:\/\/www.otiumhome.fi\/?p=136175"},"modified":"2025-06-06T16:10:34","modified_gmt":"2025-06-06T16:10:34","slug":"patjansuoja-valkoinen-80x200-cm-vedenpitava","status":"publish","type":"product","link":"https:\/\/www.otiumhome.fi\/index.php\/tuote\/patjansuoja-valkoinen-80x200-cm-vedenpitava\/","title":{"rendered":"Patjansuoja valkoinen 80&#215;200 cm Vedenpit\u00e4v\u00e4"},"content":{"rendered":"<p>T\u00e4m\u00e4 patjansuoja suojaa patjaasi tahroilta ja lialta ja pident\u00e4\u00e4 sen k\u00e4ytt\u00f6ik\u00e4\u00e4.<\/p>\n<\/p>\n<ul>\n<li>Eritt\u00e4in pehme\u00e4 ja hengitt\u00e4v\u00e4: T\u00e4m\u00e4 vedenpit\u00e4v\u00e4 patjasuoja on valmistettu hengitt\u00e4v\u00e4st\u00e4 polyesterist\u00e4, joka on pehme\u00e4 ja ihoyst\u00e4v\u00e4llinen kangas.<\/li>\n<li>Vedenpit\u00e4v\u00e4 ja \u00e4\u00e4net\u00f6n: Lakanassa on 100 % vedenpit\u00e4v\u00e4 TPU (termoplastinen polyuretaani) tausta, joka suojaa patjaasi roiskeilta, nesteilt\u00e4 ja tahroilta, joten se sopii ihanteellisesti koteihin, joissa on lapsia, lemmikkej\u00e4, vanhuksia tai inkontinenssi.<\/li>\n<li>Pysy paikallaan: Joustavat olkaimet nelj\u00e4ss\u00e4 kulmassa varmistavat tiukan istuvuuden patjaasi pit\u00e4en sen tukevasti paikallaan.<\/li>\n<li>Helppohoitoinen ja konepest\u00e4v\u00e4: T\u00e4m\u00e4 patjan p\u00e4\u00e4llinen on helppo pest\u00e4 koneessa 30\u00b0C:ssa, mik\u00e4 helpottaa huoltoa.<\/li>\n<\/ul>\n<ul>\n<li>V\u00e4ri: Valkoinen<\/li>\n<li>Materiaali: Kangas (100% polyesteri) TPU-taustalla<\/li>\n<li>Koko: 80 x 200 cm (L x P)<\/li>\n<li>Joustavat olkaimet nelj\u00e4ss\u00e4 kulmassa<\/li>\n<li>Vedenpit\u00e4v\u00e4<\/li>\n<li>Konepest\u00e4v\u00e4 30 \u00b0C asti<\/li>\n<\/ul>\n","protected":false},"excerpt":{"rendered":"<ul>\n<li>V\u00e4ri: Valkoinen<\/li>\n<li>Materiaali: Kangas (100% polyesteri) TPU-taustalla<\/li>\n<li>Koko: 80 x 200 cm (L x P)<\/li>\n<li>Joustavat olkaimet nelj\u00e4ss\u00e4 kulmassa<\/li>\n<li>Vedenpit\u00e4v\u00e4<\/li>\n<li>Konepest\u00e4v\u00e4 30 \u00b0C asti<\/li>\n<\/ul>\n","protected":false},"featured_media":100000136175,"comment_status":"closed","ping_status":"closed","template":"","meta":[],"product_brand":[],"product_cat":[84,8570],"product_tag":[],"class_list":{"0":"post-136175","1":"product","2":"type-product","3":"status-publish","4":"has-post-thumbnail","6":"product_cat-huonekalut","7":"product_cat-patjat","9":"first","10":"instock","11":"taxable","12":"shipping-taxable","13":"purchasable","14":"product-type-simple"},"_links":{"self":[{"href":"https:\/\/www.otiumhome.fi\/index.php\/wp-json\/wp\/v2\/product\/136175","targetHints":{"allow":["GET"]}}],"collection":[{"href":"https:\/\/www.otiumhome.fi\/index.php\/wp-json\/wp\/v2\/product"}],"about":[{"href":"https:\/\/www.otiumhome.fi\/index.php\/wp-json\/wp\/v2\/types\/product"}],"replies":[{"embeddable":true,"href":"https:\/\/www.otiumhome.fi\/index.php\/wp-json\/wp\/v2\/comments?post=136175"}],"wp:featuredmedia":[{"embeddable":true,"href":"https:\/\/www.otiumhome.fi\/index.php\/wp-json\/"}],"wp:attachment":[{"href":"https:\/\/www.otiumhome.fi\/index.php\/wp-json\/wp\/v2\/media?parent=136175"}],"wp:term":[{"taxonomy":"product_brand","embeddable":true,"href":"https:\/\/www.otiumhome.fi\/index.php\/wp-json\/wp\/v2\/product_brand?post=136175"},{"taxonomy":"product_cat","embeddable":true,"href":"https:\/\/www.otiumhome.fi\/index.php\/wp-json\/wp\/v2\/product_cat?post=136175"},{"taxonomy":"product_tag","embeddable":true,"href":"https:\/\/www.otiumhome.fi\/index.php\/wp-json\/wp\/v2\/product_tag?post=136175"}],"curies":[{"name":"wp","href":"https:\/\/api.w.org\/{rel}","templated":true}]}}