{"id":136148,"date":"2025-01-01T04:28:49","date_gmt":"2025-01-01T04:28:49","guid":{"rendered":"https:\/\/www.otiumhome.fi\/?p=136148"},"modified":"2025-09-10T01:20:55","modified_gmt":"2025-09-10T01:20:55","slug":"kirjahylly-3-tasoinen-kasityolainen-tammi-tekninen-puu","status":"publish","type":"product","link":"https:\/\/www.otiumhome.fi\/index.php\/tuote\/kirjahylly-3-tasoinen-kasityolainen-tammi-tekninen-puu\/","title":{"rendered":"kirjahylly 3-tasoinen k\u00e4sity\u00f6l\u00e4inen tammi tekninen puu"},"content":{"rendered":"<p>T\u00e4m\u00e4 kirjahylly tarjoaa t\u00e4ydellisen ratkaisun kirjojen j\u00e4rjest\u00e4miseen ja toimii samalla tyylikk\u00e4\u00e4n\u00e4 ja toimivana lis\u00e4n\u00e4 kotisi sisustukseen.<\/p>\n<\/p>\n<ul>\n<li>Vakaa ja kest\u00e4v\u00e4 materiaali: Tekopuusta valmistettu materiaali on kest\u00e4v\u00e4 ja vakaa, sen sile\u00e4 pinta kest\u00e4\u00e4 kosteutta, v\u00e4\u00e4ntymist\u00e4 ja halkeilua, mik\u00e4 tekee siit\u00e4 luotettavan valinnan moniin projekteihin.<\/li>\n<li>3-tasoinen kirjahylly: T\u00e4m\u00e4 kirjahylly on muotoiltu kolmitasoiseksi. Se tarjoaa runsaasti tilaa kirjojen, perhevalokuvien, ruukkukasvien ja muiden esille panoon, mik\u00e4 tekee tiloistasi tyylikk\u00e4\u00e4mm\u00e4t ja siistimm\u00e4t.<\/li>\n<li>Erilaisia k\u00e4ytt\u00f6tarkoituksia: T\u00e4m\u00e4 kirjahylly sopii ihanteellisesti kirjakokoelmallesi. Sit\u00e4 voidaan k\u00e4ytt\u00e4\u00e4 my\u00f6s ker\u00e4ysesineiden, valokuvien, palkintojen, ruukkukasvien ja vastaavien esittelyyn.<\/li>\n<li>K\u00e4yt\u00e4nn\u00f6llinen toppi: Kirjahyllyn tukeva yl\u00e4osa on ihanteellinen pienten esineiden tai koriste-esineiden, kuten maljakoiden tai ruukkukasvien, sijoittamiseen.<\/li>\n<li>Helppo huoltaa: Sile\u00e4n pinnan ansiosta s\u00e4ilytysteline on helppo puhdistaa kostealla liinalla ja vaatii v\u00e4hemm\u00e4n huoltoa.<\/li>\n<\/ul>\n<p>Varoitus:<\/p>\n<ul>\n<li>Kaatumisen est\u00e4miseksi t\u00e4t\u00e4 tuotetta on k\u00e4ytett\u00e4v\u00e4 mukana toimitetun sein\u00e4kiinnityslaitteen kanssa.<\/li>\n<\/ul>\n<ul>\n<li>V\u00e4ri: artisaanitammi<\/li>\n<li>Materiaali: Tekninen puu<\/li>\n<li>Mitat: 60 x 30 x 120 cm (P x L x K)<\/li>\n<li>Asennus vaaditaan: Kyll\u00e4<\/li>\n<\/ul>\n","protected":false},"excerpt":{"rendered":"<ul>\n<li>V\u00e4ri: artisaanitammi<\/li>\n<li>Materiaali: Tekninen puu<\/li>\n<li>Mitat: 60 x 30 x 120 cm (P x L x K)<\/li>\n<li>Asennus vaaditaan: Kyll\u00e4<\/li>\n<\/ul>\n","protected":false},"featured_media":100000136148,"comment_status":"closed","ping_status":"closed","template":"","meta":[],"product_brand":[],"product_cat":[84,8547],"product_tag":[],"class_list":{"0":"post-136148","1":"product","2":"type-product","3":"status-publish","4":"has-post-thumbnail","6":"product_cat-huonekalut","7":"product_cat-kirjahyllyt","9":"first","10":"instock","11":"taxable","12":"shipping-taxable","13":"purchasable","14":"product-type-simple"},"_links":{"self":[{"href":"https:\/\/www.otiumhome.fi\/index.php\/wp-json\/wp\/v2\/product\/136148","targetHints":{"allow":["GET"]}}],"collection":[{"href":"https:\/\/www.otiumhome.fi\/index.php\/wp-json\/wp\/v2\/product"}],"about":[{"href":"https:\/\/www.otiumhome.fi\/index.php\/wp-json\/wp\/v2\/types\/product"}],"replies":[{"embeddable":true,"href":"https:\/\/www.otiumhome.fi\/index.php\/wp-json\/wp\/v2\/comments?post=136148"}],"wp:featuredmedia":[{"embeddable":true,"href":"https:\/\/www.otiumhome.fi\/index.php\/wp-json\/"}],"wp:attachment":[{"href":"https:\/\/www.otiumhome.fi\/index.php\/wp-json\/wp\/v2\/media?parent=136148"}],"wp:term":[{"taxonomy":"product_brand","embeddable":true,"href":"https:\/\/www.otiumhome.fi\/index.php\/wp-json\/wp\/v2\/product_brand?post=136148"},{"taxonomy":"product_cat","embeddable":true,"href":"https:\/\/www.otiumhome.fi\/index.php\/wp-json\/wp\/v2\/product_cat?post=136148"},{"taxonomy":"product_tag","embeddable":true,"href":"https:\/\/www.otiumhome.fi\/index.php\/wp-json\/wp\/v2\/product_tag?post=136148"}],"curies":[{"name":"wp","href":"https:\/\/api.w.org\/{rel}","templated":true}]}}