{"id":135649,"date":"2024-12-21T20:42:55","date_gmt":"2024-12-21T20:42:55","guid":{"rendered":"https:\/\/www.otiumhome.fi\/?p=135649"},"modified":"2025-06-06T19:31:37","modified_gmt":"2025-06-06T19:31:37","slug":"seinakiinnitteinen-viinipulloteline-7-pullolle-musta-metalli","status":"publish","type":"product","link":"https:\/\/www.otiumhome.fi\/index.php\/tuote\/seinakiinnitteinen-viinipulloteline-7-pullolle-musta-metalli\/","title":{"rendered":"Sein\u00e4kiinnitteinen viinipulloteline 7 pullolle musta metalli"},"content":{"rendered":"<p>Yksinkertaisen tyylikk\u00e4\u00e4sti muotoiltu sein\u00e4kiinnitteinen viinipulloteline tuo modernia kosketusta kotiisi.<\/p>\n<\/p>\n<p>Toimitus sis\u00e4lt\u00e4\u00e4 viinipullotelineen, johon mahtuu 7 viinipulloa. Teline on valmistettu metallista, joten se on eritt\u00e4in kest\u00e4v\u00e4 ja helppohoitoinen. Viinipulloteline on my\u00f6s erinomainen lahja viinej\u00e4 rakastaville yst\u00e4ville ja tuttaville. Mukana tulee kiinnitystarvikkeet, joten telineen asentaminen sein\u00e4\u00e4n on helppoa. Tuote on my\u00f6s helppo koota.<\/p>\n<\/p>\n<p>Ota huomioon, ett\u00e4 viinipullot eiv\u00e4t sis\u00e4lly toimitukseen.<\/p>\n<ul>\n<li>V\u00e4ri: musta<\/li>\n<li>Materiaali: metalli<\/li>\n<li>Mitat: 88 x 8 x 72 cm (L x S x K)<\/li>\n<li>Yhden viinitelineen koko: 24 x 8 cm (P x L)<\/li>\n<li>Kokonaispituus: 100 cm<\/li>\n<li>Siihen mahtuu jopa 7 pulloa viini\u00e4 (pullot ei mukana)<\/li>\n<li>Sis\u00e4lt\u00e4\u00e4 asennusmateriaalit<\/li>\n<li>Asennus vaaditaan: kyll\u00e4<\/li>\n<\/ul>\n","protected":false},"excerpt":{"rendered":"<ul>\n<li>V\u00e4ri: musta<\/li>\n<li>Materiaali: metalli<\/li>\n<li>Mitat: 88 x 8 x 72 cm (L x S x K)<\/li>\n<li>Yhden viinitelineen koko: 24 x 8 cm (P x L)<\/li>\n<li>Kokonaispituus: 100 cm<\/li>\n<li>Siihen mahtuu jopa 7 pulloa viini\u00e4 (pullot ei mukana)<\/li>\n<li>Sis\u00e4lt\u00e4\u00e4 asennusmateriaalit<\/li>\n<li>Asennus vaaditaan: kyll\u00e4<\/li>\n<\/ul>\n","protected":false},"featured_media":100000135649,"comment_status":"closed","ping_status":"closed","template":"","meta":[],"product_brand":[],"product_cat":[84,8662],"product_tag":[],"class_list":{"0":"post-135649","1":"product","2":"type-product","3":"status-publish","4":"has-post-thumbnail","6":"product_cat-huonekalut","7":"product_cat-viinitelineet","9":"first","10":"outofstock","11":"taxable","12":"shipping-taxable","13":"purchasable","14":"product-type-simple"},"_links":{"self":[{"href":"https:\/\/www.otiumhome.fi\/index.php\/wp-json\/wp\/v2\/product\/135649","targetHints":{"allow":["GET"]}}],"collection":[{"href":"https:\/\/www.otiumhome.fi\/index.php\/wp-json\/wp\/v2\/product"}],"about":[{"href":"https:\/\/www.otiumhome.fi\/index.php\/wp-json\/wp\/v2\/types\/product"}],"replies":[{"embeddable":true,"href":"https:\/\/www.otiumhome.fi\/index.php\/wp-json\/wp\/v2\/comments?post=135649"}],"wp:featuredmedia":[{"embeddable":true,"href":"https:\/\/www.otiumhome.fi\/index.php\/wp-json\/"}],"wp:attachment":[{"href":"https:\/\/www.otiumhome.fi\/index.php\/wp-json\/wp\/v2\/media?parent=135649"}],"wp:term":[{"taxonomy":"product_brand","embeddable":true,"href":"https:\/\/www.otiumhome.fi\/index.php\/wp-json\/wp\/v2\/product_brand?post=135649"},{"taxonomy":"product_cat","embeddable":true,"href":"https:\/\/www.otiumhome.fi\/index.php\/wp-json\/wp\/v2\/product_cat?post=135649"},{"taxonomy":"product_tag","embeddable":true,"href":"https:\/\/www.otiumhome.fi\/index.php\/wp-json\/wp\/v2\/product_tag?post=135649"}],"curies":[{"name":"wp","href":"https:\/\/api.w.org\/{rel}","templated":true}]}}