{"id":135647,"date":"2024-12-21T20:42:54","date_gmt":"2024-12-21T20:42:54","guid":{"rendered":"https:\/\/www.otiumhome.fi\/?p=135647"},"modified":"2025-06-06T19:31:37","modified_gmt":"2025-06-06T19:31:37","slug":"seinakiinnitteinen-viinipulloteline-18-pullolle-2-kpl-rauta","status":"publish","type":"product","link":"https:\/\/www.otiumhome.fi\/index.php\/tuote\/seinakiinnitteinen-viinipulloteline-18-pullolle-2-kpl-rauta\/","title":{"rendered":"Sein\u00e4kiinnitteinen viinipulloteline 18 pullolle 2 kpl rauta"},"content":{"rendered":"<p>Yksinkertaisen tyylikk\u00e4\u00e4sti muotoiltu sein\u00e4kiinnitteinen viinipulloteline tuo modernia kosketusta kotiisi.<\/p>\n<\/p>\n<p>Toimitus sis\u00e4lt\u00e4\u00e4 2 viinipullotelinett\u00e4, joihin mahtuu 18 viinipulloa. Telineet on valmistettu jauhemaalatusta raudasta, joten ne ovat eritt\u00e4in kest\u00e4vi\u00e4 ja helppohoitoisia. Viinipulloteline on my\u00f6s erinomainen lahja viinej\u00e4 rakastaville yst\u00e4ville ja tuttaville. Mukana tulee kiinnitystarvikkeet, joten telineen asentaminen sein\u00e4\u00e4n on helppoa. Tuote on my\u00f6s helppo koota.<\/p>\n<\/p>\n<p>Ota huomioon, ett\u00e4 viinipullot eiv\u00e4t sis\u00e4lly toimitukseen.<\/p>\n<ul>\n<li>V\u00e4ri: musta<\/li>\n<li>Materiaali: jauhemaalattu rauta<\/li>\n<li>Mitat: 24 x 8 x 95,4 cm (L x S x K)<\/li>\n<li>Siihen mahtuu jopa 18 pulloa viini\u00e4 (pullot ei mukana)<\/li>\n<li>Sis\u00e4lt\u00e4\u00e4 asennusmateriaalit<\/li>\n<li>Asennus vaaditaan: kyll\u00e4<\/li>\n<li><strong>Toimitus sis\u00e4lt\u00e4\u00e4:<\/strong><\/li>\n<li>2 x viinipulloteline<\/li>\n<\/ul>\n","protected":false},"excerpt":{"rendered":"<ul>\n<li>V\u00e4ri: musta<\/li>\n<li>Materiaali: jauhemaalattu rauta<\/li>\n<li>Mitat: 24 x 8 x 95,4 cm (L x S x K)<\/li>\n<li>Siihen mahtuu jopa 18 pulloa viini\u00e4 (pullot ei mukana)<\/li>\n<li>Sis\u00e4lt\u00e4\u00e4 asennusmateriaalit<\/li>\n<li>Asennus vaaditaan: kyll\u00e4<\/li>\n<li><strong>Toimitus sis\u00e4lt\u00e4\u00e4:<\/strong><\/li>\n<li>2 x viinipulloteline<\/li>\n<\/ul>\n","protected":false},"featured_media":100000135647,"comment_status":"closed","ping_status":"closed","template":"","meta":[],"product_brand":[],"product_cat":[84,8662],"product_tag":[],"class_list":{"0":"post-135647","1":"product","2":"type-product","3":"status-publish","4":"has-post-thumbnail","6":"product_cat-huonekalut","7":"product_cat-viinitelineet","9":"first","10":"instock","11":"taxable","12":"shipping-taxable","13":"purchasable","14":"product-type-simple"},"_links":{"self":[{"href":"https:\/\/www.otiumhome.fi\/index.php\/wp-json\/wp\/v2\/product\/135647","targetHints":{"allow":["GET"]}}],"collection":[{"href":"https:\/\/www.otiumhome.fi\/index.php\/wp-json\/wp\/v2\/product"}],"about":[{"href":"https:\/\/www.otiumhome.fi\/index.php\/wp-json\/wp\/v2\/types\/product"}],"replies":[{"embeddable":true,"href":"https:\/\/www.otiumhome.fi\/index.php\/wp-json\/wp\/v2\/comments?post=135647"}],"wp:featuredmedia":[{"embeddable":true,"href":"https:\/\/www.otiumhome.fi\/index.php\/wp-json\/"}],"wp:attachment":[{"href":"https:\/\/www.otiumhome.fi\/index.php\/wp-json\/wp\/v2\/media?parent=135647"}],"wp:term":[{"taxonomy":"product_brand","embeddable":true,"href":"https:\/\/www.otiumhome.fi\/index.php\/wp-json\/wp\/v2\/product_brand?post=135647"},{"taxonomy":"product_cat","embeddable":true,"href":"https:\/\/www.otiumhome.fi\/index.php\/wp-json\/wp\/v2\/product_cat?post=135647"},{"taxonomy":"product_tag","embeddable":true,"href":"https:\/\/www.otiumhome.fi\/index.php\/wp-json\/wp\/v2\/product_tag?post=135647"}],"curies":[{"name":"wp","href":"https:\/\/api.w.org\/{rel}","templated":true}]}}