{"id":135636,"date":"2024-12-21T20:42:51","date_gmt":"2024-12-21T20:42:51","guid":{"rendered":"https:\/\/www.otiumhome.fi\/?p=135636"},"modified":"2025-06-06T19:31:36","modified_gmt":"2025-06-06T19:31:36","slug":"viinipulloteline-30-pullolle-manty","status":"publish","type":"product","link":"https:\/\/www.otiumhome.fi\/index.php\/tuote\/viinipulloteline-30-pullolle-manty\/","title":{"rendered":"Viinipulloteline 30 pullolle m\u00e4nty"},"content":{"rendered":"<p>S\u00e4ilyt\u00e4, ik\u00e4\u00e4nnyt\u00e4 ja esittele viinej\u00e4si tyylikk\u00e4\u00e4sti t\u00e4m\u00e4n puisen viinipullotelineen avulla! Maalaistyylinen muotoilu: Sen yksinkertainen ja puhdas muotoilu lis\u00e4\u00e4 ripauksen maalaischarmia asuintilaasi.<\/p>\n<\/p>\n<p>Viinihyllyyn mahtuu 30 pulloa viini\u00e4. Se on valmistettu t\u00e4ydest\u00e4 m\u00e4nnyst\u00e4 ja on eritt\u00e4in kest\u00e4v\u00e4! Voit s\u00e4ilytt\u00e4\u00e4 sen luonnollisen v\u00e4rin tai lis\u00e4t\u00e4 maalikerroksen tai muun viimeistelyn haluamasi v\u00e4risen\u00e4. Mukana tulevien asennusmateriaalien ansiosta se on helppo koota.<\/p>\n<ul>\n<li>Materiaali: t\u00e4ysi m\u00e4nty<\/li>\n<li>Mitat: 53 x 25 x 86 cm (L x S x K)<\/li>\n<li>Siihen mahtuu jopa 30 pulloa viini\u00e4<\/li>\n<li>Sis\u00e4lt\u00e4\u00e4 asennusmateriaalit<\/li>\n<li>VAROITUS! Kaatumisen est\u00e4miseksi t\u00e4t\u00e4 tuotetta on k\u00e4ytett\u00e4v\u00e4 mukana toimitetun sein\u00e4kiinnityslaitteen kanssa.<\/li>\n<li>Legal Documents:\n<p><span>Lis\u00e4tietoja huonekalujesi kaatumisen est\u00e4misest\u00e4 voit l\u00f6yt\u00e4\u00e4 <span style=\"text-decoration: underline\"><strong><a title=\"https:\/\/bit.ly\/3bVwkQp\" href=\"https:\/\/bit.ly\/3bVwkQp\" target=\"_blank\">t\u00e4\u00e4lt\u00e4<\/a><\/strong><\/span><\/span><\/p>\n<\/li>\n<\/ul>\n","protected":false},"excerpt":{"rendered":"<ul>\n<li>Materiaali: t\u00e4ysi m\u00e4nty<\/li>\n<li>Mitat: 53 x 25 x 86 cm (L x S x K)<\/li>\n<li>Siihen mahtuu jopa 30 pulloa viini\u00e4<\/li>\n<li>Sis\u00e4lt\u00e4\u00e4 asennusmateriaalit<\/li>\n<li>VAROITUS! Kaatumisen est\u00e4miseksi t\u00e4t\u00e4 tuotetta on k\u00e4ytett\u00e4v\u00e4 mukana toimitetun sein\u00e4kiinnityslaitteen kanssa.<\/li>\n<li>Legal Documents:\n<p><span>Lis\u00e4tietoja huonekalujesi kaatumisen est\u00e4misest\u00e4 voit l\u00f6yt\u00e4\u00e4 <span style=\"text-decoration: underline\"><strong><a title=\"https:\/\/bit.ly\/3bVwkQp\" href=\"https:\/\/bit.ly\/3bVwkQp\" target=\"_blank\">t\u00e4\u00e4lt\u00e4<\/a><\/strong><\/span><\/span><\/p>\n<\/li>\n<\/ul>\n","protected":false},"featured_media":100000135636,"comment_status":"closed","ping_status":"closed","template":"","meta":[],"product_brand":[],"product_cat":[84,8662],"product_tag":[],"class_list":{"0":"post-135636","1":"product","2":"type-product","3":"status-publish","4":"has-post-thumbnail","6":"product_cat-huonekalut","7":"product_cat-viinitelineet","9":"first","10":"instock","11":"taxable","12":"shipping-taxable","13":"purchasable","14":"product-type-simple"},"_links":{"self":[{"href":"https:\/\/www.otiumhome.fi\/index.php\/wp-json\/wp\/v2\/product\/135636","targetHints":{"allow":["GET"]}}],"collection":[{"href":"https:\/\/www.otiumhome.fi\/index.php\/wp-json\/wp\/v2\/product"}],"about":[{"href":"https:\/\/www.otiumhome.fi\/index.php\/wp-json\/wp\/v2\/types\/product"}],"replies":[{"embeddable":true,"href":"https:\/\/www.otiumhome.fi\/index.php\/wp-json\/wp\/v2\/comments?post=135636"}],"wp:featuredmedia":[{"embeddable":true,"href":"https:\/\/www.otiumhome.fi\/index.php\/wp-json\/"}],"wp:attachment":[{"href":"https:\/\/www.otiumhome.fi\/index.php\/wp-json\/wp\/v2\/media?parent=135636"}],"wp:term":[{"taxonomy":"product_brand","embeddable":true,"href":"https:\/\/www.otiumhome.fi\/index.php\/wp-json\/wp\/v2\/product_brand?post=135636"},{"taxonomy":"product_cat","embeddable":true,"href":"https:\/\/www.otiumhome.fi\/index.php\/wp-json\/wp\/v2\/product_cat?post=135636"},{"taxonomy":"product_tag","embeddable":true,"href":"https:\/\/www.otiumhome.fi\/index.php\/wp-json\/wp\/v2\/product_tag?post=135636"}],"curies":[{"name":"wp","href":"https:\/\/api.w.org\/{rel}","templated":true}]}}