{"id":135634,"date":"2024-12-21T20:42:51","date_gmt":"2024-12-21T20:42:51","guid":{"rendered":"https:\/\/www.otiumhome.fi\/?p=135634"},"modified":"2025-06-06T19:31:35","modified_gmt":"2025-06-06T19:31:35","slug":"viinipulloteline-16-pullolle-manty","status":"publish","type":"product","link":"https:\/\/www.otiumhome.fi\/index.php\/tuote\/viinipulloteline-16-pullolle-manty\/","title":{"rendered":"Viinipulloteline 16 pullolle m\u00e4nty"},"content":{"rendered":"<p>S\u00e4ilyt\u00e4, ik\u00e4\u00e4nnyt\u00e4 ja esittele viinej\u00e4si tyylikk\u00e4\u00e4sti t\u00e4m\u00e4n puisen viinipullotelineen avulla! Maalaistyylinen muotoilu: Sen yksinkertainen ja puhdas muotoilu lis\u00e4\u00e4 ripauksen maalaischarmia asuintilaasi.<\/p>\n<\/p>\n<p>Viinihyllyyn mahtuu 16 pulloa viini\u00e4. Se on valmistettu t\u00e4ydest\u00e4 m\u00e4nnyst\u00e4 ja on eritt\u00e4in kest\u00e4v\u00e4! Voit s\u00e4ilytt\u00e4\u00e4 sen luonnollisen v\u00e4rin tai lis\u00e4t\u00e4 maalikerroksen tai muun viimeistelyn haluamasi v\u00e4risen\u00e4. Mukana tulevien asennusmateriaalien ansiosta se on helppo koota.<\/p>\n<ul>\n<li>Materiaali: t\u00e4ysi m\u00e4nty<\/li>\n<li>Mitat: 43 x 25 x 54 cm (L x S x K)<\/li>\n<li>Siihen mahtuu jopa 16 pulloa viini\u00e4<\/li>\n<li>Sis\u00e4lt\u00e4\u00e4 asennusmateriaalit<\/li>\n<\/ul>\n","protected":false},"excerpt":{"rendered":"<ul>\n<li>Materiaali: t\u00e4ysi m\u00e4nty<\/li>\n<li>Mitat: 43 x 25 x 54 cm (L x S x K)<\/li>\n<li>Siihen mahtuu jopa 16 pulloa viini\u00e4<\/li>\n<li>Sis\u00e4lt\u00e4\u00e4 asennusmateriaalit<\/li>\n<\/ul>\n","protected":false},"featured_media":100000135634,"comment_status":"closed","ping_status":"closed","template":"","meta":[],"product_brand":[],"product_cat":[84,8662],"product_tag":[],"class_list":{"0":"post-135634","1":"product","2":"type-product","3":"status-publish","4":"has-post-thumbnail","6":"product_cat-huonekalut","7":"product_cat-viinitelineet","9":"first","10":"instock","11":"taxable","12":"shipping-taxable","13":"purchasable","14":"product-type-simple"},"_links":{"self":[{"href":"https:\/\/www.otiumhome.fi\/index.php\/wp-json\/wp\/v2\/product\/135634","targetHints":{"allow":["GET"]}}],"collection":[{"href":"https:\/\/www.otiumhome.fi\/index.php\/wp-json\/wp\/v2\/product"}],"about":[{"href":"https:\/\/www.otiumhome.fi\/index.php\/wp-json\/wp\/v2\/types\/product"}],"replies":[{"embeddable":true,"href":"https:\/\/www.otiumhome.fi\/index.php\/wp-json\/wp\/v2\/comments?post=135634"}],"wp:featuredmedia":[{"embeddable":true,"href":"https:\/\/www.otiumhome.fi\/index.php\/wp-json\/"}],"wp:attachment":[{"href":"https:\/\/www.otiumhome.fi\/index.php\/wp-json\/wp\/v2\/media?parent=135634"}],"wp:term":[{"taxonomy":"product_brand","embeddable":true,"href":"https:\/\/www.otiumhome.fi\/index.php\/wp-json\/wp\/v2\/product_brand?post=135634"},{"taxonomy":"product_cat","embeddable":true,"href":"https:\/\/www.otiumhome.fi\/index.php\/wp-json\/wp\/v2\/product_cat?post=135634"},{"taxonomy":"product_tag","embeddable":true,"href":"https:\/\/www.otiumhome.fi\/index.php\/wp-json\/wp\/v2\/product_tag?post=135634"}],"curies":[{"name":"wp","href":"https:\/\/api.w.org\/{rel}","templated":true}]}}