{"id":135630,"date":"2024-12-21T20:42:49","date_gmt":"2024-12-21T20:42:49","guid":{"rendered":"https:\/\/www.otiumhome.fi\/?p=135630"},"modified":"2025-06-11T21:50:15","modified_gmt":"2025-06-11T21:50:15","slug":"viinipulloteline-72-pullolle-kierratetty-puu","status":"publish","type":"product","link":"https:\/\/www.otiumhome.fi\/index.php\/tuote\/viinipulloteline-72-pullolle-kierratetty-puu\/","title":{"rendered":"Viinipulloteline 72 pullolle kierr\u00e4tetty puu"},"content":{"rendered":"<p>S\u00e4ilyt\u00e4, kypsyt\u00e4 ja laita viinisi esille tyylill\u00e4 t\u00e4m\u00e4n modernin puisen viinipullotelineen avulla! Se muuttaa sisustuksesi korkeatasoiseksi.<\/p>\n<\/p>\n<p>T\u00e4h\u00e4n viinihyllyyn voit laittaa jopa 72 pulloa viini\u00e4. Sen yksinkertainen ja puhdas muotoilu lis\u00e4\u00e4 ripauksen maalaismaista vieh\u00e4tysvoimaa asuintilaasi. Se on my\u00f6s loistava lahja viini\u00e4 rakastaville yst\u00e4villesi ja tuttavillesi. Lis\u00e4ksi se on valmistettu galvanoidusta ter\u00e4ksest\u00e4 ja kiinte\u00e4st\u00e4 puusta, joten se on eritt\u00e4in kest\u00e4v\u00e4! Mukana tulevien asennusmateriaalien ansiosta viinipulloteline on helppo koota.<\/p>\n<\/p>\n<p>Ota huomioon, ett\u00e4 viinipullot eiv\u00e4t sis\u00e4lly toimitukseen.<\/p>\n<ul>\n<li>Materiaali: t\u00e4ysi m\u00e4nty ja galvanoitu ter\u00e4s<\/li>\n<li>Mitat: 80 x 22,5 x 80 cm (P x L x K)<\/li>\n<li>Siihen mahtuu jopa 72 pulloa viini\u00e4 (pullot ei mukana)<\/li>\n<li>Sis\u00e4lt\u00e4\u00e4 asennusmateriaalit<\/li>\n<li>VAROITUS! Kaatumisen est\u00e4miseksi t\u00e4t\u00e4 tuotetta on k\u00e4ytett\u00e4v\u00e4 mukana toimitetun sein\u00e4kiinnityslaitteen kanssa.<\/li>\n<li>Legal Documents:\n<p><span>Lis\u00e4tietoja huonekalujesi kaatumisen est\u00e4misest\u00e4 voit l\u00f6yt\u00e4\u00e4 <span style=\"text-decoration: underline\"><strong><a title=\"https:\/\/bit.ly\/3bVwkQp\" href=\"https:\/\/bit.ly\/3bVwkQp\" target=\"_blank\">t\u00e4\u00e4lt\u00e4<\/a><\/strong><\/span><\/span><\/p>\n<\/li>\n<\/ul>\n","protected":false},"excerpt":{"rendered":"<ul>\n<li>Materiaali: t\u00e4ysi m\u00e4nty ja galvanoitu ter\u00e4s<\/li>\n<li>Mitat: 80 x 22,5 x 80 cm (P x L x K)<\/li>\n<li>Siihen mahtuu jopa 72 pulloa viini\u00e4 (pullot ei mukana)<\/li>\n<li>Sis\u00e4lt\u00e4\u00e4 asennusmateriaalit<\/li>\n<li>VAROITUS! Kaatumisen est\u00e4miseksi t\u00e4t\u00e4 tuotetta on k\u00e4ytett\u00e4v\u00e4 mukana toimitetun sein\u00e4kiinnityslaitteen kanssa.<\/li>\n<li>Legal Documents:\n<p><span>Lis\u00e4tietoja huonekalujesi kaatumisen est\u00e4misest\u00e4 voit l\u00f6yt\u00e4\u00e4 <span style=\"text-decoration: underline\"><strong><a title=\"https:\/\/bit.ly\/3bVwkQp\" href=\"https:\/\/bit.ly\/3bVwkQp\" target=\"_blank\">t\u00e4\u00e4lt\u00e4<\/a><\/strong><\/span><\/span><\/p>\n<\/li>\n<\/ul>\n","protected":false},"featured_media":100000135630,"comment_status":"closed","ping_status":"closed","template":"","meta":[],"product_brand":[],"product_cat":[84,8662],"product_tag":[],"class_list":{"0":"post-135630","1":"product","2":"type-product","3":"status-publish","4":"has-post-thumbnail","6":"product_cat-huonekalut","7":"product_cat-viinitelineet","9":"first","10":"instock","11":"taxable","12":"shipping-taxable","13":"purchasable","14":"product-type-simple"},"_links":{"self":[{"href":"https:\/\/www.otiumhome.fi\/index.php\/wp-json\/wp\/v2\/product\/135630","targetHints":{"allow":["GET"]}}],"collection":[{"href":"https:\/\/www.otiumhome.fi\/index.php\/wp-json\/wp\/v2\/product"}],"about":[{"href":"https:\/\/www.otiumhome.fi\/index.php\/wp-json\/wp\/v2\/types\/product"}],"replies":[{"embeddable":true,"href":"https:\/\/www.otiumhome.fi\/index.php\/wp-json\/wp\/v2\/comments?post=135630"}],"wp:featuredmedia":[{"embeddable":true,"href":"https:\/\/www.otiumhome.fi\/index.php\/wp-json\/"}],"wp:attachment":[{"href":"https:\/\/www.otiumhome.fi\/index.php\/wp-json\/wp\/v2\/media?parent=135630"}],"wp:term":[{"taxonomy":"product_brand","embeddable":true,"href":"https:\/\/www.otiumhome.fi\/index.php\/wp-json\/wp\/v2\/product_brand?post=135630"},{"taxonomy":"product_cat","embeddable":true,"href":"https:\/\/www.otiumhome.fi\/index.php\/wp-json\/wp\/v2\/product_cat?post=135630"},{"taxonomy":"product_tag","embeddable":true,"href":"https:\/\/www.otiumhome.fi\/index.php\/wp-json\/wp\/v2\/product_tag?post=135630"}],"curies":[{"name":"wp","href":"https:\/\/api.w.org\/{rel}","templated":true}]}}