{"id":135610,"date":"2024-12-21T20:42:44","date_gmt":"2024-12-21T20:42:44","guid":{"rendered":"https:\/\/www.otiumhome.fi\/?p=135610"},"modified":"2025-06-06T19:31:33","modified_gmt":"2025-06-06T19:31:33","slug":"viinipulloteline-25-pullolle-taysi-kuusi","status":"publish","type":"product","link":"https:\/\/www.otiumhome.fi\/index.php\/tuote\/viinipulloteline-25-pullolle-taysi-kuusi\/","title":{"rendered":"Viinipulloteline 25 pullolle t\u00e4ysi kuusi"},"content":{"rendered":"<p>T\u00e4m\u00e4 puinen viinipulloteline on t\u00e4ydellinen viinin yst\u00e4ville, jotta he voivat laittaa viinikokoelmansa esille.<\/p>\n<\/p>\n<p>Koska se on valmistettu massiivipuusta, teline on tukeva ja kest\u00e4\u00e4 vuosien k\u00e4yt\u00f6n. Luonnollinen puu antaa sinulle mahdollisuuden maalata tai lakata sen sisustukseesi sopivaksi. Siihen mahtuu jopa 25 viinipulloa.<\/p>\n<\/p>\n<\/p>\n<ul>\n<li>Materiaali: t\u00e4ysi kuusi<\/li>\n<li>Koko: 50 x 24,7 x 87,5 cm (P x L x K)<\/li>\n<li>Tilaa 25 viinipullolle<\/li>\n<li>Melko helppo koota.<\/li>\n<\/ul>\n","protected":false},"excerpt":{"rendered":"<ul>\n<li>Materiaali: t\u00e4ysi kuusi<\/li>\n<li>Koko: 50 x 24,7 x 87,5 cm (P x L x K)<\/li>\n<li>Tilaa 25 viinipullolle<\/li>\n<li>Melko helppo koota.<\/li>\n<\/ul>\n","protected":false},"featured_media":100000135610,"comment_status":"closed","ping_status":"closed","template":"","meta":[],"product_brand":[],"product_cat":[84,8662],"product_tag":[],"class_list":{"0":"post-135610","1":"product","2":"type-product","3":"status-publish","4":"has-post-thumbnail","6":"product_cat-huonekalut","7":"product_cat-viinitelineet","9":"first","10":"instock","11":"taxable","12":"shipping-taxable","13":"purchasable","14":"product-type-simple"},"_links":{"self":[{"href":"https:\/\/www.otiumhome.fi\/index.php\/wp-json\/wp\/v2\/product\/135610","targetHints":{"allow":["GET"]}}],"collection":[{"href":"https:\/\/www.otiumhome.fi\/index.php\/wp-json\/wp\/v2\/product"}],"about":[{"href":"https:\/\/www.otiumhome.fi\/index.php\/wp-json\/wp\/v2\/types\/product"}],"replies":[{"embeddable":true,"href":"https:\/\/www.otiumhome.fi\/index.php\/wp-json\/wp\/v2\/comments?post=135610"}],"wp:featuredmedia":[{"embeddable":true,"href":"https:\/\/www.otiumhome.fi\/index.php\/wp-json\/"}],"wp:attachment":[{"href":"https:\/\/www.otiumhome.fi\/index.php\/wp-json\/wp\/v2\/media?parent=135610"}],"wp:term":[{"taxonomy":"product_brand","embeddable":true,"href":"https:\/\/www.otiumhome.fi\/index.php\/wp-json\/wp\/v2\/product_brand?post=135610"},{"taxonomy":"product_cat","embeddable":true,"href":"https:\/\/www.otiumhome.fi\/index.php\/wp-json\/wp\/v2\/product_cat?post=135610"},{"taxonomy":"product_tag","embeddable":true,"href":"https:\/\/www.otiumhome.fi\/index.php\/wp-json\/wp\/v2\/product_tag?post=135610"}],"curies":[{"name":"wp","href":"https:\/\/api.w.org\/{rel}","templated":true}]}}