{"id":135606,"date":"2024-12-21T20:42:43","date_gmt":"2024-12-21T20:42:43","guid":{"rendered":"https:\/\/www.otiumhome.fi\/?p=135606"},"modified":"2025-06-06T19:31:33","modified_gmt":"2025-06-06T19:31:33","slug":"viinipulloteline-lasien-ripustuskoukuilla-9-pullolle-metalli","status":"publish","type":"product","link":"https:\/\/www.otiumhome.fi\/index.php\/tuote\/viinipulloteline-lasien-ripustuskoukuilla-9-pullolle-metalli\/","title":{"rendered":"Viinipulloteline lasien ripustuskoukuilla 9 pullolle metalli"},"content":{"rendered":"<p>T\u00e4m\u00e4 lattialla seisova viinipulloteline on todellinen katseenvangitsija miss\u00e4 tahansa. Se on valmistettu valuraudasta ja viimeistelty jauhemaalauksella, joten se ei ruostu ja kest\u00e4\u00e4 sukupolvien ajan!<\/p>\n<\/p>\n<p>T\u00e4h\u00e4n telineeseen mahtuu 9 viinipulloa. Sen p\u00e4\u00e4ll\u00e4 on tarjotin, joten se toimii my\u00f6s tarjoilup\u00f6yt\u00e4n\u00e4. P\u00f6yd\u00e4n alla olevat koukut soveltuvat viinilasien s\u00e4ilytt\u00e4miseen. T\u00e4m\u00e4 viinipulloteline on upea lis\u00e4 ruokatilaasi. Sen klassisen elegantti tyyli saa ihmiset romanttiselle mielelle. Se on my\u00f6s upea lahja viini\u00e4 rakastaville yst\u00e4ville ja tuttaville.<\/p>\n<\/p>\n<p>Osta t\u00e4m\u00e4 viinipulloteline kotiisi ja nauti el\u00e4m\u00e4st\u00e4si sen kanssa!<\/p>\n<\/p>\n<p>Varoitus: kaatumisen est\u00e4miseksi on t\u00e4t\u00e4 tuotetta k\u00e4ytett\u00e4v\u00e4 mukana toimitettavan sein\u00e4kiinnityslaitteen kanssa.<\/p>\n<ul>\n<li>Materiaali: takorauta<\/li>\n<li>Musta jauhemaalaus<\/li>\n<li>Kokonaiskoko: 46 x 28,5 x 77,5 cm (L x S x K)<\/li>\n<li>Paino: 3,3 kg<\/li>\n<li>Siihen mahtuu v\u00e4hint\u00e4\u00e4n 9 pulloa<\/li>\n<li>Mukana koukut viinilasien s\u00e4ilytyst\u00e4 varten<\/li>\n<li>Legal Documents:\n<p><span>Lis\u00e4tietoja huonekalujesi kaatumisen est\u00e4misest\u00e4 voit l\u00f6yt\u00e4\u00e4 <span style=\"text-decoration: underline\"><strong><a title=\"https:\/\/bit.ly\/3bVwkQp\" href=\"https:\/\/bit.ly\/3bVwkQp\" target=\"_blank\">t\u00e4\u00e4lt\u00e4<\/a><\/strong><\/span><\/span><\/p>\n<\/li>\n<\/ul>\n","protected":false},"excerpt":{"rendered":"<ul>\n<li>Materiaali: takorauta<\/li>\n<li>Musta jauhemaalaus<\/li>\n<li>Kokonaiskoko: 46 x 28,5 x 77,5 cm (L x S x K)<\/li>\n<li>Paino: 3,3 kg<\/li>\n<li>Siihen mahtuu v\u00e4hint\u00e4\u00e4n 9 pulloa<\/li>\n<li>Mukana koukut viinilasien s\u00e4ilytyst\u00e4 varten<\/li>\n<li>Legal Documents:\n<p><span>Lis\u00e4tietoja huonekalujesi kaatumisen est\u00e4misest\u00e4 voit l\u00f6yt\u00e4\u00e4 <span style=\"text-decoration: underline\"><strong><a title=\"https:\/\/bit.ly\/3bVwkQp\" href=\"https:\/\/bit.ly\/3bVwkQp\" target=\"_blank\">t\u00e4\u00e4lt\u00e4<\/a><\/strong><\/span><\/span><\/p>\n<\/li>\n<\/ul>\n","protected":false},"featured_media":100000135606,"comment_status":"closed","ping_status":"closed","template":"","meta":[],"product_brand":[],"product_cat":[84,8662],"product_tag":[],"class_list":{"0":"post-135606","1":"product","2":"type-product","3":"status-publish","4":"has-post-thumbnail","6":"product_cat-huonekalut","7":"product_cat-viinitelineet","9":"first","10":"instock","11":"taxable","12":"shipping-taxable","13":"purchasable","14":"product-type-simple"},"_links":{"self":[{"href":"https:\/\/www.otiumhome.fi\/index.php\/wp-json\/wp\/v2\/product\/135606","targetHints":{"allow":["GET"]}}],"collection":[{"href":"https:\/\/www.otiumhome.fi\/index.php\/wp-json\/wp\/v2\/product"}],"about":[{"href":"https:\/\/www.otiumhome.fi\/index.php\/wp-json\/wp\/v2\/types\/product"}],"replies":[{"embeddable":true,"href":"https:\/\/www.otiumhome.fi\/index.php\/wp-json\/wp\/v2\/comments?post=135606"}],"wp:featuredmedia":[{"embeddable":true,"href":"https:\/\/www.otiumhome.fi\/index.php\/wp-json\/"}],"wp:attachment":[{"href":"https:\/\/www.otiumhome.fi\/index.php\/wp-json\/wp\/v2\/media?parent=135606"}],"wp:term":[{"taxonomy":"product_brand","embeddable":true,"href":"https:\/\/www.otiumhome.fi\/index.php\/wp-json\/wp\/v2\/product_brand?post=135606"},{"taxonomy":"product_cat","embeddable":true,"href":"https:\/\/www.otiumhome.fi\/index.php\/wp-json\/wp\/v2\/product_cat?post=135606"},{"taxonomy":"product_tag","embeddable":true,"href":"https:\/\/www.otiumhome.fi\/index.php\/wp-json\/wp\/v2\/product_tag?post=135606"}],"curies":[{"name":"wp","href":"https:\/\/api.w.org\/{rel}","templated":true}]}}