{"id":135602,"date":"2024-12-21T20:42:42","date_gmt":"2024-12-21T20:42:42","guid":{"rendered":"https:\/\/www.otiumhome.fi\/?p=135602"},"modified":"2025-06-06T19:31:32","modified_gmt":"2025-06-06T19:31:32","slug":"viinipulloteline-24-pullolle-pp-pinottava","status":"publish","type":"product","link":"https:\/\/www.otiumhome.fi\/index.php\/tuote\/viinipulloteline-24-pullolle-pp-pinottava\/","title":{"rendered":"Viinipulloteline 24 pullolle PP pinottava"},"content":{"rendered":"<p>S\u00e4ilyt\u00e4, ik\u00e4\u00e4nnyt\u00e4 ja esittele viinej\u00e4si tyylikk\u00e4\u00e4sti t\u00e4m\u00e4n viinipullotelineen avulla!<\/p>\n<\/p>\n<ul>\n<li>Vakaa materiaali: Viinihylly on valmistettu kest\u00e4v\u00e4st\u00e4 polypropeenista (PP). Se on UV-, s\u00e4\u00e4nkest\u00e4v\u00e4 ja tarpeeksi vakaa taatakseen viiniesi turvallisuuden.<\/li>\n<li>Runsaasti s\u00e4ilytystilaa: Viinipulloteline tarjoaa runsaasti tilaa viiniesi s\u00e4ilytt\u00e4miseen. Siihen mahtuu jopa kuusi pulloa per hylly.<\/li>\n<li>Pinottava muotoilu: Pullotelineen hyllyt voidaan pinota tukevasti toistensa p\u00e4\u00e4lle tilan s\u00e4\u00e4st\u00e4miseksi.<\/li>\n<li>Laajat k\u00e4ytt\u00f6mahdollisuudet: Viinipulloteline sopii keitti\u00f6\u00f6n, ruokakomeroon, kaappiin, ruokasaliin, kellariin, ty\u00f6tasoon, baariin tai viinikellariin, jne.<\/li>\n<\/ul>\n<ul>\n<li>V\u00e4ri: antrasiitti<\/li>\n<li>Materiaali: polypropeeni (PP)<\/li>\n<li>Mitat: 60 x 26 x 52 cm (P x L x K)<\/li>\n<li>Siihen mahtuu jopa 24 pulloa viini\u00e4<\/li>\n<li>Modulaarinen viiniteline<\/li>\n<li>Asennus vaaditaan: kyll\u00e4<\/li>\n<\/ul>\n","protected":false},"excerpt":{"rendered":"<ul>\n<li>V\u00e4ri: antrasiitti<\/li>\n<li>Materiaali: polypropeeni (PP)<\/li>\n<li>Mitat: 60 x 26 x 52 cm (P x L x K)<\/li>\n<li>Siihen mahtuu jopa 24 pulloa viini\u00e4<\/li>\n<li>Modulaarinen viiniteline<\/li>\n<li>Asennus vaaditaan: kyll\u00e4<\/li>\n<\/ul>\n","protected":false},"featured_media":100000135602,"comment_status":"closed","ping_status":"closed","template":"","meta":[],"product_brand":[],"product_cat":[84,8662],"product_tag":[],"class_list":{"0":"post-135602","1":"product","2":"type-product","3":"status-publish","4":"has-post-thumbnail","6":"product_cat-huonekalut","7":"product_cat-viinitelineet","9":"first","10":"instock","11":"taxable","12":"shipping-taxable","13":"purchasable","14":"product-type-simple"},"_links":{"self":[{"href":"https:\/\/www.otiumhome.fi\/index.php\/wp-json\/wp\/v2\/product\/135602","targetHints":{"allow":["GET"]}}],"collection":[{"href":"https:\/\/www.otiumhome.fi\/index.php\/wp-json\/wp\/v2\/product"}],"about":[{"href":"https:\/\/www.otiumhome.fi\/index.php\/wp-json\/wp\/v2\/types\/product"}],"replies":[{"embeddable":true,"href":"https:\/\/www.otiumhome.fi\/index.php\/wp-json\/wp\/v2\/comments?post=135602"}],"wp:featuredmedia":[{"embeddable":true,"href":"https:\/\/www.otiumhome.fi\/index.php\/wp-json\/"}],"wp:attachment":[{"href":"https:\/\/www.otiumhome.fi\/index.php\/wp-json\/wp\/v2\/media?parent=135602"}],"wp:term":[{"taxonomy":"product_brand","embeddable":true,"href":"https:\/\/www.otiumhome.fi\/index.php\/wp-json\/wp\/v2\/product_brand?post=135602"},{"taxonomy":"product_cat","embeddable":true,"href":"https:\/\/www.otiumhome.fi\/index.php\/wp-json\/wp\/v2\/product_cat?post=135602"},{"taxonomy":"product_tag","embeddable":true,"href":"https:\/\/www.otiumhome.fi\/index.php\/wp-json\/wp\/v2\/product_tag?post=135602"}],"curies":[{"name":"wp","href":"https:\/\/api.w.org\/{rel}","templated":true}]}}