{"id":135519,"date":"2024-12-21T20:40:41","date_gmt":"2024-12-21T20:40:41","guid":{"rendered":"https:\/\/www.otiumhome.fi\/?p=135519"},"modified":"2025-06-06T19:31:40","modified_gmt":"2025-06-06T19:31:40","slug":"seinalle-kiinnitettava-viinipulloteline-36-pullolle-kulta-rauta","status":"publish","type":"product","link":"https:\/\/www.otiumhome.fi\/index.php\/tuote\/seinalle-kiinnitettava-viinipulloteline-36-pullolle-kulta-rauta\/","title":{"rendered":"Sein\u00e4lle kiinnitett\u00e4v\u00e4 viinipulloteline 36 pullolle kulta rauta"},"content":{"rendered":"<p>T\u00e4m\u00e4 viinipulloteline on k\u00e4tev\u00e4 ja t\u00e4ydellinen ratkaisu lempiviiniesi j\u00e4rjest\u00e4miseen ja s\u00e4ilytt\u00e4miseen!<\/p>\n<\/p>\n<ul>\n<li>Runsaasti s\u00e4ilytystilaa: T\u00e4h\u00e4n viinipullotelineeseen mahtuu jopa 36 pulloa viini\u00e4.<\/li>\n<li>Moderni muotoilu: T\u00e4m\u00e4 viinipulloteline on my\u00f6s trendik\u00e4s lis\u00e4 viinin s\u00e4ilytykseen moderneissa keitti\u00f6iss\u00e4, ruokakomeroissa ja baareissa.<\/li>\n<li>Korkea laatu: Pullonteline on valmistettu ruiskumaalatusta raudasta, mik\u00e4 tekee siit\u00e4 eritt\u00e4in kest\u00e4v\u00e4n ja helppohoitoisen! Lis\u00e4ksi sen pinta on eritt\u00e4in sile\u00e4, mik\u00e4 voi est\u00e4\u00e4 pullon naarmuuntumisen.<\/li>\n<li>Helppo asennus: Viinipulloteline voidaan kiinnitt\u00e4\u00e4 helposti sein\u00e4\u00e4n mukana tulevilla asennusmateriaaleilla. <\/li>\n<\/ul>\n<p>Huomio: Viinipullot eiv\u00e4t sis\u00e4lly toimitukseen.<\/p>\n<\/p>\n<ul>\n<li>V\u00e4ri: kulta<\/li>\n<li>Materiaali: rauta<\/li>\n<li>Mitat: 30,5 x 2,5 x 116 cm (P x L x K)<\/li>\n<li>Siihen mahtuu jopa 36 pulloa viini\u00e4 (pullot eiv\u00e4t sis\u00e4lly toimitukseen)<\/li>\n<li>Sis\u00e4lt\u00e4\u00e4 asennusmateriaalit<\/li>\n<li>Asennus vaaditaan: kyll\u00e4<\/li>\n<\/ul>\n","protected":false},"excerpt":{"rendered":"<ul>\n<li>V\u00e4ri: kulta<\/li>\n<li>Materiaali: rauta<\/li>\n<li>Mitat: 30,5 x 2,5 x 116 cm (P x L x K)<\/li>\n<li>Siihen mahtuu jopa 36 pulloa viini\u00e4 (pullot eiv\u00e4t sis\u00e4lly toimitukseen)<\/li>\n<li>Sis\u00e4lt\u00e4\u00e4 asennusmateriaalit<\/li>\n<li>Asennus vaaditaan: kyll\u00e4<\/li>\n<\/ul>\n","protected":false},"featured_media":100000135519,"comment_status":"closed","ping_status":"closed","template":"","meta":[],"product_brand":[],"product_cat":[84,8662],"product_tag":[],"class_list":{"0":"post-135519","1":"product","2":"type-product","3":"status-publish","4":"has-post-thumbnail","6":"product_cat-huonekalut","7":"product_cat-viinitelineet","9":"first","10":"instock","11":"taxable","12":"shipping-taxable","13":"purchasable","14":"product-type-simple"},"_links":{"self":[{"href":"https:\/\/www.otiumhome.fi\/index.php\/wp-json\/wp\/v2\/product\/135519","targetHints":{"allow":["GET"]}}],"collection":[{"href":"https:\/\/www.otiumhome.fi\/index.php\/wp-json\/wp\/v2\/product"}],"about":[{"href":"https:\/\/www.otiumhome.fi\/index.php\/wp-json\/wp\/v2\/types\/product"}],"replies":[{"embeddable":true,"href":"https:\/\/www.otiumhome.fi\/index.php\/wp-json\/wp\/v2\/comments?post=135519"}],"wp:featuredmedia":[{"embeddable":true,"href":"https:\/\/www.otiumhome.fi\/index.php\/wp-json\/"}],"wp:attachment":[{"href":"https:\/\/www.otiumhome.fi\/index.php\/wp-json\/wp\/v2\/media?parent=135519"}],"wp:term":[{"taxonomy":"product_brand","embeddable":true,"href":"https:\/\/www.otiumhome.fi\/index.php\/wp-json\/wp\/v2\/product_brand?post=135519"},{"taxonomy":"product_cat","embeddable":true,"href":"https:\/\/www.otiumhome.fi\/index.php\/wp-json\/wp\/v2\/product_cat?post=135519"},{"taxonomy":"product_tag","embeddable":true,"href":"https:\/\/www.otiumhome.fi\/index.php\/wp-json\/wp\/v2\/product_tag?post=135519"}],"curies":[{"name":"wp","href":"https:\/\/api.w.org\/{rel}","templated":true}]}}