{"id":135509,"date":"2024-12-21T20:40:39","date_gmt":"2024-12-21T20:40:39","guid":{"rendered":"https:\/\/www.otiumhome.fi\/?p=135509"},"modified":"2025-06-06T19:31:39","modified_gmt":"2025-06-06T19:31:39","slug":"viinipulloteline-96-pullolle-musta-rauta","status":"publish","type":"product","link":"https:\/\/www.otiumhome.fi\/index.php\/tuote\/viinipulloteline-96-pullolle-musta-rauta\/","title":{"rendered":"Viinipulloteline 96 pullolle musta rauta"},"content":{"rendered":"<p>T\u00e4t\u00e4 viinipullotelinett\u00e4 voidaan k\u00e4ytt\u00e4\u00e4 sek\u00e4 viinien s\u00e4ilytt\u00e4miseen ett\u00e4 esittelemiseen. Se on mahtava lis\u00e4 sisustukseesi.<\/p>\n<\/p>\n<p>T\u00e4h\u00e4n viinipullotelineeseen mahtuu jopa 96 pulloa viini\u00e4. Sen yksinkertainen ja siisti muotoilu tuo hitusen teollista vieh\u00e4tysvoimaa asuintilaasi. Se on my\u00f6s loistava lahja viini\u00e4 rakastaville yst\u00e4villesi ja tuttavillesi. Viinipulloteline on valmistettu lujasta raudasta, joten se on eritt\u00e4in vakaa ja kest\u00e4v\u00e4.<\/p>\n<\/p>\n<p>Ota huomioon, ett\u00e4 viinipullot eiv\u00e4t sis\u00e4lly toimitukseen.<\/p>\n<ul>\n<li>V\u00e4ri: musta<\/li>\n<li>Materiaali: spraymaalattu rauta<\/li>\n<li>Mitat: 64 x 22 x 157 cm (L x S x K)<\/li>\n<li>Siihen mahtuu jopa 96 pulloa viini\u00e4 (pullot ei mukana)<\/li>\n<li>Voidaan pinota p\u00e4\u00e4llek\u00e4in<\/li>\n<li>Asennus vaaditaan: kyll\u00e4<\/li>\n<li><strong>VAROITUS<\/strong>: Kaatumisen est\u00e4miseksi t\u00e4t\u00e4 tuotetta on k\u00e4ytett\u00e4v\u00e4 mukana toimitettavan sein\u00e4kiinnityslaitteen kanssa.<\/li>\n<li>Legal Documents:\n<p><span>Lis\u00e4tietoja huonekalujesi kaatumisen est\u00e4misest\u00e4 voit l\u00f6yt\u00e4\u00e4 <span style=\"text-decoration: underline\"><strong><a title=\"https:\/\/bit.ly\/3bVwkQp\" href=\"https:\/\/bit.ly\/3bVwkQp\" target=\"_blank\">t\u00e4\u00e4lt\u00e4<\/a><\/strong><\/span><\/span><\/p>\n<\/li>\n<\/ul>\n","protected":false},"excerpt":{"rendered":"<ul>\n<li>V\u00e4ri: musta<\/li>\n<li>Materiaali: spraymaalattu rauta<\/li>\n<li>Mitat: 64 x 22 x 157 cm (L x S x K)<\/li>\n<li>Siihen mahtuu jopa 96 pulloa viini\u00e4 (pullot ei mukana)<\/li>\n<li>Voidaan pinota p\u00e4\u00e4llek\u00e4in<\/li>\n<li>Asennus vaaditaan: kyll\u00e4<\/li>\n<li><strong>VAROITUS<\/strong>: Kaatumisen est\u00e4miseksi t\u00e4t\u00e4 tuotetta on k\u00e4ytett\u00e4v\u00e4 mukana toimitettavan sein\u00e4kiinnityslaitteen kanssa.<\/li>\n<li>Legal Documents:\n<p><span>Lis\u00e4tietoja huonekalujesi kaatumisen est\u00e4misest\u00e4 voit l\u00f6yt\u00e4\u00e4 <span style=\"text-decoration: underline\"><strong><a title=\"https:\/\/bit.ly\/3bVwkQp\" href=\"https:\/\/bit.ly\/3bVwkQp\" target=\"_blank\">t\u00e4\u00e4lt\u00e4<\/a><\/strong><\/span><\/span><\/p>\n<\/li>\n<\/ul>\n","protected":false},"featured_media":100000135509,"comment_status":"closed","ping_status":"closed","template":"","meta":[],"product_brand":[],"product_cat":[84,8662],"product_tag":[],"class_list":{"0":"post-135509","1":"product","2":"type-product","3":"status-publish","4":"has-post-thumbnail","6":"product_cat-huonekalut","7":"product_cat-viinitelineet","9":"first","10":"instock","11":"taxable","12":"shipping-taxable","13":"purchasable","14":"product-type-simple"},"_links":{"self":[{"href":"https:\/\/www.otiumhome.fi\/index.php\/wp-json\/wp\/v2\/product\/135509","targetHints":{"allow":["GET"]}}],"collection":[{"href":"https:\/\/www.otiumhome.fi\/index.php\/wp-json\/wp\/v2\/product"}],"about":[{"href":"https:\/\/www.otiumhome.fi\/index.php\/wp-json\/wp\/v2\/types\/product"}],"replies":[{"embeddable":true,"href":"https:\/\/www.otiumhome.fi\/index.php\/wp-json\/wp\/v2\/comments?post=135509"}],"wp:featuredmedia":[{"embeddable":true,"href":"https:\/\/www.otiumhome.fi\/index.php\/wp-json\/"}],"wp:attachment":[{"href":"https:\/\/www.otiumhome.fi\/index.php\/wp-json\/wp\/v2\/media?parent=135509"}],"wp:term":[{"taxonomy":"product_brand","embeddable":true,"href":"https:\/\/www.otiumhome.fi\/index.php\/wp-json\/wp\/v2\/product_brand?post=135509"},{"taxonomy":"product_cat","embeddable":true,"href":"https:\/\/www.otiumhome.fi\/index.php\/wp-json\/wp\/v2\/product_cat?post=135509"},{"taxonomy":"product_tag","embeddable":true,"href":"https:\/\/www.otiumhome.fi\/index.php\/wp-json\/wp\/v2\/product_tag?post=135509"}],"curies":[{"name":"wp","href":"https:\/\/api.w.org\/{rel}","templated":true}]}}