{"id":135253,"date":"2024-12-21T02:27:33","date_gmt":"2024-12-21T02:27:33","guid":{"rendered":"https:\/\/www.otiumhome.fi\/?p=135253"},"modified":"2025-06-06T16:35:42","modified_gmt":"2025-06-06T16:35:42","slug":"pukukaappi-harmaa-ja-sininen-90x45x180-cm-teras","status":"publish","type":"product","link":"https:\/\/www.otiumhome.fi\/index.php\/tuote\/pukukaappi-harmaa-ja-sininen-90x45x180-cm-teras\/","title":{"rendered":"Pukukaappi harmaa ja sininen 90x45x180 cm ter\u00e4s"},"content":{"rendered":"<p>T\u00e4m\u00e4 moderni pukukaappi on erinomainen sisustuselementti mihin tahansa asuintilaan tai toimistoon.<\/p>\n<\/p>\n<p>T\u00e4m\u00e4 varastokaappi on valmistettu ter\u00e4ksest\u00e4, joten se on kest\u00e4v\u00e4 ja helppo puhdistaa. Jokainen lokero on varustettu lukittavalla, tuuletusaukot sis\u00e4lt\u00e4v\u00e4ll\u00e4 ovella. Kaapissa on runsaasti s\u00e4ilytystilaa vaatteiden ja muiden henkil\u00f6kohtaisten tavaroiden turvassa pit\u00e4miseen. Lis\u00e4ksi nimilappujen pidikkeet mahdollistavat tavaroidesi siistin lajittelun. Pukukaappi sopii kouluihin ja toimistoihin erilaisten tavaroiden s\u00e4ilytt\u00e4miseen.<\/p>\n<\/p>\n<ul>\n<li>V\u00e4ri: harmaa ja sininen<\/li>\n<li>Materiaali: ter\u00e4s<\/li>\n<li>Mitat: 90 x 45 x 180 cm (L x S x K)<\/li>\n<li>9 lukittavaa ovea (sis\u00e4lt\u00e4\u00e4 2 avainta per ovi)<\/li>\n<li>Tuuletusaukot ja nimilapun pidikkeet ovissa<\/li>\n<li>Kantavuus lokeroa kohti: 20 kg<\/li>\n<li>Kokonaiskantavuus: 180 kg<\/li>\n<li>Asennus vaaditaan: kyll\u00e4<\/li>\n<li><strong>Varoitus: <\/strong>Kaatumisen est\u00e4miseksi on t\u00e4t\u00e4 tuotetta k\u00e4ytett\u00e4v\u00e4 mukana toimitettavan sein\u00e4kiinnityslaitteen kanssa.<\/li>\n<li>Legal Documents:\n<p><span>Lis\u00e4tietoja huonekalujesi kaatumisen est\u00e4misest\u00e4 voit l\u00f6yt\u00e4\u00e4 <span style=\"text-decoration: underline\"><strong><a title=\"https:\/\/bit.ly\/3bVwkQp\" href=\"https:\/\/bit.ly\/3bVwkQp\" target=\"_blank\">t\u00e4\u00e4lt\u00e4<\/a><\/strong><\/span><\/span><\/p>\n<\/li>\n<\/ul>\n","protected":false},"excerpt":{"rendered":"<ul>\n<li>V\u00e4ri: harmaa ja sininen<\/li>\n<li>Materiaali: ter\u00e4s<\/li>\n<li>Mitat: 90 x 45 x 180 cm (L x S x K)<\/li>\n<li>9 lukittavaa ovea (sis\u00e4lt\u00e4\u00e4 2 avainta per ovi)<\/li>\n<li>Tuuletusaukot ja nimilapun pidikkeet ovissa<\/li>\n<li>Kantavuus lokeroa kohti: 20 kg<\/li>\n<li>Kokonaiskantavuus: 180 kg<\/li>\n<li>Asennus vaaditaan: kyll\u00e4<\/li>\n<li><strong>Varoitus: <\/strong>Kaatumisen est\u00e4miseksi on t\u00e4t\u00e4 tuotetta k\u00e4ytett\u00e4v\u00e4 mukana toimitettavan sein\u00e4kiinnityslaitteen kanssa.<\/li>\n<li>Legal Documents:\n<p><span>Lis\u00e4tietoja huonekalujesi kaatumisen est\u00e4misest\u00e4 voit l\u00f6yt\u00e4\u00e4 <span style=\"text-decoration: underline\"><strong><a title=\"https:\/\/bit.ly\/3bVwkQp\" href=\"https:\/\/bit.ly\/3bVwkQp\" target=\"_blank\">t\u00e4\u00e4lt\u00e4<\/a><\/strong><\/span><\/span><\/p>\n<\/li>\n<\/ul>\n","protected":false},"featured_media":100000135253,"comment_status":"closed","ping_status":"closed","template":"","meta":[],"product_brand":[],"product_cat":[84,8635],"product_tag":[],"class_list":{"0":"post-135253","1":"product","2":"type-product","3":"status-publish","4":"has-post-thumbnail","6":"product_cat-huonekalut","7":"product_cat-sailytys-lukkokaapit","9":"first","10":"instock","11":"taxable","12":"shipping-taxable","13":"purchasable","14":"product-type-simple"},"_links":{"self":[{"href":"https:\/\/www.otiumhome.fi\/index.php\/wp-json\/wp\/v2\/product\/135253","targetHints":{"allow":["GET"]}}],"collection":[{"href":"https:\/\/www.otiumhome.fi\/index.php\/wp-json\/wp\/v2\/product"}],"about":[{"href":"https:\/\/www.otiumhome.fi\/index.php\/wp-json\/wp\/v2\/types\/product"}],"replies":[{"embeddable":true,"href":"https:\/\/www.otiumhome.fi\/index.php\/wp-json\/wp\/v2\/comments?post=135253"}],"wp:featuredmedia":[{"embeddable":true,"href":"https:\/\/www.otiumhome.fi\/index.php\/wp-json\/"}],"wp:attachment":[{"href":"https:\/\/www.otiumhome.fi\/index.php\/wp-json\/wp\/v2\/media?parent=135253"}],"wp:term":[{"taxonomy":"product_brand","embeddable":true,"href":"https:\/\/www.otiumhome.fi\/index.php\/wp-json\/wp\/v2\/product_brand?post=135253"},{"taxonomy":"product_cat","embeddable":true,"href":"https:\/\/www.otiumhome.fi\/index.php\/wp-json\/wp\/v2\/product_cat?post=135253"},{"taxonomy":"product_tag","embeddable":true,"href":"https:\/\/www.otiumhome.fi\/index.php\/wp-json\/wp\/v2\/product_tag?post=135253"}],"curies":[{"name":"wp","href":"https:\/\/api.w.org\/{rel}","templated":true}]}}