{"id":135192,"date":"2024-12-20T10:07:25","date_gmt":"2024-12-20T10:07:25","guid":{"rendered":"https:\/\/www.otiumhome.fi\/?p=135192"},"modified":"2025-06-06T16:04:38","modified_gmt":"2025-06-06T16:04:38","slug":"lasten-lehtiteline-sonoma-tammi-71x30x114-cm-tekninen-puu","status":"publish","type":"product","link":"https:\/\/www.otiumhome.fi\/index.php\/tuote\/lasten-lehtiteline-sonoma-tammi-71x30x114-cm-tekninen-puu\/","title":{"rendered":"Lasten lehtiteline Sonoma-tammi 71x30x114 cm tekninen puu"},"content":{"rendered":"<p>T\u00e4m\u00e4 k\u00e4yt\u00e4nn\u00f6llinen lasten lehtiteline auttaa sinua s\u00e4ilytt\u00e4m\u00e4\u00e4n suosikkilehtesi tyylill\u00e4 ja k\u00e4sien ulottuvilla.<\/p>\n<\/p>\n<p>Laadukkaasta teknisest\u00e4 puusta valmistettu lasten kirjojen j\u00e4rjestelij\u00e4 on \u00e4\u00e4rimm\u00e4isen kest\u00e4v\u00e4, vakaa ja pitk\u00e4ik\u00e4inen. Kirjateline tarjoaa riitt\u00e4v\u00e4sti tilaa lapsesi suosikki kirjoille kolmen lokeron avulla. Nelj\u00e4\u00e4n suureen avoimeen lokeroon voit asettaa kokoontaittuvia laatikoita. Lis\u00e4ksi lehtien s\u00e4ilytysteline on helppo puhdistaa kostealla liinalla.<\/p>\n<ul>\n<li>V\u00e4ri: harmaa ja Sonoma-tammi<\/li>\n<li>Materiaali: Tekninen puu, melamiini<\/li>\n<li>Kokonaismitat: 71 x 30 x 114 cm (L x S x K)<\/li>\n<li>Hyllyjen m\u00e4\u00e4r\u00e4: 7<\/li>\n<li>Asennus vaaditaan: kyll\u00e4<\/li>\n<\/ul>\n","protected":false},"excerpt":{"rendered":"<ul>\n<li>V\u00e4ri: harmaa ja Sonoma-tammi<\/li>\n<li>Materiaali: Tekninen puu, melamiini<\/li>\n<li>Kokonaismitat: 71 x 30 x 114 cm (L x S x K)<\/li>\n<li>Hyllyjen m\u00e4\u00e4r\u00e4: 7<\/li>\n<li>Asennus vaaditaan: kyll\u00e4<\/li>\n<\/ul>\n","protected":false},"featured_media":100000135192,"comment_status":"closed","ping_status":"closed","template":"","meta":[],"product_brand":[],"product_cat":[84,8650],"product_tag":[],"class_list":{"0":"post-135192","1":"product","2":"type-product","3":"status-publish","4":"has-post-thumbnail","6":"product_cat-huonekalut","7":"product_cat-lehtitelineet","9":"first","10":"instock","11":"taxable","12":"shipping-taxable","13":"purchasable","14":"product-type-simple"},"_links":{"self":[{"href":"https:\/\/www.otiumhome.fi\/index.php\/wp-json\/wp\/v2\/product\/135192","targetHints":{"allow":["GET"]}}],"collection":[{"href":"https:\/\/www.otiumhome.fi\/index.php\/wp-json\/wp\/v2\/product"}],"about":[{"href":"https:\/\/www.otiumhome.fi\/index.php\/wp-json\/wp\/v2\/types\/product"}],"replies":[{"embeddable":true,"href":"https:\/\/www.otiumhome.fi\/index.php\/wp-json\/wp\/v2\/comments?post=135192"}],"wp:featuredmedia":[{"embeddable":true,"href":"https:\/\/www.otiumhome.fi\/index.php\/wp-json\/"}],"wp:attachment":[{"href":"https:\/\/www.otiumhome.fi\/index.php\/wp-json\/wp\/v2\/media?parent=135192"}],"wp:term":[{"taxonomy":"product_brand","embeddable":true,"href":"https:\/\/www.otiumhome.fi\/index.php\/wp-json\/wp\/v2\/product_brand?post=135192"},{"taxonomy":"product_cat","embeddable":true,"href":"https:\/\/www.otiumhome.fi\/index.php\/wp-json\/wp\/v2\/product_cat?post=135192"},{"taxonomy":"product_tag","embeddable":true,"href":"https:\/\/www.otiumhome.fi\/index.php\/wp-json\/wp\/v2\/product_tag?post=135192"}],"curies":[{"name":"wp","href":"https:\/\/api.w.org\/{rel}","templated":true}]}}