{"id":135175,"date":"2024-12-20T10:07:21","date_gmt":"2024-12-20T10:07:21","guid":{"rendered":"https:\/\/www.otiumhome.fi\/?p=135175"},"modified":"2025-11-29T06:57:37","modified_gmt":"2025-11-29T06:57:37","slug":"seinaan-kiinnitettava-lehtiteline-33x10x67-cm-taysi-mangopuu","status":"publish","type":"product","link":"https:\/\/www.otiumhome.fi\/index.php\/tuote\/seinaan-kiinnitettava-lehtiteline-33x10x67-cm-taysi-mangopuu\/","title":{"rendered":"Sein\u00e4\u00e4n kiinnitett\u00e4v\u00e4 lehtiteline 33x10x67 cm t\u00e4ysi mangopuu"},"content":{"rendered":"<p>T\u00e4m\u00e4 k\u00e4yt\u00e4nn\u00f6llinen sein\u00e4\u00e4n kiinnitett\u00e4v\u00e4 lehtiteline on t\u00e4ydellinen s\u00e4ilytysratkaisu sanoma- ja aikakauslehdille.<\/p>\n<\/p>\n<p>Sanomalehtiteline sis\u00e4lt\u00e4\u00e4 kaksi ter\u00e4skoria ja t\u00e4ytt\u00e4 karkeaa mangopuuta olevan puisen laudan, joka tekee siit\u00e4 tukevan ja kest\u00e4v\u00e4n. Mangopuu on tihe\u00e4 ja kest\u00e4v\u00e4 lehtipuu, jonka pinnalla on kauniita ruskeita tai kultaisia juovia ja viivoja. Kaksi s\u00e4ilytyskoria ovat riitt\u00e4v\u00e4n suuret p\u00e4ivitt\u00e4isten s\u00e4ilytystarpeidesi t\u00e4ytt\u00e4miseen.<\/p>\n<\/p>\n<p>T\u00e4rke\u00e4 huomio: Erinomainen k\u00e4sity\u00f6taito ja kauniit mangopuiset puunsyyt tekev\u00e4t jokaisesta s\u00e4ilytystelineest\u00e4 yksil\u00f6llisen ja hieman erilaisen kuin muista; toimitus on satunnainen. T\u00e4m\u00e4 lehtiteline on valmiiksi koottu.<\/p>\n<ul>\n<li>Materiaali: t\u00e4ysi karkea mangopuu, ter\u00e4s<\/li>\n<li>Mitat: 33 x 10 x 67 cm (L x S x K)<\/li>\n<li>Kahdella korilla<\/li>\n<li>Kiillotettu, maalattu ja lakattu<\/li>\n<\/ul>\n","protected":false},"excerpt":{"rendered":"<ul>\n<li>Materiaali: t\u00e4ysi karkea mangopuu, ter\u00e4s<\/li>\n<li>Mitat: 33 x 10 x 67 cm (L x S x K)<\/li>\n<li>Kahdella korilla<\/li>\n<li>Kiillotettu, maalattu ja lakattu<\/li>\n<\/ul>\n","protected":false},"featured_media":100000135175,"comment_status":"closed","ping_status":"closed","template":"","meta":[],"product_brand":[],"product_cat":[84,8650],"product_tag":[],"class_list":{"0":"post-135175","1":"product","2":"type-product","3":"status-publish","4":"has-post-thumbnail","6":"product_cat-huonekalut","7":"product_cat-lehtitelineet","9":"first","10":"instock","11":"taxable","12":"shipping-taxable","13":"purchasable","14":"product-type-simple"},"_links":{"self":[{"href":"https:\/\/www.otiumhome.fi\/index.php\/wp-json\/wp\/v2\/product\/135175","targetHints":{"allow":["GET"]}}],"collection":[{"href":"https:\/\/www.otiumhome.fi\/index.php\/wp-json\/wp\/v2\/product"}],"about":[{"href":"https:\/\/www.otiumhome.fi\/index.php\/wp-json\/wp\/v2\/types\/product"}],"replies":[{"embeddable":true,"href":"https:\/\/www.otiumhome.fi\/index.php\/wp-json\/wp\/v2\/comments?post=135175"}],"wp:featuredmedia":[{"embeddable":true,"href":"https:\/\/www.otiumhome.fi\/index.php\/wp-json\/"}],"wp:attachment":[{"href":"https:\/\/www.otiumhome.fi\/index.php\/wp-json\/wp\/v2\/media?parent=135175"}],"wp:term":[{"taxonomy":"product_brand","embeddable":true,"href":"https:\/\/www.otiumhome.fi\/index.php\/wp-json\/wp\/v2\/product_brand?post=135175"},{"taxonomy":"product_cat","embeddable":true,"href":"https:\/\/www.otiumhome.fi\/index.php\/wp-json\/wp\/v2\/product_cat?post=135175"},{"taxonomy":"product_tag","embeddable":true,"href":"https:\/\/www.otiumhome.fi\/index.php\/wp-json\/wp\/v2\/product_tag?post=135175"}],"curies":[{"name":"wp","href":"https:\/\/api.w.org\/{rel}","templated":true}]}}