{"id":135174,"date":"2024-12-20T10:07:20","date_gmt":"2024-12-20T10:07:20","guid":{"rendered":"https:\/\/www.otiumhome.fi\/?p=135174"},"modified":"2025-06-06T16:04:36","modified_gmt":"2025-06-06T16:04:36","slug":"lehtiteline-31x31x31-cm-vesihyasintti","status":"publish","type":"product","link":"https:\/\/www.otiumhome.fi\/index.php\/tuote\/lehtiteline-31x31x31-cm-vesihyasintti\/","title":{"rendered":"Lehtiteline 31x31x31 cm vesihyasintti"},"content":{"rendered":"<p>T\u00e4ss\u00e4 k\u00e4yt\u00e4nn\u00f6llisess\u00e4 lehtitelineess\u00e4 on tyylik\u00e4s, siksak -muotoilu. Se on erinomainen s\u00e4ilytysratkaisu sanoma- ja aikakausilehdillesi.<\/p>\n<\/p>\n<p>Lehtitelineess\u00e4 on metallinen runko ja vesihyasintti, jonka vuoksi se on kest\u00e4v\u00e4. Hurmaava punonta lis\u00e4\u00e4 telineen rustiikkista kauneutta.<\/p>\n<\/p>\n<p>Tuote toimitetaan valmiiksi koottuna.<\/p>\n<ul>\n<li>V\u00e4ri: ruskea<\/li>\n<li>Materiaali: Vesihyasintti, metallirunko<\/li>\n<li>Mitat: 31 x 31 x 31 cm (L x S x K)<\/li>\n<li>Aaltomainen muotoilu<\/li>\n<li>Ei vaadi kokoamista<\/li>\n<\/ul>\n","protected":false},"excerpt":{"rendered":"<ul>\n<li>V\u00e4ri: ruskea<\/li>\n<li>Materiaali: Vesihyasintti, metallirunko<\/li>\n<li>Mitat: 31 x 31 x 31 cm (L x S x K)<\/li>\n<li>Aaltomainen muotoilu<\/li>\n<li>Ei vaadi kokoamista<\/li>\n<\/ul>\n","protected":false},"featured_media":100000135174,"comment_status":"closed","ping_status":"closed","template":"","meta":[],"product_brand":[],"product_cat":[84,8650],"product_tag":[],"class_list":{"0":"post-135174","1":"product","2":"type-product","3":"status-publish","4":"has-post-thumbnail","6":"product_cat-huonekalut","7":"product_cat-lehtitelineet","9":"first","10":"instock","11":"taxable","12":"shipping-taxable","13":"purchasable","14":"product-type-simple"},"_links":{"self":[{"href":"https:\/\/www.otiumhome.fi\/index.php\/wp-json\/wp\/v2\/product\/135174","targetHints":{"allow":["GET"]}}],"collection":[{"href":"https:\/\/www.otiumhome.fi\/index.php\/wp-json\/wp\/v2\/product"}],"about":[{"href":"https:\/\/www.otiumhome.fi\/index.php\/wp-json\/wp\/v2\/types\/product"}],"replies":[{"embeddable":true,"href":"https:\/\/www.otiumhome.fi\/index.php\/wp-json\/wp\/v2\/comments?post=135174"}],"wp:featuredmedia":[{"embeddable":true,"href":"https:\/\/www.otiumhome.fi\/index.php\/wp-json\/"}],"wp:attachment":[{"href":"https:\/\/www.otiumhome.fi\/index.php\/wp-json\/wp\/v2\/media?parent=135174"}],"wp:term":[{"taxonomy":"product_brand","embeddable":true,"href":"https:\/\/www.otiumhome.fi\/index.php\/wp-json\/wp\/v2\/product_brand?post=135174"},{"taxonomy":"product_cat","embeddable":true,"href":"https:\/\/www.otiumhome.fi\/index.php\/wp-json\/wp\/v2\/product_cat?post=135174"},{"taxonomy":"product_tag","embeddable":true,"href":"https:\/\/www.otiumhome.fi\/index.php\/wp-json\/wp\/v2\/product_tag?post=135174"}],"curies":[{"name":"wp","href":"https:\/\/api.w.org\/{rel}","templated":true}]}}