{"id":129085,"date":"2024-12-16T11:00:28","date_gmt":"2024-12-16T11:00:28","guid":{"rendered":"https:\/\/www.otiumhome.fi\/?p=129085"},"modified":"2025-06-06T18:25:45","modified_gmt":"2025-06-06T18:25:45","slug":"lasten-talonmuotoinen-sangynrunko-90x190-cm-taysi-manty","status":"publish","type":"product","link":"https:\/\/www.otiumhome.fi\/index.php\/tuote\/lasten-talonmuotoinen-sangynrunko-90x190-cm-taysi-manty\/","title":{"rendered":"Lasten talonmuotoinen s\u00e4ngynrunko 90&#215;190 cm t\u00e4ysi m\u00e4nty"},"content":{"rendered":"<p>Lapsesi tulee ihastumaan t\u00e4h\u00e4n upeaan puiseen talonmuotoiseen s\u00e4ngynrunkoon, olipa h\u00e4nell\u00e4 mieless\u00e4 seuraava seikkailu tai nukkumatin maille ajelehtiminen.<\/p>\n<ul>\n<li>Vakaa ja pitk\u00e4kestoinen runko: T\u00e4ysi m\u00e4nty tunnetaan lujuudestaan ja kest\u00e4vyydest\u00e4\u00e4n. Sen suorat puunsyyt ja erottuvat oksanpaikat lis\u00e4\u00e4v\u00e4t sen rustiikkista charmia.<\/li>\n<li>Leikkis\u00e4 talomuotoilu: T\u00e4m\u00e4 leikkis\u00e4 talon inspiroima s\u00e4ngynrunko muuntaa nukkumaanmenon hauskaksi seikkailuksi lapsille. Se tarjoaa viihtyis\u00e4n paikan nukkumaanmenoa varten ja leikkis\u00e4n alueen mielikuvitukselliseen leikkiin.<\/li>\n<li>Kaiteet lis\u00e4turvallisuuteen: T\u00e4m\u00e4 s\u00e4ngyn runko on varustettu sivukaiteilla, jotka est\u00e4v\u00e4t lastasi putoamasta s\u00e4ngyst\u00e4 nukkuessaan.<\/li>\n<li>Avoin kattorakenne tee-se-itse harrastajille: Avoin kattorakenne tarjoaa loputtomasti suunnittelumahdollisuuksia. Voit helposti ripustaa koristeita tai kiinnitt\u00e4\u00e4 leikkiteltan todella maagisen ja persoonallisen tilan luomiseksi.<\/li>\n<li>Tilava s\u00e4ilytystila s\u00e4ngyn alla: T\u00e4m\u00e4n s\u00e4ngynrungon alla on runsaasti tilaa s\u00e4ilytyslaatikoille, koreille, laatikoille ja muille.<\/li>\n<\/ul>\n<p>Hyv\u00e4 tiet\u00e4\u00e4:<\/p>\n<ul>\n<li>Patja ei sis\u00e4lly t\u00e4h\u00e4n s\u00e4nkyyn. Tarjoamme monipuolisen valikoiman patjoja, jotka l\u00f6yd\u00e4t tarkistamalla myym\u00e4l\u00e4mme valikoiman.<\/li>\n<\/ul>\n<ul>\n<li>Materiaali: T\u00e4ysi m\u00e4nty (k\u00e4sittelem\u00e4t\u00f6n)<\/li>\n<li>Mitat: 199 x 95,5 x 151 cm (P x L x K)<\/li>\n<li>Vapaa korkeus s\u00e4ngyn alla: 21 cm<\/li>\n<li>Sopiva patjan koko: 90 x 190 cm (L x P) (Patja ei sis\u00e4lly tilaukseen)<\/li>\n<li>Suurin kantavuus (patjan kanssa): 100 kg<\/li>\n<li>Suositeltu ik\u00e4: 4 vuotta ja sit\u00e4 vanhemmat<\/li>\n<li>S\u00e4lepohjalla<\/li>\n<li>Asennus vaaditaan: Kyll\u00e4<\/li>\n<\/ul>\n","protected":false},"excerpt":{"rendered":"<ul>\n<li>Materiaali: T\u00e4ysi m\u00e4nty (k\u00e4sittelem\u00e4t\u00f6n)<\/li>\n<li>Mitat: 199 x 95,5 x 151 cm (P x L x K)<\/li>\n<li>Vapaa korkeus s\u00e4ngyn alla: 21 cm<\/li>\n<li>Sopiva patjan koko: 90 x 190 cm (L x P) (Patja ei sis\u00e4lly tilaukseen)<\/li>\n<li>Suurin kantavuus (patjan kanssa): 100 kg<\/li>\n<li>Suositeltu ik\u00e4: 4 vuotta ja sit\u00e4 vanhemmat<\/li>\n<li>S\u00e4lepohjalla<\/li>\n<li>Asennus vaaditaan: Kyll\u00e4<\/li>\n<\/ul>\n","protected":false},"featured_media":100000129085,"comment_status":"closed","ping_status":"closed","template":"","meta":[],"product_brand":[],"product_cat":[84,8638],"product_tag":[],"class_list":{"0":"post-129085","1":"product","2":"type-product","3":"status-publish","4":"has-post-thumbnail","6":"product_cat-huonekalut","7":"product_cat-sangyt-sangynrungot","9":"first","10":"instock","11":"taxable","12":"shipping-taxable","13":"purchasable","14":"product-type-simple"},"_links":{"self":[{"href":"https:\/\/www.otiumhome.fi\/index.php\/wp-json\/wp\/v2\/product\/129085","targetHints":{"allow":["GET"]}}],"collection":[{"href":"https:\/\/www.otiumhome.fi\/index.php\/wp-json\/wp\/v2\/product"}],"about":[{"href":"https:\/\/www.otiumhome.fi\/index.php\/wp-json\/wp\/v2\/types\/product"}],"replies":[{"embeddable":true,"href":"https:\/\/www.otiumhome.fi\/index.php\/wp-json\/wp\/v2\/comments?post=129085"}],"wp:featuredmedia":[{"embeddable":true,"href":"https:\/\/www.otiumhome.fi\/index.php\/wp-json\/"}],"wp:attachment":[{"href":"https:\/\/www.otiumhome.fi\/index.php\/wp-json\/wp\/v2\/media?parent=129085"}],"wp:term":[{"taxonomy":"product_brand","embeddable":true,"href":"https:\/\/www.otiumhome.fi\/index.php\/wp-json\/wp\/v2\/product_brand?post=129085"},{"taxonomy":"product_cat","embeddable":true,"href":"https:\/\/www.otiumhome.fi\/index.php\/wp-json\/wp\/v2\/product_cat?post=129085"},{"taxonomy":"product_tag","embeddable":true,"href":"https:\/\/www.otiumhome.fi\/index.php\/wp-json\/wp\/v2\/product_tag?post=129085"}],"curies":[{"name":"wp","href":"https:\/\/api.w.org\/{rel}","templated":true}]}}