{"id":128674,"date":"2024-12-16T10:33:53","date_gmt":"2024-12-16T10:33:53","guid":{"rendered":"https:\/\/www.otiumhome.fi\/?p=128674"},"modified":"2025-06-06T18:27:35","modified_gmt":"2025-06-06T18:27:35","slug":"sangynrunko-erikoispitka-ei-patjaa-valk-90x210-cm-taysi-manty","status":"publish","type":"product","link":"https:\/\/www.otiumhome.fi\/index.php\/tuote\/sangynrunko-erikoispitka-ei-patjaa-valk-90x210-cm-taysi-manty\/","title":{"rendered":"S\u00e4ngynrunko erikoispitk\u00e4 ei patjaa valk. 90&#215;210 cm t\u00e4ysi m\u00e4nty"},"content":{"rendered":"<p>Nauti hyvist\u00e4 y\u00f6unista t\u00e4ll\u00e4 puisella s\u00e4ngynrungolla.<\/p>\n<\/p>\n<ul>\n<li>Vankka ja vakaa materiaali: T\u00e4ysi m\u00e4nty tunnetaan lujuudestaan ja kest\u00e4vyydest\u00e4\u00e4n. Sen suorat puunsyyt ja erottuvat oksanpaikat lis\u00e4\u00e4v\u00e4t sen rustiikkista charmia.<\/li>\n<li>S\u00e4leet optimaaliseen tukeen: S\u00e4ngynrungossa on s\u00e4leet, jotka tarjoavat t\u00e4rke\u00e4n tuen ja hengitt\u00e4vyyden patjallesi.<\/li>\n<li>Erinomainen tuki: S\u00e4ngynrungon p\u00e4\u00e4ty tarjoaa sinulle erinomaisen selk\u00e4tuen s\u00e4ngyll\u00e4 istuessasi, kun luet kirjaa tai katselet televisiota.<\/li>\n<li>Vakaat ja kest\u00e4v\u00e4t jalat: T\u00e4ss\u00e4 puus\u00e4ngyss\u00e4 on tukevat jalat, jotka takaavat vakauden, turvallisuuden ja lujuuden.<\/li>\n<\/ul>\n<p>Hyv\u00e4 tiet\u00e4\u00e4:<\/p>\n<ul>\n<li>Patja ei sis\u00e4lly t\u00e4h\u00e4n s\u00e4nkyyn. Tarjoamme monipuolisen valikoiman patjoja, jotka l\u00f6yd\u00e4t tarkistamalla myym\u00e4l\u00e4mme valikoiman.<\/li>\n<\/ul>\n<ul>\n<li>V\u00e4ri: Valkoinen<\/li>\n<li>Materiaali: T\u00e4ysi m\u00e4nty<\/li>\n<li>Mitat: 215,5 x 95,5 x 69,5 cm (P x L x K)<\/li>\n<li>Sopiva patjan koko: 90 x 210 cm (L x P) (patja ei mukana)<\/li>\n<li>Erikoispitk\u00e4 s\u00e4ngynrunko<\/li>\n<li>Asennus vaaditaan: Kyll\u00e4<\/li>\n<\/ul>\n","protected":false},"excerpt":{"rendered":"<ul>\n<li>V\u00e4ri: Valkoinen<\/li>\n<li>Materiaali: T\u00e4ysi m\u00e4nty<\/li>\n<li>Mitat: 215,5 x 95,5 x 69,5 cm (P x L x K)<\/li>\n<li>Sopiva patjan koko: 90 x 210 cm (L x P) (patja ei mukana)<\/li>\n<li>Erikoispitk\u00e4 s\u00e4ngynrunko<\/li>\n<li>Asennus vaaditaan: Kyll\u00e4<\/li>\n<\/ul>\n","protected":false},"featured_media":100000128674,"comment_status":"closed","ping_status":"closed","template":"","meta":[],"product_brand":[],"product_cat":[84,8638],"product_tag":[],"class_list":{"0":"post-128674","1":"product","2":"type-product","3":"status-publish","4":"has-post-thumbnail","6":"product_cat-huonekalut","7":"product_cat-sangyt-sangynrungot","9":"first","10":"instock","11":"taxable","12":"shipping-taxable","13":"purchasable","14":"product-type-simple"},"_links":{"self":[{"href":"https:\/\/www.otiumhome.fi\/index.php\/wp-json\/wp\/v2\/product\/128674","targetHints":{"allow":["GET"]}}],"collection":[{"href":"https:\/\/www.otiumhome.fi\/index.php\/wp-json\/wp\/v2\/product"}],"about":[{"href":"https:\/\/www.otiumhome.fi\/index.php\/wp-json\/wp\/v2\/types\/product"}],"replies":[{"embeddable":true,"href":"https:\/\/www.otiumhome.fi\/index.php\/wp-json\/wp\/v2\/comments?post=128674"}],"wp:featuredmedia":[{"embeddable":true,"href":"https:\/\/www.otiumhome.fi\/index.php\/wp-json\/"}],"wp:attachment":[{"href":"https:\/\/www.otiumhome.fi\/index.php\/wp-json\/wp\/v2\/media?parent=128674"}],"wp:term":[{"taxonomy":"product_brand","embeddable":true,"href":"https:\/\/www.otiumhome.fi\/index.php\/wp-json\/wp\/v2\/product_brand?post=128674"},{"taxonomy":"product_cat","embeddable":true,"href":"https:\/\/www.otiumhome.fi\/index.php\/wp-json\/wp\/v2\/product_cat?post=128674"},{"taxonomy":"product_tag","embeddable":true,"href":"https:\/\/www.otiumhome.fi\/index.php\/wp-json\/wp\/v2\/product_tag?post=128674"}],"curies":[{"name":"wp","href":"https:\/\/api.w.org\/{rel}","templated":true}]}}