{"id":128443,"date":"2024-12-16T10:28:10","date_gmt":"2024-12-16T10:28:10","guid":{"rendered":"https:\/\/www.otiumhome.fi\/?p=128443"},"modified":"2025-12-23T07:25:13","modified_gmt":"2025-12-23T07:25:13","slug":"parvisanky-tyopoydalla-valkoinen-90x190-cm-taysi-manty","status":"publish","type":"product","link":"https:\/\/www.otiumhome.fi\/index.php\/tuote\/parvisanky-tyopoydalla-valkoinen-90x190-cm-taysi-manty\/","title":{"rendered":"Parvis\u00e4nky ty\u00f6p\u00f6yd\u00e4ll\u00e4 valkoinen 90&#215;190 cm t\u00e4ysi m\u00e4nty"},"content":{"rendered":"<p>T\u00e4m\u00e4 puinen parvis\u00e4nky on elegantti ja toimiva, siksi se on t\u00e4ydellinen lis\u00e4 mihin tahansa huoneeseen, joissa tilaa on rajoitetusti.<\/p>\n<\/p>\n<ul>\n<li>T\u00e4ysi m\u00e4nty: T\u00e4ysi m\u00e4ntypuu on kaunis luonnollinen materiaali. M\u00e4nnyll\u00e4 on suorat puunsyyt ja sen oksanpaikat antavat materiaalille sen ominaisen rustiikkisen ilmeen.<\/li>\n<li>Turvallinen muotoilu: Ty\u00f6p\u00f6yd\u00e4n sis\u00e4lt\u00e4v\u00e4 parvis\u00e4nky on muotoiltu turvallisuus mieless\u00e4 pit\u00e4en. Siin\u00e4 on turvakaiteet, jotka est\u00e4v\u00e4t nukkujaa putoamasta unen aikana.<\/li>\n<li>Tilava ty\u00f6p\u00f6yt\u00e4: Ty\u00f6p\u00f6yd\u00e4ss\u00e4 on riitt\u00e4v\u00e4 tila l\u00e4pp\u00e4rille ja kirjoille, mik\u00e4 luo mukavan opiskeluymp\u00e4rist\u00f6n lapsillesi.<\/li>\n<li>Vaneris\u00e4leet: Vaneris\u00e4leet tarjoavat hyv\u00e4n painon jakautumisen, taaten patjan pysymisen paikallaan jokaisen k\u00e4\u00e4nn\u00f6ksen ja liikahduksen my\u00f6t\u00e4, joita unissasi teet.<\/li>\n<\/ul>\n<p>Hyv\u00e4 tiet\u00e4\u00e4:<\/p>\n<ul>\n<li>Patjat eiv\u00e4t sis\u00e4lly t\u00e4h\u00e4n s\u00e4nkyyn. Tarjoamme monipuolisen valikoiman patjoja, jotka l\u00f6yd\u00e4t tarkistamalla myym\u00e4l\u00e4mme valikoiman.<\/li>\n<\/ul>\n<p>Varoitus:<\/p>\n<ul>\n<li>Kaatumisen est\u00e4miseksi t\u00e4t\u00e4 tuotetta on k\u00e4ytett\u00e4v\u00e4 mukana toimitetun sein\u00e4kiinnityslaitteen kanssa.<\/li>\n<\/ul>\n<ul>\n<li>V\u00e4ri: Valkoinen<\/li>\n<li>Materiaali: T\u00e4ysi m\u00e4nty<\/li>\n<li>S\u00e4lemateriaali: Vaneri<\/li>\n<li>Kokonaismitat: 195,5 x 97,5 x 175 cm (P x L x K)<\/li>\n<li>Sopiva patjan koko: 90 x 190 cm (L x P) (Patja ei sis\u00e4lly tilaukseen)<\/li>\n<li>P\u00f6yd\u00e4n koko: 90 x 44 cm (P x L)<\/li>\n<li>Sopii yli 6-vuotialle<\/li>\n<li>Asennus vaaditaan: Kyll\u00e4<\/li>\n<li>Legal Documents:\n<p><span>Lis\u00e4tietoja huonekalujesi kaatumisen est\u00e4misest\u00e4 voit l\u00f6yt\u00e4\u00e4 <span style=\"text-decoration: underline\"><strong><a title=\"https:\/\/bit.ly\/3bVwkQp\" href=\"https:\/\/bit.ly\/3bVwkQp\" target=\"_blank\">t\u00e4\u00e4lt\u00e4<\/a><\/strong><\/span><\/span><\/p>\n<\/li>\n<\/ul>\n","protected":false},"excerpt":{"rendered":"<ul>\n<li>V\u00e4ri: Valkoinen<\/li>\n<li>Materiaali: T\u00e4ysi m\u00e4nty<\/li>\n<li>S\u00e4lemateriaali: Vaneri<\/li>\n<li>Kokonaismitat: 195,5 x 97,5 x 175 cm (P x L x K)<\/li>\n<li>Sopiva patjan koko: 90 x 190 cm (L x P) (Patja ei sis\u00e4lly tilaukseen)<\/li>\n<li>P\u00f6yd\u00e4n koko: 90 x 44 cm (P x L)<\/li>\n<li>Sopii yli 6-vuotialle<\/li>\n<li>Asennus vaaditaan: Kyll\u00e4<\/li>\n<li>Legal Documents:\n<p><span>Lis\u00e4tietoja huonekalujesi kaatumisen est\u00e4misest\u00e4 voit l\u00f6yt\u00e4\u00e4 <span style=\"text-decoration: underline\"><strong><a title=\"https:\/\/bit.ly\/3bVwkQp\" href=\"https:\/\/bit.ly\/3bVwkQp\" target=\"_blank\">t\u00e4\u00e4lt\u00e4<\/a><\/strong><\/span><\/span><\/p>\n<\/li>\n<\/ul>\n","protected":false},"featured_media":100000128443,"comment_status":"closed","ping_status":"closed","template":"","meta":[],"product_brand":[],"product_cat":[84,8638],"product_tag":[],"class_list":{"0":"post-128443","1":"product","2":"type-product","3":"status-publish","4":"has-post-thumbnail","6":"product_cat-huonekalut","7":"product_cat-sangyt-sangynrungot","9":"first","10":"instock","11":"taxable","12":"shipping-taxable","13":"purchasable","14":"product-type-simple"},"_links":{"self":[{"href":"https:\/\/www.otiumhome.fi\/index.php\/wp-json\/wp\/v2\/product\/128443","targetHints":{"allow":["GET"]}}],"collection":[{"href":"https:\/\/www.otiumhome.fi\/index.php\/wp-json\/wp\/v2\/product"}],"about":[{"href":"https:\/\/www.otiumhome.fi\/index.php\/wp-json\/wp\/v2\/types\/product"}],"replies":[{"embeddable":true,"href":"https:\/\/www.otiumhome.fi\/index.php\/wp-json\/wp\/v2\/comments?post=128443"}],"wp:featuredmedia":[{"embeddable":true,"href":"https:\/\/www.otiumhome.fi\/index.php\/wp-json\/"}],"wp:attachment":[{"href":"https:\/\/www.otiumhome.fi\/index.php\/wp-json\/wp\/v2\/media?parent=128443"}],"wp:term":[{"taxonomy":"product_brand","embeddable":true,"href":"https:\/\/www.otiumhome.fi\/index.php\/wp-json\/wp\/v2\/product_brand?post=128443"},{"taxonomy":"product_cat","embeddable":true,"href":"https:\/\/www.otiumhome.fi\/index.php\/wp-json\/wp\/v2\/product_cat?post=128443"},{"taxonomy":"product_tag","embeddable":true,"href":"https:\/\/www.otiumhome.fi\/index.php\/wp-json\/wp\/v2\/product_tag?post=128443"}],"curies":[{"name":"wp","href":"https:\/\/api.w.org\/{rel}","templated":true}]}}