{"id":128217,"date":"2024-12-16T09:43:30","date_gmt":"2024-12-16T09:43:30","guid":{"rendered":"https:\/\/www.otiumhome.fi\/?p=128217"},"modified":"2025-06-06T18:16:23","modified_gmt":"2025-06-06T18:16:23","slug":"sangynrunko-valkoinen-140x200-cm-taysi-manty","status":"publish","type":"product","link":"https:\/\/www.otiumhome.fi\/index.php\/tuote\/sangynrunko-valkoinen-140x200-cm-taysi-manty\/","title":{"rendered":"S\u00e4ngynrunko valkoinen 140&#215;200 cm t\u00e4ysi m\u00e4nty"},"content":{"rendered":"<p>Luo makuuhuoneestasi siistin moderni t\u00e4ll\u00e4 puisella s\u00e4ngynrungolla! Se on k\u00e4yt\u00e4nn\u00f6llinen ja koristeellinen lis\u00e4 sisustukseen.<\/p>\n<\/p>\n<ul>\n<li>T\u00e4ysi m\u00e4nty: T\u00e4ysi m\u00e4ntypuu on kaunis luonnollinen materiaali. M\u00e4nnyll\u00e4 on suorat puunsyyt ja sen oksanpaikat antavat materiaalille sen ominaisen rustiikkisen ilmeen.<\/li>\n<li>Vakaa s\u00e4ngynrunko: Puurunko takaa tukevuuden ja vakauden.<\/li>\n<li>Tukevat s\u00e4leet: Vaneris\u00e4leet tarjoavat hyv\u00e4n painon jakautumisen, taaten patjan pysymisen paikallaan jokaisen k\u00e4\u00e4nn\u00f6ksen ja liikahduksen my\u00f6t\u00e4, joita unissasi teet.<\/li>\n<\/ul>\n<p>Huomioi:<\/p>\n<ul>\n<li>Patja ei sis\u00e4lly toimitukseen. Patja ei mukana. Voit etsi\u00e4 myym\u00e4l\u00e4st\u00e4mme sopivia patjoja.<\/li>\n<li>T\u00e4m\u00e4 s\u00e4ngynrunko sopii patjalle, jonka mitat ovat 140 x 200 cm.<\/li>\n<li>Jokaisen tuotteen mukana on laatikossa kokoonpano-ohje helppoa asennusta varten.<\/li>\n<\/ul>\n<ul>\n<li>V\u00e4ri: Valkoinen<\/li>\n<li>S\u00e4ngynrungon materiaali: T\u00e4ysi m\u00e4nty<\/li>\n<li>S\u00e4lemateriaali: Vaneri<\/li>\n<li>Kokonaismitat: 203,5 x 144 x 9 cm (P x L x K)<\/li>\n<li>Sopiva patjan koko: 140 x 200 cm (L x P) (patja ei mukana)<\/li>\n<\/ul>\n","protected":false},"excerpt":{"rendered":"<ul>\n<li>V\u00e4ri: Valkoinen<\/li>\n<li>S\u00e4ngynrungon materiaali: T\u00e4ysi m\u00e4nty<\/li>\n<li>S\u00e4lemateriaali: Vaneri<\/li>\n<li>Kokonaismitat: 203,5 x 144 x 9 cm (P x L x K)<\/li>\n<li>Sopiva patjan koko: 140 x 200 cm (L x P) (patja ei mukana)<\/li>\n<\/ul>\n","protected":false},"featured_media":100000128217,"comment_status":"closed","ping_status":"closed","template":"","meta":[],"product_brand":[],"product_cat":[84,8638],"product_tag":[],"class_list":{"0":"post-128217","1":"product","2":"type-product","3":"status-publish","4":"has-post-thumbnail","6":"product_cat-huonekalut","7":"product_cat-sangyt-sangynrungot","9":"first","10":"instock","11":"taxable","12":"shipping-taxable","13":"purchasable","14":"product-type-simple"},"_links":{"self":[{"href":"https:\/\/www.otiumhome.fi\/index.php\/wp-json\/wp\/v2\/product\/128217","targetHints":{"allow":["GET"]}}],"collection":[{"href":"https:\/\/www.otiumhome.fi\/index.php\/wp-json\/wp\/v2\/product"}],"about":[{"href":"https:\/\/www.otiumhome.fi\/index.php\/wp-json\/wp\/v2\/types\/product"}],"replies":[{"embeddable":true,"href":"https:\/\/www.otiumhome.fi\/index.php\/wp-json\/wp\/v2\/comments?post=128217"}],"wp:featuredmedia":[{"embeddable":true,"href":"https:\/\/www.otiumhome.fi\/index.php\/wp-json\/"}],"wp:attachment":[{"href":"https:\/\/www.otiumhome.fi\/index.php\/wp-json\/wp\/v2\/media?parent=128217"}],"wp:term":[{"taxonomy":"product_brand","embeddable":true,"href":"https:\/\/www.otiumhome.fi\/index.php\/wp-json\/wp\/v2\/product_brand?post=128217"},{"taxonomy":"product_cat","embeddable":true,"href":"https:\/\/www.otiumhome.fi\/index.php\/wp-json\/wp\/v2\/product_cat?post=128217"},{"taxonomy":"product_tag","embeddable":true,"href":"https:\/\/www.otiumhome.fi\/index.php\/wp-json\/wp\/v2\/product_tag?post=128217"}],"curies":[{"name":"wp","href":"https:\/\/api.w.org\/{rel}","templated":true}]}}