{"id":128053,"date":"2024-12-16T09:42:29","date_gmt":"2024-12-16T09:42:29","guid":{"rendered":"https:\/\/www.otiumhome.fi\/?p=128053"},"modified":"2025-06-06T18:14:46","modified_gmt":"2025-06-06T18:14:46","slug":"sohvasanky-ulosvedettava-harmaa-2x-90x200-cm-taysi-manty","status":"publish","type":"product","link":"https:\/\/www.otiumhome.fi\/index.php\/tuote\/sohvasanky-ulosvedettava-harmaa-2x-90x200-cm-taysi-manty\/","title":{"rendered":"Sohvas\u00e4nky ulosvedett\u00e4v\u00e4 harmaa 2x (90&#215;200) cm t\u00e4ysi m\u00e4nty"},"content":{"rendered":"<p>T\u00e4t\u00e4 monipuolista puista vuodesohvaa voidaan k\u00e4ytt\u00e4\u00e4 s\u00e4nkyn\u00e4 makuuhuoneessasi, se sopii my\u00f6s t\u00e4ydellisesti olohuoneesi sohvaksi.<\/p>\n<\/p>\n<ul>\n<li>T\u00e4ysi m\u00e4nty: T\u00e4ysi m\u00e4nty on luonnollisen kaunis materiaali. M\u00e4nnyll\u00e4 on suorat puunsyyt ja sen oksanpaikat antavat materiaalille sen ominaisen rustiikkisen ilmeen. T\u00e4m\u00e4 vierass\u00e4nky on valmistettu t\u00e4ydest\u00e4 m\u00e4nnyst\u00e4, joten se on vakaampi ja kest\u00e4v\u00e4mpi.<\/li>\n<li>Ulosvedett\u00e4v\u00e4 vuodesohva: Puista sohvas\u00e4nky\u00e4 voidaan k\u00e4ytt\u00e4\u00e4 p\u00e4iv\u00e4ll\u00e4 sohvana tai y\u00f6ll\u00e4 vuoteena, joten se tarjoaa nopean ratkaisun y\u00f6vieraiden majoittamiseen ja tilan s\u00e4\u00e4st\u00e4miseen.<\/li>\n<li>S\u00e4lerakenne: S\u00e4lepohja tarjoaa paremman ilmankierron, joka pit\u00e4\u00e4 patjan raikkaampana pidemp\u00e4\u00e4n, parantaa vierasvuoteen painonkantokyky\u00e4 ja varmistaa vakauden.<\/li>\n<li>Helppo k\u00e4ytt\u00e4\u00e4: T\u00e4m\u00e4 vierass\u00e4nky on eritt\u00e4in k\u00e4tev\u00e4k\u00e4ytt\u00f6inen eik\u00e4 se vaadi laatikkojousta tai alustaa. Asetat vain patjan rungon p\u00e4\u00e4lle ja voit nauttia rauhallisesta unesta tai istuma-ajasta!<\/li>\n<\/ul>\n<p>Huomioi:<\/p>\n<ul>\n<li>Toimituksessa mukana ainoastaan sohvas\u00e4ngynrunko. Patja ei sis\u00e4lly toimitukseen. Kaupastamme voit etsi\u00e4 sopivia patjoja.<\/li>\n<li>Jokaisen tuotteen mukana on laatikossa kokoonpano-ohje helppoa asennusta varten.<\/li>\n<\/ul>\n<ul>\n<li>V\u00e4ri: Harmaa <\/li>\n<li>Materiaali: T\u00e4ysi m\u00e4nty<\/li>\n<li>Sohvas\u00e4ngyn mitat (avattuna): 202,5 x 180 x 33,5 cm (P x L x K) <\/li>\n<li>Sohvas\u00e4ngyn mitat (suljettuna): 202,5 x 95 x 33,5 cm (P x L x K) <\/li>\n<li>Sopiva patjan koko: 90 x 200 cm (L x P) (patja ei sis\u00e4lly toimitukseen) <\/li>\n<li>Tarvitaan 2 kpl patjoja <\/li>\n<\/ul>\n","protected":false},"excerpt":{"rendered":"<ul>\n<li>V\u00e4ri: Harmaa <\/li>\n<li>Materiaali: T\u00e4ysi m\u00e4nty<\/li>\n<li>Sohvas\u00e4ngyn mitat (avattuna): 202,5 x 180 x 33,5 cm (P x L x K) <\/li>\n<li>Sohvas\u00e4ngyn mitat (suljettuna): 202,5 x 95 x 33,5 cm (P x L x K) <\/li>\n<li>Sopiva patjan koko: 90 x 200 cm (L x P) (patja ei sis\u00e4lly toimitukseen) <\/li>\n<li>Tarvitaan 2 kpl patjoja <\/li>\n<\/ul>\n","protected":false},"featured_media":100000128053,"comment_status":"closed","ping_status":"closed","template":"","meta":[],"product_brand":[],"product_cat":[84,8638],"product_tag":[],"class_list":{"0":"post-128053","1":"product","2":"type-product","3":"status-publish","4":"has-post-thumbnail","6":"product_cat-huonekalut","7":"product_cat-sangyt-sangynrungot","9":"first","10":"instock","11":"taxable","12":"shipping-taxable","13":"purchasable","14":"product-type-simple"},"_links":{"self":[{"href":"https:\/\/www.otiumhome.fi\/index.php\/wp-json\/wp\/v2\/product\/128053","targetHints":{"allow":["GET"]}}],"collection":[{"href":"https:\/\/www.otiumhome.fi\/index.php\/wp-json\/wp\/v2\/product"}],"about":[{"href":"https:\/\/www.otiumhome.fi\/index.php\/wp-json\/wp\/v2\/types\/product"}],"replies":[{"embeddable":true,"href":"https:\/\/www.otiumhome.fi\/index.php\/wp-json\/wp\/v2\/comments?post=128053"}],"wp:featuredmedia":[{"embeddable":true,"href":"https:\/\/www.otiumhome.fi\/index.php\/wp-json\/"}],"wp:attachment":[{"href":"https:\/\/www.otiumhome.fi\/index.php\/wp-json\/wp\/v2\/media?parent=128053"}],"wp:term":[{"taxonomy":"product_brand","embeddable":true,"href":"https:\/\/www.otiumhome.fi\/index.php\/wp-json\/wp\/v2\/product_brand?post=128053"},{"taxonomy":"product_cat","embeddable":true,"href":"https:\/\/www.otiumhome.fi\/index.php\/wp-json\/wp\/v2\/product_cat?post=128053"},{"taxonomy":"product_tag","embeddable":true,"href":"https:\/\/www.otiumhome.fi\/index.php\/wp-json\/wp\/v2\/product_tag?post=128053"}],"curies":[{"name":"wp","href":"https:\/\/api.w.org\/{rel}","templated":true}]}}