{"id":127909,"date":"2024-12-16T09:38:41","date_gmt":"2024-12-16T09:38:41","guid":{"rendered":"https:\/\/www.otiumhome.fi\/?p=127909"},"modified":"2025-06-06T18:08:58","modified_gmt":"2025-06-06T18:08:58","slug":"korotettu-sanky-valkoinen-80x200-cm-taysi-manty","status":"publish","type":"product","link":"https:\/\/www.otiumhome.fi\/index.php\/tuote\/korotettu-sanky-valkoinen-80x200-cm-taysi-manty\/","title":{"rendered":"Korotettu s\u00e4nky valkoinen 80&#215;200 cm t\u00e4ysi m\u00e4nty"},"content":{"rendered":"<p>T\u00e4m\u00e4 korotettu s\u00e4nky, jonka muotoilun ytimess\u00e4 n\u00e4kyy monipuolisuus, on t\u00e4ydellinen yhdistelm\u00e4 tyylik\u00e4st\u00e4, modernia tyyli\u00e4 ja k\u00e4yt\u00e4nn\u00f6llisyytt\u00e4. Se on ihanteellinen pieniin huoneisiin.<\/p>\n<\/p>\n<ul>\n<li>T\u00e4ysi m\u00e4nty: T\u00e4ysi m\u00e4ntypuu on kaunis luonnollinen materiaali. M\u00e4nnyll\u00e4 on suorat puunsyyt ja sen oksanpaikat antavat materiaalille sen ominaisen rustiikkisen ilmeen.<\/li>\n<li>K\u00e4yt\u00e4nn\u00f6llinen toiminto: Parvis\u00e4nky tarjoaa mahtavan tavan hy\u00f6dynt\u00e4\u00e4 lastenhuoneen lattiatilaa. Voit yhdist\u00e4\u00e4 sen siistin peliverhon, pelipatjan ja irtopaneelien kanssa leikkinurkkauksen luomiseksi tai k\u00e4ytt\u00e4\u00e4 alla olevaa tilaa s\u00e4ilytykseen.<\/li>\n<li>Tukeva s\u00e4ngynrunko: Puinen parvis\u00e4nky takaa tukevuuden ja vakauden. Vaneris\u00e4leet tarjoavat lis\u00e4tukea s\u00e4ngylle. Se pident\u00e4\u00e4 patjasi k\u00e4ytt\u00f6ik\u00e4\u00e4 ottamalla vastaan suurimman osan s\u00e4ngyn painosta ja rasituksesta.<\/li>\n<li>Turvallinen muotoilu: Korotettu s\u00e4nky sis\u00e4lt\u00e4\u00e4 kiinte\u00e4t tikkaat, jotka tekev\u00e4t s\u00e4nkyyn kiipe\u00e4misest\u00e4 ja alastulosta helppoa. Suojakaiteet varmistavat, ett\u00e4 lapsesi pysyv\u00e4t turvassa nukkuessaan.<\/li>\n<\/ul>\n<p>Huomioi:<\/p>\n<ul>\n<li>Patja ei sis\u00e4lly toimitukseen. Voit etsi\u00e4 myym\u00e4l\u00e4st\u00e4mme sopivia patjoja.<\/li>\n<li>T\u00e4m\u00e4 s\u00e4ngynrunko sopii patjalle, jonka mitat ovat 80 x 200 cm.<\/li>\n<li>Jokaisen tuotteen mukana on laatikossa kokoonpano-ohje helppoa asennusta varten.<\/li>\n<\/ul>\n<ul>\n<li>V\u00e4ri: Valkoinen<\/li>\n<li>Materiaali: T\u00e4ysi m\u00e4nty<\/li>\n<li>Mitat: 205,5 x 85,5 x 89 cm (P x L x K)<\/li>\n<li>Sopiva patjan koko: 80 x 200 cm (L x P) (patja ei sis\u00e4lly toimitukseen)<\/li>\n<\/ul>\n","protected":false},"excerpt":{"rendered":"<ul>\n<li>V\u00e4ri: Valkoinen<\/li>\n<li>Materiaali: T\u00e4ysi m\u00e4nty<\/li>\n<li>Mitat: 205,5 x 85,5 x 89 cm (P x L x K)<\/li>\n<li>Sopiva patjan koko: 80 x 200 cm (L x P) (patja ei sis\u00e4lly toimitukseen)<\/li>\n<\/ul>\n","protected":false},"featured_media":100000127909,"comment_status":"closed","ping_status":"closed","template":"","meta":[],"product_brand":[],"product_cat":[84,8638],"product_tag":[],"class_list":{"0":"post-127909","1":"product","2":"type-product","3":"status-publish","4":"has-post-thumbnail","6":"product_cat-huonekalut","7":"product_cat-sangyt-sangynrungot","9":"first","10":"instock","11":"taxable","12":"shipping-taxable","13":"purchasable","14":"product-type-simple"},"_links":{"self":[{"href":"https:\/\/www.otiumhome.fi\/index.php\/wp-json\/wp\/v2\/product\/127909","targetHints":{"allow":["GET"]}}],"collection":[{"href":"https:\/\/www.otiumhome.fi\/index.php\/wp-json\/wp\/v2\/product"}],"about":[{"href":"https:\/\/www.otiumhome.fi\/index.php\/wp-json\/wp\/v2\/types\/product"}],"replies":[{"embeddable":true,"href":"https:\/\/www.otiumhome.fi\/index.php\/wp-json\/wp\/v2\/comments?post=127909"}],"wp:featuredmedia":[{"embeddable":true,"href":"https:\/\/www.otiumhome.fi\/index.php\/wp-json\/"}],"wp:attachment":[{"href":"https:\/\/www.otiumhome.fi\/index.php\/wp-json\/wp\/v2\/media?parent=127909"}],"wp:term":[{"taxonomy":"product_brand","embeddable":true,"href":"https:\/\/www.otiumhome.fi\/index.php\/wp-json\/wp\/v2\/product_brand?post=127909"},{"taxonomy":"product_cat","embeddable":true,"href":"https:\/\/www.otiumhome.fi\/index.php\/wp-json\/wp\/v2\/product_cat?post=127909"},{"taxonomy":"product_tag","embeddable":true,"href":"https:\/\/www.otiumhome.fi\/index.php\/wp-json\/wp\/v2\/product_tag?post=127909"}],"curies":[{"name":"wp","href":"https:\/\/api.w.org\/{rel}","templated":true}]}}