{"id":127873,"date":"2024-12-16T09:38:37","date_gmt":"2024-12-16T09:38:37","guid":{"rendered":"https:\/\/www.otiumhome.fi\/?p=127873"},"modified":"2025-09-20T01:19:36","modified_gmt":"2025-09-20T01:19:36","slug":"sohvasanky-valkoinen-90x190-cm-single-taysi-manty","status":"publish","type":"product","link":"https:\/\/www.otiumhome.fi\/index.php\/tuote\/sohvasanky-valkoinen-90x190-cm-single-taysi-manty\/","title":{"rendered":"Sohvas\u00e4nky valkoinen 90&#215;190 cm Single t\u00e4ysi m\u00e4nty"},"content":{"rendered":"<p>T\u00e4t\u00e4 monipuolista vuodesohvaa voidaan k\u00e4ytt\u00e4\u00e4 s\u00e4nkyn\u00e4 makuuhuoneessasi ja se ihanteellinen my\u00f6s olohuoneesi sohvaksi. Se sopii eri tarpeisiisi t\u00e4ydellisesti, tarjoten sinulle reilusti tilaa nukkumiseen ja lep\u00e4\u00e4miseen.<\/p>\n<\/p>\n<ul>\n<li>T\u00e4ysi m\u00e4nty: T\u00e4ysi m\u00e4ntypuu on kaunis luonnollinen materiaali. M\u00e4nnyll\u00e4 on suorat puunsyyt ja sen oksanpaikat antavat materiaalille sen ominaisen rustiikkisen ilmeen.<\/li>\n<li>Monitoiminen vuodesohva: Puista vuodesohvaa voidaan k\u00e4ytt\u00e4\u00e4 p\u00e4iv\u00e4ll\u00e4 sohvana tai y\u00f6ll\u00e4 vuoteena, joten se tarjoaa nopean ratkaisun y\u00f6vieraiden majoittamiseen.<\/li>\n<li>Tukeva s\u00e4ngynrunko: Puurunko takaa vierasvuoteen tukevuuden ja vakauden. Vaneris\u00e4leet tarjoavat hyv\u00e4n painon jakautumisen, taaten patjan pysymisen paikallaan jokaisen k\u00e4\u00e4nn\u00f6ksen ja liikahduksen my\u00f6t\u00e4, joita unissasi teet.<\/li>\n<li>S\u00e4ilytystoiminto: Mukana toimitetut s\u00e4nkylaatikot tarjoavat runsaasti s\u00e4ilytystilaa t\u00e4rkeiden tavaroiden s\u00e4ilytt\u00e4miseen, t\u00e4m\u00e4 pit\u00e4\u00e4 huoneesi puhtaana ja siistin\u00e4.<\/li>\n<\/ul>\n<p>Huomioi:<\/p>\n<ul>\n<li>Patja ei sis\u00e4lly toimitukseen. Patja ei mukana. Voit etsi\u00e4 myym\u00e4l\u00e4st\u00e4mme sopivia patjoja.<\/li>\n<li>T\u00e4m\u00e4 s\u00e4ngynrunko sopii patjalle, jonka mitat ovat 90 x 190 cm (3FT Single).<\/li>\n<\/ul>\n<ul>\n<li>V\u00e4ri: Valkoinen<\/li>\n<li>Materiaali: t\u00e4ysi m\u00e4nty, vaneri<\/li>\n<li>Kokonaismitat: 195,5 x 95,5 x 44 cm (P x L x K)<\/li>\n<li>Sopiva patjan koko: 90 x 190 cm (L x P) (3FT Single) (Patja ei sis\u00e4lly tilaukseen)<\/li>\n<\/ul>\n","protected":false},"excerpt":{"rendered":"<ul>\n<li>V\u00e4ri: Valkoinen<\/li>\n<li>Materiaali: t\u00e4ysi m\u00e4nty, vaneri<\/li>\n<li>Kokonaismitat: 195,5 x 95,5 x 44 cm (P x L x K)<\/li>\n<li>Sopiva patjan koko: 90 x 190 cm (L x P) (3FT Single) (Patja ei sis\u00e4lly tilaukseen)<\/li>\n<\/ul>\n","protected":false},"featured_media":100000127873,"comment_status":"closed","ping_status":"closed","template":"","meta":[],"product_brand":[],"product_cat":[84,8638],"product_tag":[],"class_list":{"0":"post-127873","1":"product","2":"type-product","3":"status-publish","4":"has-post-thumbnail","6":"product_cat-huonekalut","7":"product_cat-sangyt-sangynrungot","9":"first","10":"instock","11":"taxable","12":"shipping-taxable","13":"purchasable","14":"product-type-simple"},"_links":{"self":[{"href":"https:\/\/www.otiumhome.fi\/index.php\/wp-json\/wp\/v2\/product\/127873","targetHints":{"allow":["GET"]}}],"collection":[{"href":"https:\/\/www.otiumhome.fi\/index.php\/wp-json\/wp\/v2\/product"}],"about":[{"href":"https:\/\/www.otiumhome.fi\/index.php\/wp-json\/wp\/v2\/types\/product"}],"replies":[{"embeddable":true,"href":"https:\/\/www.otiumhome.fi\/index.php\/wp-json\/wp\/v2\/comments?post=127873"}],"wp:featuredmedia":[{"embeddable":true,"href":"https:\/\/www.otiumhome.fi\/index.php\/wp-json\/"}],"wp:attachment":[{"href":"https:\/\/www.otiumhome.fi\/index.php\/wp-json\/wp\/v2\/media?parent=127873"}],"wp:term":[{"taxonomy":"product_brand","embeddable":true,"href":"https:\/\/www.otiumhome.fi\/index.php\/wp-json\/wp\/v2\/product_brand?post=127873"},{"taxonomy":"product_cat","embeddable":true,"href":"https:\/\/www.otiumhome.fi\/index.php\/wp-json\/wp\/v2\/product_cat?post=127873"},{"taxonomy":"product_tag","embeddable":true,"href":"https:\/\/www.otiumhome.fi\/index.php\/wp-json\/wp\/v2\/product_tag?post=127873"}],"curies":[{"name":"wp","href":"https:\/\/api.w.org\/{rel}","templated":true}]}}