{"id":127745,"date":"2024-12-16T09:38:18","date_gmt":"2024-12-16T09:38:18","guid":{"rendered":"https:\/\/www.otiumhome.fi\/?p=127745"},"modified":"2025-06-06T18:23:32","modified_gmt":"2025-06-06T18:23:32","slug":"lavasanky-valkoinen-120x190-cm-taysi-puu-small-double","status":"publish","type":"product","link":"https:\/\/www.otiumhome.fi\/index.php\/tuote\/lavasanky-valkoinen-120x190-cm-taysi-puu-small-double\/","title":{"rendered":"Lavas\u00e4nky valkoinen 120&#215;190 cm t\u00e4ysi puu Small Double"},"content":{"rendered":"<p>Lis\u00e4\u00e4 makuuhuoneestasi modernia tyyli\u00e4 t\u00e4ll\u00e4 klassisella puisella lavas\u00e4ngyll\u00e4! Se on k\u00e4yt\u00e4nn\u00f6llinen ja koristeellinen lis\u00e4 sisustukseen.<\/p>\n<\/p>\n<ul>\n<li>T\u00e4ysi m\u00e4nty: T\u00e4ysi m\u00e4ntypuu on kaunis luonnollinen materiaali. M\u00e4nnyll\u00e4 on suorat puunsyyt ja sen oksanpaikat antavat materiaalille sen ominaisen rustiikkisen ilmeen.<\/li>\n<li>Tukeva ja vakaa runko: Kaapin puurunko takaa tukevuuden ja vakauden.<\/li>\n<li>K\u00e4yt\u00e4nn\u00f6lliset s\u00e4leet: T\u00e4yspuisen s\u00e4ngynrungon pohjas\u00e4leet tarjoavat hyv\u00e4n painon jakautumisen, taaten patjan pysymisen paikallaan jokaisen k\u00e4\u00e4nn\u00f6ksen ja liikahduksen my\u00f6t\u00e4, joita unissasi teet.<\/li>\n<\/ul>\n<p>Huomioi:<\/p>\n<ul>\n<li>Patja ei sis\u00e4lly toimitukseen. Patja ei mukana. Voit etsi\u00e4 myym\u00e4l\u00e4st\u00e4mme sopivia patjoja.<\/li>\n<li>T\u00e4m\u00e4 s\u00e4ngynrunko sopii patjalle, jonka mitat ovat 120 x 190 cm (4FT Small Double).<\/li>\n<li>Jokaisen tuotteen mukana on laatikossa kokoonpano-ohje helppoa asennusta varten.<\/li>\n<\/ul>\n<ul>\n<li>V\u00e4ri: Valkoinen<\/li>\n<li>Materiaali: T\u00e4ysi m\u00e4nty <\/li>\n<li>Kokonaismitat: 190 x 120 x 11 cm (P x L x K)<\/li>\n<li>Sopiva patjan koko: 120 x 190 cm (L x P) (4FT Small Double) (patja ei sis\u00e4lly toimitukseen)<\/li>\n<\/ul>\n","protected":false},"excerpt":{"rendered":"<ul>\n<li>V\u00e4ri: Valkoinen<\/li>\n<li>Materiaali: T\u00e4ysi m\u00e4nty <\/li>\n<li>Kokonaismitat: 190 x 120 x 11 cm (P x L x K)<\/li>\n<li>Sopiva patjan koko: 120 x 190 cm (L x P) (4FT Small Double) (patja ei sis\u00e4lly toimitukseen)<\/li>\n<\/ul>\n","protected":false},"featured_media":100000127745,"comment_status":"closed","ping_status":"closed","template":"","meta":[],"product_brand":[],"product_cat":[84,8638],"product_tag":[],"class_list":{"0":"post-127745","1":"product","2":"type-product","3":"status-publish","4":"has-post-thumbnail","6":"product_cat-huonekalut","7":"product_cat-sangyt-sangynrungot","9":"first","10":"instock","11":"taxable","12":"shipping-taxable","13":"purchasable","14":"product-type-simple"},"_links":{"self":[{"href":"https:\/\/www.otiumhome.fi\/index.php\/wp-json\/wp\/v2\/product\/127745","targetHints":{"allow":["GET"]}}],"collection":[{"href":"https:\/\/www.otiumhome.fi\/index.php\/wp-json\/wp\/v2\/product"}],"about":[{"href":"https:\/\/www.otiumhome.fi\/index.php\/wp-json\/wp\/v2\/types\/product"}],"replies":[{"embeddable":true,"href":"https:\/\/www.otiumhome.fi\/index.php\/wp-json\/wp\/v2\/comments?post=127745"}],"wp:featuredmedia":[{"embeddable":true,"href":"https:\/\/www.otiumhome.fi\/index.php\/wp-json\/"}],"wp:attachment":[{"href":"https:\/\/www.otiumhome.fi\/index.php\/wp-json\/wp\/v2\/media?parent=127745"}],"wp:term":[{"taxonomy":"product_brand","embeddable":true,"href":"https:\/\/www.otiumhome.fi\/index.php\/wp-json\/wp\/v2\/product_brand?post=127745"},{"taxonomy":"product_cat","embeddable":true,"href":"https:\/\/www.otiumhome.fi\/index.php\/wp-json\/wp\/v2\/product_cat?post=127745"},{"taxonomy":"product_tag","embeddable":true,"href":"https:\/\/www.otiumhome.fi\/index.php\/wp-json\/wp\/v2\/product_tag?post=127745"}],"curies":[{"name":"wp","href":"https:\/\/api.w.org\/{rel}","templated":true}]}}