{"id":127357,"date":"2024-12-16T09:01:20","date_gmt":"2024-12-16T09:01:20","guid":{"rendered":"https:\/\/www.otiumhome.fi\/?p=127357"},"modified":"2025-06-06T18:03:57","modified_gmt":"2025-06-06T18:03:57","slug":"sangynrunko-musta-taysi-manty-90x190-cm-single","status":"publish","type":"product","link":"https:\/\/www.otiumhome.fi\/index.php\/tuote\/sangynrunko-musta-taysi-manty-90x190-cm-single\/","title":{"rendered":"S\u00e4ngynrunko musta t\u00e4ysi m\u00e4nty 90&#215;190 cm Single"},"content":{"rendered":"<p>Luo makuuhuoneestasi siistin moderni t\u00e4ll\u00e4 puisella s\u00e4ngynrungolla! Se on k\u00e4yt\u00e4nn\u00f6llinen ja koristeellinen lis\u00e4 sisustukseen.<\/p>\n<\/p>\n<p>T\u00e4ydest\u00e4 m\u00e4nnyst\u00e4 valmistettu s\u00e4ngynrunko on todella vakaa ja kest\u00e4v\u00e4. Lujat s\u00e4leet tarjoavat tarvittavan tuen. Klassinen s\u00e4ngynp\u00e4\u00e4ty mahdollistaa mukavan levon lukemisen tai elokuvan katselun aikana. T\u00e4m\u00e4 UK yhden hengen s\u00e4ngynrunko sopii 90 x 190 cm (3FT Single) kokoiselle patjalle. T\u00e4m\u00e4n s\u00e4ngyn avulla voit nauttia upeasta unikokemuksesta jokaisena y\u00f6n\u00e4!<\/p>\n<\/p>\n<p><strong>Huomio:<\/strong> Toimituksessa mukana ainoastaan s\u00e4ngynrunko. Patja ei sis\u00e4lly toimitukseen.<\/p>\n<ul>\n<li>V\u00e4ri: musta<\/li>\n<li>Materiaali: t\u00e4ysi m\u00e4nty<\/li>\n<li>Kokonaismitat: 196,5 x 95,5 x 70 cm (P x L x K)<\/li>\n<li>Sopiva patjan koko: 90 x 190 cm (L x P) (Patja ei sis\u00e4lly tilaukseen)<\/li>\n<li>Sis\u00e4lt\u00e4\u00e4 s\u00e4ngynp\u00e4\u00e4dyn<\/li>\n<li>Asennus vaaditaan: kyll\u00e4<\/li>\n<\/ul>\n","protected":false},"excerpt":{"rendered":"<ul>\n<li>V\u00e4ri: musta<\/li>\n<li>Materiaali: t\u00e4ysi m\u00e4nty<\/li>\n<li>Kokonaismitat: 196,5 x 95,5 x 70 cm (P x L x K)<\/li>\n<li>Sopiva patjan koko: 90 x 190 cm (L x P) (Patja ei sis\u00e4lly tilaukseen)<\/li>\n<li>Sis\u00e4lt\u00e4\u00e4 s\u00e4ngynp\u00e4\u00e4dyn<\/li>\n<li>Asennus vaaditaan: kyll\u00e4<\/li>\n<\/ul>\n","protected":false},"featured_media":100000127357,"comment_status":"closed","ping_status":"closed","template":"","meta":[],"product_brand":[],"product_cat":[84,8638],"product_tag":[],"class_list":{"0":"post-127357","1":"product","2":"type-product","3":"status-publish","4":"has-post-thumbnail","6":"product_cat-huonekalut","7":"product_cat-sangyt-sangynrungot","9":"first","10":"instock","11":"taxable","12":"shipping-taxable","13":"purchasable","14":"product-type-simple"},"_links":{"self":[{"href":"https:\/\/www.otiumhome.fi\/index.php\/wp-json\/wp\/v2\/product\/127357","targetHints":{"allow":["GET"]}}],"collection":[{"href":"https:\/\/www.otiumhome.fi\/index.php\/wp-json\/wp\/v2\/product"}],"about":[{"href":"https:\/\/www.otiumhome.fi\/index.php\/wp-json\/wp\/v2\/types\/product"}],"replies":[{"embeddable":true,"href":"https:\/\/www.otiumhome.fi\/index.php\/wp-json\/wp\/v2\/comments?post=127357"}],"wp:featuredmedia":[{"embeddable":true,"href":"https:\/\/www.otiumhome.fi\/index.php\/wp-json\/"}],"wp:attachment":[{"href":"https:\/\/www.otiumhome.fi\/index.php\/wp-json\/wp\/v2\/media?parent=127357"}],"wp:term":[{"taxonomy":"product_brand","embeddable":true,"href":"https:\/\/www.otiumhome.fi\/index.php\/wp-json\/wp\/v2\/product_brand?post=127357"},{"taxonomy":"product_cat","embeddable":true,"href":"https:\/\/www.otiumhome.fi\/index.php\/wp-json\/wp\/v2\/product_cat?post=127357"},{"taxonomy":"product_tag","embeddable":true,"href":"https:\/\/www.otiumhome.fi\/index.php\/wp-json\/wp\/v2\/product_tag?post=127357"}],"curies":[{"name":"wp","href":"https:\/\/api.w.org\/{rel}","templated":true}]}}