{"id":127201,"date":"2024-12-16T08:29:53","date_gmt":"2024-12-16T08:29:53","guid":{"rendered":"https:\/\/www.otiumhome.fi\/?p=127201"},"modified":"2025-06-06T18:08:42","modified_gmt":"2025-06-06T18:08:42","slug":"sangynrunko-valkoinen-taysi-manty-120x190-cm-small-double","status":"publish","type":"product","link":"https:\/\/www.otiumhome.fi\/index.php\/tuote\/sangynrunko-valkoinen-taysi-manty-120x190-cm-small-double\/","title":{"rendered":"S\u00e4ngynrunko valkoinen t\u00e4ysi m\u00e4nty 120&#215;190 cm Small Double"},"content":{"rendered":"<p>Luo makuuhuoneestasi siistin moderni t\u00e4ll\u00e4 t\u00e4yspuisella s\u00e4ngynrungolla! Se on k\u00e4yt\u00e4nn\u00f6llinen ja koristeellinen lis\u00e4 sisustukseen.<\/p>\n<\/p>\n<p>T\u00e4ydest\u00e4 m\u00e4nnyst\u00e4 valmistettu s\u00e4ngynrunko on todella vakaa ja kest\u00e4v\u00e4. T\u00e4m\u00e4 s\u00e4nky sopii 120&#215;190 cm (4FT Small Double) patjoille. T\u00e4m\u00e4n s\u00e4ngyn avulla voit nauttia upeasta unikokemuksesta!<\/p>\n<\/p>\n<p>Ole hyv\u00e4 ja ota huomioon, ett\u00e4 toimituksessa on vain s\u00e4ngyn runko, patja ei mukana.<\/p>\n<ul>\n<li>V\u00e4ri: valkoinen<\/li>\n<li>Materiaali: t\u00e4ysi m\u00e4nty<\/li>\n<li>Kokonaismitat: 195,5 x 125,5 x 69,5 cm (P x L x K)<\/li>\n<li>Sopiva patjan koko: 120 x 190 cm (L x P) (Patja ei sis\u00e4lly tilaukseen)<\/li>\n<li>Asennus vaaditaan: kyll\u00e4<\/li>\n<\/ul>\n","protected":false},"excerpt":{"rendered":"<ul>\n<li>V\u00e4ri: valkoinen<\/li>\n<li>Materiaali: t\u00e4ysi m\u00e4nty<\/li>\n<li>Kokonaismitat: 195,5 x 125,5 x 69,5 cm (P x L x K)<\/li>\n<li>Sopiva patjan koko: 120 x 190 cm (L x P) (Patja ei sis\u00e4lly tilaukseen)<\/li>\n<li>Asennus vaaditaan: kyll\u00e4<\/li>\n<\/ul>\n","protected":false},"featured_media":100000127201,"comment_status":"closed","ping_status":"closed","template":"","meta":[],"product_brand":[],"product_cat":[84,8638],"product_tag":[],"class_list":{"0":"post-127201","1":"product","2":"type-product","3":"status-publish","4":"has-post-thumbnail","6":"product_cat-huonekalut","7":"product_cat-sangyt-sangynrungot","9":"first","10":"instock","11":"taxable","12":"shipping-taxable","13":"purchasable","14":"product-type-simple"},"_links":{"self":[{"href":"https:\/\/www.otiumhome.fi\/index.php\/wp-json\/wp\/v2\/product\/127201","targetHints":{"allow":["GET"]}}],"collection":[{"href":"https:\/\/www.otiumhome.fi\/index.php\/wp-json\/wp\/v2\/product"}],"about":[{"href":"https:\/\/www.otiumhome.fi\/index.php\/wp-json\/wp\/v2\/types\/product"}],"replies":[{"embeddable":true,"href":"https:\/\/www.otiumhome.fi\/index.php\/wp-json\/wp\/v2\/comments?post=127201"}],"wp:featuredmedia":[{"embeddable":true,"href":"https:\/\/www.otiumhome.fi\/index.php\/wp-json\/"}],"wp:attachment":[{"href":"https:\/\/www.otiumhome.fi\/index.php\/wp-json\/wp\/v2\/media?parent=127201"}],"wp:term":[{"taxonomy":"product_brand","embeddable":true,"href":"https:\/\/www.otiumhome.fi\/index.php\/wp-json\/wp\/v2\/product_brand?post=127201"},{"taxonomy":"product_cat","embeddable":true,"href":"https:\/\/www.otiumhome.fi\/index.php\/wp-json\/wp\/v2\/product_cat?post=127201"},{"taxonomy":"product_tag","embeddable":true,"href":"https:\/\/www.otiumhome.fi\/index.php\/wp-json\/wp\/v2\/product_tag?post=127201"}],"curies":[{"name":"wp","href":"https:\/\/api.w.org\/{rel}","templated":true}]}}