{"id":126869,"date":"2024-12-16T08:27:52","date_gmt":"2024-12-16T08:27:52","guid":{"rendered":"https:\/\/www.otiumhome.fi\/?p=126869"},"modified":"2025-06-06T17:56:27","modified_gmt":"2025-06-06T17:56:27","slug":"metallinen-sangynrunko-ilman-patjaa-sonoma-tammi-80x200-cm","status":"publish","type":"product","link":"https:\/\/www.otiumhome.fi\/index.php\/tuote\/metallinen-sangynrunko-ilman-patjaa-sonoma-tammi-80x200-cm\/","title":{"rendered":"Metallinen s\u00e4ngynrunko ilman patjaa Sonoma-tammi 80&#215;200 cm"},"content":{"rendered":"<p>Jos etsit vankkaa s\u00e4ngynrunkoa makuuhuoneeseesi, niin t\u00e4m\u00e4 klassinen tyylikk\u00e4\u00e4sti ja ajattomasti muotoiltu s\u00e4ngynrunko on t\u00e4ydellinen valinta sinulle!<\/p>\n<\/p>\n<ul>\n<li>Vankka metallirakenne: S\u00e4ngynrunko on valmistettu ter\u00e4ksest\u00e4. Ter\u00e4s on poikkeuksellisen kova ja vahva materiaali, joka tarjoaa erinomaisen tukevuuden ja vakauden.<\/li>\n<li>Metalliset s\u00e4leet ja jalat: Metallisessa s\u00e4ngynrungossa on metallis\u00e4leet ja keskijalat, jotka tarjoavat patjallesi kaipaamaasi tukea ja hengitt\u00e4vyytt\u00e4.<\/li>\n<li>Ylim\u00e4\u00e4r\u00e4inen s\u00e4ilytystila: Mukavuutesi vuoksi vierasvuoteessa on my\u00f6s ylim\u00e4\u00e4r\u00e4inen tila, joka pit\u00e4\u00e4 s\u00e4ilytyslaatikot poissa n\u00e4kyvist\u00e4.<\/li>\n<li>Erinomainen tuki: S\u00e4ngynrungon p\u00e4\u00e4ty tarjoaa sinulle erinomaisen selk\u00e4tuen s\u00e4ngyll\u00e4 istuessasi, kun luet kirjaa tai katselet televisiota.<\/li>\n<\/ul>\n<p>Hyv\u00e4 tiet\u00e4\u00e4:<\/p>\n<ul>\n<li>Patja ei sis\u00e4lly t\u00e4h\u00e4n s\u00e4nkyyn. Tarjoamme monipuolisen valikoiman patjoja, jotka l\u00f6yd\u00e4t tarkistamalla myym\u00e4l\u00e4mme valikoiman.<\/li>\n<\/ul>\n<ul>\n<li>V\u00e4ri: Sonoma-tammi<\/li>\n<li>Materiaali: ter\u00e4s, lastulevy<\/li>\n<li>Kokonaismitat: 207 x 85 x 91,5 cm (P x L x K)<\/li>\n<li>Sopiva patjan koko: 80 x 200 cm (L x P) (patja ei sis\u00e4lly toimitukseen)<\/li>\n<li>Asennus vaaditaan: Kyll\u00e4<\/li>\n<\/ul>\n","protected":false},"excerpt":{"rendered":"<ul>\n<li>V\u00e4ri: Sonoma-tammi<\/li>\n<li>Materiaali: ter\u00e4s, lastulevy<\/li>\n<li>Kokonaismitat: 207 x 85 x 91,5 cm (P x L x K)<\/li>\n<li>Sopiva patjan koko: 80 x 200 cm (L x P) (patja ei sis\u00e4lly toimitukseen)<\/li>\n<li>Asennus vaaditaan: Kyll\u00e4<\/li>\n<\/ul>\n","protected":false},"featured_media":100000126869,"comment_status":"closed","ping_status":"closed","template":"","meta":[],"product_brand":[],"product_cat":[84,8638],"product_tag":[],"class_list":{"0":"post-126869","1":"product","2":"type-product","3":"status-publish","4":"has-post-thumbnail","6":"product_cat-huonekalut","7":"product_cat-sangyt-sangynrungot","9":"first","10":"instock","11":"taxable","12":"shipping-taxable","13":"purchasable","14":"product-type-simple"},"_links":{"self":[{"href":"https:\/\/www.otiumhome.fi\/index.php\/wp-json\/wp\/v2\/product\/126869","targetHints":{"allow":["GET"]}}],"collection":[{"href":"https:\/\/www.otiumhome.fi\/index.php\/wp-json\/wp\/v2\/product"}],"about":[{"href":"https:\/\/www.otiumhome.fi\/index.php\/wp-json\/wp\/v2\/types\/product"}],"replies":[{"embeddable":true,"href":"https:\/\/www.otiumhome.fi\/index.php\/wp-json\/wp\/v2\/comments?post=126869"}],"wp:featuredmedia":[{"embeddable":true,"href":"https:\/\/www.otiumhome.fi\/index.php\/wp-json\/"}],"wp:attachment":[{"href":"https:\/\/www.otiumhome.fi\/index.php\/wp-json\/wp\/v2\/media?parent=126869"}],"wp:term":[{"taxonomy":"product_brand","embeddable":true,"href":"https:\/\/www.otiumhome.fi\/index.php\/wp-json\/wp\/v2\/product_brand?post=126869"},{"taxonomy":"product_cat","embeddable":true,"href":"https:\/\/www.otiumhome.fi\/index.php\/wp-json\/wp\/v2\/product_cat?post=126869"},{"taxonomy":"product_tag","embeddable":true,"href":"https:\/\/www.otiumhome.fi\/index.php\/wp-json\/wp\/v2\/product_tag?post=126869"}],"curies":[{"name":"wp","href":"https:\/\/api.w.org\/{rel}","templated":true}]}}