{"id":126666,"date":"2024-12-16T08:24:49","date_gmt":"2024-12-16T08:24:49","guid":{"rendered":"https:\/\/www.otiumhome.fi\/?p=126666"},"modified":"2025-06-06T18:05:41","modified_gmt":"2025-06-06T18:05:41","slug":"sangynrunko-taysi-manty-140x190-cm-valkoinen","status":"publish","type":"product","link":"https:\/\/www.otiumhome.fi\/index.php\/tuote\/sangynrunko-taysi-manty-140x190-cm-valkoinen\/","title":{"rendered":"S\u00e4ngynrunko t\u00e4ysi m\u00e4nty 140&#215;190 cm valkoinen"},"content":{"rendered":"<p>Luo makuuhuoneestasi siistin moderni t\u00e4ll\u00e4 puisella s\u00e4ngynrungolla! Se on k\u00e4yt\u00e4nn\u00f6llinen ja koristeellinen lis\u00e4 sisustukseen.<\/p>\n<\/p>\n<ul>\n<li><strong>Ensiluokkainen t\u00e4ysi puu:<\/strong> T\u00e4ysi m\u00e4nty on kaunis luonnollinen materiaali. K\u00e4sittele pinta \u00f6ljyll\u00e4, vahalla, lakalla tai lasitteella vahvemman pinnan ja helpon puhdistuksen aikaansaamiseksi. M\u00e4ntypuulla on suorat puunsyyt, sen oksanpaikat antavat materiaalille sen ominaisen, rustiikkisen ilmeen.<\/li>\n<li><strong>Tukeva s\u00e4ngynrunko<\/strong>: Puinen s\u00e4ngynrunko on erityisesti suunniteltu tukevilla s\u00e4leill\u00e4, jotka tarjoavat tarvittavan tuen ja mukavuuden.<\/li>\n<li><strong>Mukava p\u00e4\u00e4tylevy<\/strong>: Klassisen p\u00e4\u00e4tylevyn avulla voit lev\u00e4t\u00e4 mukavasti lukiessasi tai katsoessasi elokuvaa.<\/li>\n<\/ul>\n<p><strong>Huomioi:<\/strong><\/p>\n<ul>\n<li>Patja ei sis\u00e4lly toimitukseen. Patja ei mukana. Voit etsi\u00e4 myym\u00e4l\u00e4st\u00e4mme sopivia patjoja.<\/li>\n<\/ul>\n<ul>\n<li>V\u00e4ri: valkoinen<\/li>\n<li>Materiaali: t\u00e4ysi m\u00e4nty<\/li>\n<li>Kokonaismitat: 195,5 x 145,5 x 69,5 cm (P x L x K)<\/li>\n<li>Nukkumiskorkeus maasta mitattuna: 21 cm<\/li>\n<li>Sopiva patjan koko: 140 x 190 cm (L x P) (patja ei sis\u00e4lly toimitukseen)<\/li>\n<li>Asennus vaaditaan: kyll\u00e4<\/li>\n<\/ul>\n","protected":false},"excerpt":{"rendered":"<ul>\n<li>V\u00e4ri: valkoinen<\/li>\n<li>Materiaali: t\u00e4ysi m\u00e4nty<\/li>\n<li>Kokonaismitat: 195,5 x 145,5 x 69,5 cm (P x L x K)<\/li>\n<li>Nukkumiskorkeus maasta mitattuna: 21 cm<\/li>\n<li>Sopiva patjan koko: 140 x 190 cm (L x P) (patja ei sis\u00e4lly toimitukseen)<\/li>\n<li>Asennus vaaditaan: kyll\u00e4<\/li>\n<\/ul>\n","protected":false},"featured_media":100000126666,"comment_status":"closed","ping_status":"closed","template":"","meta":[],"product_brand":[],"product_cat":[84,8638],"product_tag":[],"class_list":{"0":"post-126666","1":"product","2":"type-product","3":"status-publish","4":"has-post-thumbnail","6":"product_cat-huonekalut","7":"product_cat-sangyt-sangynrungot","9":"first","10":"instock","11":"taxable","12":"shipping-taxable","13":"purchasable","14":"product-type-simple"},"_links":{"self":[{"href":"https:\/\/www.otiumhome.fi\/index.php\/wp-json\/wp\/v2\/product\/126666","targetHints":{"allow":["GET"]}}],"collection":[{"href":"https:\/\/www.otiumhome.fi\/index.php\/wp-json\/wp\/v2\/product"}],"about":[{"href":"https:\/\/www.otiumhome.fi\/index.php\/wp-json\/wp\/v2\/types\/product"}],"replies":[{"embeddable":true,"href":"https:\/\/www.otiumhome.fi\/index.php\/wp-json\/wp\/v2\/comments?post=126666"}],"wp:featuredmedia":[{"embeddable":true,"href":"https:\/\/www.otiumhome.fi\/index.php\/wp-json\/"}],"wp:attachment":[{"href":"https:\/\/www.otiumhome.fi\/index.php\/wp-json\/wp\/v2\/media?parent=126666"}],"wp:term":[{"taxonomy":"product_brand","embeddable":true,"href":"https:\/\/www.otiumhome.fi\/index.php\/wp-json\/wp\/v2\/product_brand?post=126666"},{"taxonomy":"product_cat","embeddable":true,"href":"https:\/\/www.otiumhome.fi\/index.php\/wp-json\/wp\/v2\/product_cat?post=126666"},{"taxonomy":"product_tag","embeddable":true,"href":"https:\/\/www.otiumhome.fi\/index.php\/wp-json\/wp\/v2\/product_tag?post=126666"}],"curies":[{"name":"wp","href":"https:\/\/api.w.org\/{rel}","templated":true}]}}