{"id":126636,"date":"2024-12-16T08:24:45","date_gmt":"2024-12-16T08:24:45","guid":{"rendered":"https:\/\/www.otiumhome.fi\/?p=126636"},"modified":"2025-09-30T02:05:07","modified_gmt":"2025-09-30T02:05:07","slug":"pinottava-sanky-valkoinen-90x200-cm-taysi-manty","status":"publish","type":"product","link":"https:\/\/www.otiumhome.fi\/index.php\/tuote\/pinottava-sanky-valkoinen-90x200-cm-taysi-manty\/","title":{"rendered":"Pinottava s\u00e4nky valkoinen 90&#215;200 cm t\u00e4ysi m\u00e4nty"},"content":{"rendered":"<p>Mik\u00e4 olisi mukavampaa kuin nauttia hyvist\u00e4 y\u00f6unista kiireisen p\u00e4iv\u00e4n p\u00e4\u00e4tteeksi? T\u00e4m\u00e4 yksinkertaisen ajaton puinen pinottava s\u00e4nky on t\u00e4ydellinen valinta pitk\u00e4n ja uuvuttavan p\u00e4iv\u00e4n j\u00e4lkeen rentoutumiseen.<\/p>\n<\/p>\n<ul>\n<li>T\u00e4ysi m\u00e4nty: T\u00e4ysi m\u00e4nty on kaunis luonnollinen materiaali. M\u00e4nnyll\u00e4 on suorat puunsyyt ja sen oksanpaikat antavat materiaalille sen ominaisen rustiikkisen ilmeen.<\/li>\n<li>Pinottava toiminto: T\u00e4m\u00e4 s\u00e4ngynrunko voidaan pinota toistensa p\u00e4\u00e4lle rajoitetussa asuintilassa.<\/li>\n<li>Tukeva s\u00e4ngynrunko: Puurunko takaa tukevuuden ja vakauden. S\u00e4leet tarjoavat lis\u00e4tukea s\u00e4ngyllesi pident\u00e4en patjasi k\u00e4ytt\u00f6ik\u00e4\u00e4.<\/li>\n<li>Ajaton muotoilu: Yksinkertainen s\u00e4ngynrunko ilman turhia r\u00f6yhel\u00f6it\u00e4 sopii erityisesti minimalistisiin elintiloihin.<\/li>\n<\/ul>\n<p>Hyv\u00e4 tiet\u00e4\u00e4:<\/p>\n<ul>\n<li>Toimituksessa mukana ainoastaan s\u00e4ngynrunko. Patja ei sis\u00e4lly toimitukseen. Kaupastamme voit etsi\u00e4 sopivia patjoja.<\/li>\n<li>Pinottuna alemman patjan enimm\u00e4ispaksuus on 100 mm, eik\u00e4 ylemm\u00e4lle patjalle ole paksuusvaatimusta.<\/li>\n<\/ul>\n<ul>\n<li>V\u00e4ri: valkoinen<\/li>\n<li>Materiaali: t\u00e4ysi m\u00e4nty <\/li>\n<li>Mitat: 206,5 x 96,5 x 22 cm (P x L x K)<\/li>\n<li>Sopiva patjan koko: 90 x 200 cm (L x P) (patja ei sis\u00e4lly toimitukseen)<\/li>\n<li>Pinottu p\u00e4\u00e4llekk\u00e4in<\/li>\n<li>Asennus vaaditaan: kyll\u00e4<\/li>\n<li> <\/li>\n<\/ul>\n","protected":false},"excerpt":{"rendered":"<ul>\n<li>V\u00e4ri: valkoinen<\/li>\n<li>Materiaali: t\u00e4ysi m\u00e4nty <\/li>\n<li>Mitat: 206,5 x 96,5 x 22 cm (P x L x K)<\/li>\n<li>Sopiva patjan koko: 90 x 200 cm (L x P) (patja ei sis\u00e4lly toimitukseen)<\/li>\n<li>Pinottu p\u00e4\u00e4llekk\u00e4in<\/li>\n<li>Asennus vaaditaan: kyll\u00e4<\/li>\n<li> <\/li>\n<\/ul>\n","protected":false},"featured_media":100000126636,"comment_status":"closed","ping_status":"closed","template":"","meta":[],"product_brand":[],"product_cat":[84,8638],"product_tag":[],"class_list":{"0":"post-126636","1":"product","2":"type-product","3":"status-publish","4":"has-post-thumbnail","6":"product_cat-huonekalut","7":"product_cat-sangyt-sangynrungot","9":"first","10":"outofstock","11":"taxable","12":"shipping-taxable","13":"purchasable","14":"product-type-simple"},"_links":{"self":[{"href":"https:\/\/www.otiumhome.fi\/index.php\/wp-json\/wp\/v2\/product\/126636","targetHints":{"allow":["GET"]}}],"collection":[{"href":"https:\/\/www.otiumhome.fi\/index.php\/wp-json\/wp\/v2\/product"}],"about":[{"href":"https:\/\/www.otiumhome.fi\/index.php\/wp-json\/wp\/v2\/types\/product"}],"replies":[{"embeddable":true,"href":"https:\/\/www.otiumhome.fi\/index.php\/wp-json\/wp\/v2\/comments?post=126636"}],"wp:featuredmedia":[{"embeddable":true,"href":"https:\/\/www.otiumhome.fi\/index.php\/wp-json\/"}],"wp:attachment":[{"href":"https:\/\/www.otiumhome.fi\/index.php\/wp-json\/wp\/v2\/media?parent=126636"}],"wp:term":[{"taxonomy":"product_brand","embeddable":true,"href":"https:\/\/www.otiumhome.fi\/index.php\/wp-json\/wp\/v2\/product_brand?post=126636"},{"taxonomy":"product_cat","embeddable":true,"href":"https:\/\/www.otiumhome.fi\/index.php\/wp-json\/wp\/v2\/product_cat?post=126636"},{"taxonomy":"product_tag","embeddable":true,"href":"https:\/\/www.otiumhome.fi\/index.php\/wp-json\/wp\/v2\/product_tag?post=126636"}],"curies":[{"name":"wp","href":"https:\/\/api.w.org\/{rel}","templated":true}]}}