{"id":123142,"date":"2024-12-16T06:04:23","date_gmt":"2024-12-16T06:04:23","guid":{"rendered":"https:\/\/www.otiumhome.fi\/?p=123142"},"modified":"2025-06-06T17:38:29","modified_gmt":"2025-06-06T17:38:29","slug":"sohvasanky-2-laatikolla-ilman-patjaa-irun-valkoinen-pinkki","status":"publish","type":"product","link":"https:\/\/www.otiumhome.fi\/index.php\/tuote\/sohvasanky-2-laatikolla-ilman-patjaa-irun-valkoinen-pinkki\/","title":{"rendered":"-sohvas\u00e4nky 2 laatikolla ilman patjaa IRUN valkoinen pinkki"},"content":{"rendered":"<p>T\u00e4t\u00e4 monipuolista puista vuodesohvaa voidaan k\u00e4ytt\u00e4\u00e4 s\u00e4nkyn\u00e4 makuuhuoneessasi ja se ihanteellinen my\u00f6s olohuoneesi sohvaksi. Se sopii eri tarpeisiisi t\u00e4ydellisesti, tarjoten sinulle reilusti tilaa nukkumiseen ja lep\u00e4\u00e4miseen.<\/p>\n<\/p>\n<ul>\n<li>T\u00e4ysi m\u00e4nty: T\u00e4ysi m\u00e4nty on kaunis luonnollinen materiaali. M\u00e4nnyll\u00e4 on suorat puunsyyt ja sen oksanpaikat antavat materiaalille sen ominaisen rustiikkisen ilmeen.<\/li>\n<li>S\u00e4lerakenne: Puinen s\u00e4lepohja mahdollistaa paremman ilmankierron, joka pit\u00e4\u00e4 patjan raikkaampana pidemp\u00e4\u00e4n, parantaa s\u00e4ngyn painonkantokyky\u00e4 ja varmistaa vakauden.<\/li>\n<li>Monitoiminen vuodesohva: Puista sohvas\u00e4nky\u00e4 voidaan k\u00e4ytt\u00e4\u00e4 p\u00e4iv\u00e4ll\u00e4 sohvana tai y\u00f6ll\u00e4 vuoteena, joten se tarjoaa nopean ratkaisun y\u00f6vieraiden majoittamiseen.<\/li>\n<li>Lis\u00e4s\u00e4ilytystila: Hy\u00f6dynn\u00e4 s\u00e4ngyn alla olevaa tilaa erilaisten tavaroiden s\u00e4ilytt\u00e4miseen. Se on t\u00e4ydellinen vaatteiden, kenkien, lelujen tai peittojen s\u00e4ilytt\u00e4miseen.<\/li>\n<\/ul>\n<p>Hyv\u00e4 tiet\u00e4\u00e4:<\/p>\n<ul>\n<li>Patja ei sis\u00e4lly t\u00e4h\u00e4n s\u00e4nkyyn. Tarjoamme monipuolisen valikoiman patjoja, jotka l\u00f6yd\u00e4t tarkistamalla myym\u00e4l\u00e4mme valikoiman.<\/li>\n<\/ul>\n<ul>\n<li>V\u00e4ri: valkoinen ja vaaleanpunainen<\/li>\n<li>Materiaali: T\u00e4ysi m\u00e4nty, tekninen puu<\/li>\n<li>Kokonaismitat: 205 x 96 x 56 cm (P x L x K) <\/li>\n<li>Laatikon sis\u00e4mitat: 92 x 56 x 12 cm (L x S x K)<\/li>\n<li>Laatikon ulkokoko: 96 x 17,5 cm (P x L)<\/li>\n<li>Sis\u00e4lt\u00e4\u00e4 kaksi laatikkoa<\/li>\n<li>Sopiva patjan koko: 90 x 200 cm (L x P) (patja ei sis\u00e4lly toimitukseen)<\/li>\n<li>Alueen nimi: IRUN<\/li>\n<li>Asennus vaaditaan: Kyll\u00e4<\/li>\n<\/ul>\n","protected":false},"excerpt":{"rendered":"<ul>\n<li>V\u00e4ri: valkoinen ja vaaleanpunainen<\/li>\n<li>Materiaali: T\u00e4ysi m\u00e4nty, tekninen puu<\/li>\n<li>Kokonaismitat: 205 x 96 x 56 cm (P x L x K) <\/li>\n<li>Laatikon sis\u00e4mitat: 92 x 56 x 12 cm (L x S x K)<\/li>\n<li>Laatikon ulkokoko: 96 x 17,5 cm (P x L)<\/li>\n<li>Sis\u00e4lt\u00e4\u00e4 kaksi laatikkoa<\/li>\n<li>Sopiva patjan koko: 90 x 200 cm (L x P) (patja ei sis\u00e4lly toimitukseen)<\/li>\n<li>Alueen nimi: IRUN<\/li>\n<li>Asennus vaaditaan: Kyll\u00e4<\/li>\n<\/ul>\n","protected":false},"featured_media":100000123142,"comment_status":"closed","ping_status":"closed","template":"","meta":[],"product_brand":[],"product_cat":[84,8638],"product_tag":[],"class_list":{"0":"post-123142","1":"product","2":"type-product","3":"status-publish","4":"has-post-thumbnail","6":"product_cat-huonekalut","7":"product_cat-sangyt-sangynrungot","9":"first","10":"instock","11":"taxable","12":"shipping-taxable","13":"purchasable","14":"product-type-simple"},"_links":{"self":[{"href":"https:\/\/www.otiumhome.fi\/index.php\/wp-json\/wp\/v2\/product\/123142","targetHints":{"allow":["GET"]}}],"collection":[{"href":"https:\/\/www.otiumhome.fi\/index.php\/wp-json\/wp\/v2\/product"}],"about":[{"href":"https:\/\/www.otiumhome.fi\/index.php\/wp-json\/wp\/v2\/types\/product"}],"replies":[{"embeddable":true,"href":"https:\/\/www.otiumhome.fi\/index.php\/wp-json\/wp\/v2\/comments?post=123142"}],"wp:featuredmedia":[{"embeddable":true,"href":"https:\/\/www.otiumhome.fi\/index.php\/wp-json\/"}],"wp:attachment":[{"href":"https:\/\/www.otiumhome.fi\/index.php\/wp-json\/wp\/v2\/media?parent=123142"}],"wp:term":[{"taxonomy":"product_brand","embeddable":true,"href":"https:\/\/www.otiumhome.fi\/index.php\/wp-json\/wp\/v2\/product_brand?post=123142"},{"taxonomy":"product_cat","embeddable":true,"href":"https:\/\/www.otiumhome.fi\/index.php\/wp-json\/wp\/v2\/product_cat?post=123142"},{"taxonomy":"product_tag","embeddable":true,"href":"https:\/\/www.otiumhome.fi\/index.php\/wp-json\/wp\/v2\/product_tag?post=123142"}],"curies":[{"name":"wp","href":"https:\/\/api.w.org\/{rel}","templated":true}]}}