{"id":122187,"date":"2024-12-16T04:56:59","date_gmt":"2024-12-16T04:56:59","guid":{"rendered":"https:\/\/www.otiumhome.fi\/?p=122187"},"modified":"2025-06-06T17:37:13","modified_gmt":"2025-06-06T17:37:13","slug":"parvisanky-ilman-patjaa-vahanruskea-90x190-cm-taysi-manty","status":"publish","type":"product","link":"https:\/\/www.otiumhome.fi\/index.php\/tuote\/parvisanky-ilman-patjaa-vahanruskea-90x190-cm-taysi-manty\/","title":{"rendered":"Parvis\u00e4nky ilman patjaa vahanruskea 90&#215;190 cm t\u00e4ysi m\u00e4nty"},"content":{"rendered":"<p>T\u00e4m\u00e4 monipuolinen parvis\u00e4nky yhdist\u00e4\u00e4 yhden hengen vuoteen ty\u00f6p\u00f6yt\u00e4\u00e4n ja hyllyihin, se tarjoaa viihtyis\u00e4n makuutilan, tilavan ty\u00f6skentelyalueen ja tehokkaan s\u00e4ilytysratkaisun. Se on ihanteellinen ahtaampiin koteihin.<\/p>\n<ul>\n<li>Vakaa ja pitk\u00e4kestoinen runko: T\u00e4ysi m\u00e4nty tunnetaan lujuudestaan ja kest\u00e4vyydest\u00e4\u00e4n. Sen suorat puunsyyt ja erottuvat oksanpaikat lis\u00e4\u00e4v\u00e4t sen rustiikkista charmia.<\/li>\n<li>Maksimoi tilan k\u00e4ytt\u00f6: T\u00e4m\u00e4n s\u00e4ngynrungon alla on kaksi ty\u00f6p\u00f6yt\u00e4\u00e4 ja kaksi hylly\u00e4, jotka hy\u00f6dynt\u00e4v\u00e4t tehokkaasti s\u00e4ngyn alla olevan tilan ja tarjoavat reilusti s\u00e4ilytystilaa, samalla viihtyis\u00e4n tilan ty\u00f6skentelyyn ja opiskeluun. Se on ihanteellinen pienempiin tai ahtaampiin tiloihin.<\/li>\n<li>Helppo kiivet\u00e4 yl\u00f6s ja alas: T\u00e4ss\u00e4 s\u00e4ngynrungossa on sis\u00e4\u00e4nrakennetut tikkaat, jotka tarjoavat k\u00e4ytt\u00e4jille k\u00e4tev\u00e4n p\u00e4\u00e4syn yl\u00f6s ja alas.<\/li>\n<li>Kaiteet lis\u00e4turvallisuuteen: T\u00e4m\u00e4 s\u00e4ngynrunko on varustettu suojakaiteilla, jotka est\u00e4v\u00e4t sinua putoamasta s\u00e4ngyst\u00e4 nukkuessasi.<\/li>\n<li>S\u00e4lepohja optimaaliseen tukeen: S\u00e4ngyn runko on varustettu s\u00e4lepohjalla, joka tukee patjaasi ja on hengitt\u00e4v\u00e4.<\/li>\n<\/ul>\n<p>Varoitus:<\/p>\n<ul>\n<li>Kaatumisen est\u00e4miseksi t\u00e4t\u00e4 tuotetta on k\u00e4ytett\u00e4v\u00e4 mukana toimitetun sein\u00e4kiinnityslaitteen kanssa.<\/li>\n<\/ul>\n<p>Hyv\u00e4 tiet\u00e4\u00e4:<\/p>\n<ul>\n<li>Patja ei sis\u00e4lly t\u00e4h\u00e4n s\u00e4nkyyn. Tarjoamme monipuolisen valikoiman patjoja, jotka l\u00f6yd\u00e4t tarkistamalla myym\u00e4l\u00e4mme valikoiman.<\/li>\n<li>Sein\u00e4\u00e4n kiinnitett\u00e4v\u00e4t ruuvit ja tulpat eiv\u00e4t sis\u00e4lly toimitukseen. Suosittelemme etsim\u00e4\u00e4n ja k\u00e4ytt\u00e4m\u00e4\u00e4n sein\u00e4\u00e4si sopivia ruuveja ja tulppia. Jos olet ep\u00e4varma, kysy ammattilaisen neuvoa. Lue ja noudata ohjeiden jokaista vaihetta.<\/li>\n<\/ul>\n<ul>\n<li>V\u00e4ri: Vahanruskea<\/li>\n<li>Materiaali: T\u00e4ysi m\u00e4nty<\/li>\n<li>Kokonaismitat: 195,5 x 97,5 x 190,5 cm (P x L x K)<\/li>\n<li>Nukkumisalueen korkeus lattiasta mitattuna: 155,5 cm<\/li>\n<li>Turvakaiteen korkeus: 26 cm<\/li>\n<li>P\u00f6yd\u00e4n mitat: 77 x 41 cm (P x L)<\/li>\n<li>Hyllyn mitat: 80 x 45,5 cm (P x L)<\/li>\n<li>Sopiva patjan koko: 90 x 190 cm (L x P) (Patja ei sis\u00e4lly tilaukseen)<\/li>\n<li>Maksimi patjan paksuus: 12 cm<\/li>\n<li>Maksimikantavuus (patjan kanssa): 80 kg<\/li>\n<li>S\u00e4lepohjalla<\/li>\n<li>Asennus vaaditaan: Kyll\u00e4<\/li>\n<\/ul>\n","protected":false},"excerpt":{"rendered":"<ul>\n<li>V\u00e4ri: Vahanruskea<\/li>\n<li>Materiaali: T\u00e4ysi m\u00e4nty<\/li>\n<li>Kokonaismitat: 195,5 x 97,5 x 190,5 cm (P x L x K)<\/li>\n<li>Nukkumisalueen korkeus lattiasta mitattuna: 155,5 cm<\/li>\n<li>Turvakaiteen korkeus: 26 cm<\/li>\n<li>P\u00f6yd\u00e4n mitat: 77 x 41 cm (P x L)<\/li>\n<li>Hyllyn mitat: 80 x 45,5 cm (P x L)<\/li>\n<li>Sopiva patjan koko: 90 x 190 cm (L x P) (Patja ei sis\u00e4lly tilaukseen)<\/li>\n<li>Maksimi patjan paksuus: 12 cm<\/li>\n<li>Maksimikantavuus (patjan kanssa): 80 kg<\/li>\n<li>S\u00e4lepohjalla<\/li>\n<li>Asennus vaaditaan: Kyll\u00e4<\/li>\n<\/ul>\n","protected":false},"featured_media":100000122187,"comment_status":"closed","ping_status":"closed","template":"","meta":[],"product_brand":[],"product_cat":[84,8638],"product_tag":[],"class_list":{"0":"post-122187","1":"product","2":"type-product","3":"status-publish","4":"has-post-thumbnail","6":"product_cat-huonekalut","7":"product_cat-sangyt-sangynrungot","9":"first","10":"instock","11":"taxable","12":"shipping-taxable","13":"purchasable","14":"product-type-simple"},"_links":{"self":[{"href":"https:\/\/www.otiumhome.fi\/index.php\/wp-json\/wp\/v2\/product\/122187","targetHints":{"allow":["GET"]}}],"collection":[{"href":"https:\/\/www.otiumhome.fi\/index.php\/wp-json\/wp\/v2\/product"}],"about":[{"href":"https:\/\/www.otiumhome.fi\/index.php\/wp-json\/wp\/v2\/types\/product"}],"replies":[{"embeddable":true,"href":"https:\/\/www.otiumhome.fi\/index.php\/wp-json\/wp\/v2\/comments?post=122187"}],"wp:featuredmedia":[{"embeddable":true,"href":"https:\/\/www.otiumhome.fi\/index.php\/wp-json\/"}],"wp:attachment":[{"href":"https:\/\/www.otiumhome.fi\/index.php\/wp-json\/wp\/v2\/media?parent=122187"}],"wp:term":[{"taxonomy":"product_brand","embeddable":true,"href":"https:\/\/www.otiumhome.fi\/index.php\/wp-json\/wp\/v2\/product_brand?post=122187"},{"taxonomy":"product_cat","embeddable":true,"href":"https:\/\/www.otiumhome.fi\/index.php\/wp-json\/wp\/v2\/product_cat?post=122187"},{"taxonomy":"product_tag","embeddable":true,"href":"https:\/\/www.otiumhome.fi\/index.php\/wp-json\/wp\/v2\/product_tag?post=122187"}],"curies":[{"name":"wp","href":"https:\/\/api.w.org\/{rel}","templated":true}]}}