{"id":120011,"date":"2024-12-16T03:02:32","date_gmt":"2024-12-16T03:02:32","guid":{"rendered":"https:\/\/www.otiumhome.fi\/?p=120011"},"modified":"2025-06-06T17:21:40","modified_gmt":"2025-06-06T17:21:40","slug":"sangynrunko-ilman-patjaa-tummanharmaa-single-sametti","status":"publish","type":"product","link":"https:\/\/www.otiumhome.fi\/index.php\/tuote\/sangynrunko-ilman-patjaa-tummanharmaa-single-sametti\/","title":{"rendered":"S\u00e4ngynrunko ilman patjaa tummanharmaa single sametti"},"content":{"rendered":"<p>Saat paremmat rauhalliset y\u00f6unet t\u00e4m\u00e4n s\u00e4ngynrungon ansiosta! Se on tervetullut lis\u00e4 mihin tahansa makuuhuoneeseen.<\/p>\n<\/p>\n<ul>\n<li>Pehme\u00e4 ja kest\u00e4v\u00e4 materiaali: Polyesterisametti yhdist\u00e4\u00e4 pehmeyden, hengitt\u00e4vyyden ja kest\u00e4vyyden varmistaen, ett\u00e4 koet \u00e4\u00e4rimm\u00e4isen mukavuuden ja mukavuuden.<\/li>\n<li>S\u00e4leet optimaaliseen tukeen: T\u00e4ss\u00e4 s\u00e4ngynrungossa on s\u00e4leet, jotka tarjoavat t\u00e4rke\u00e4n tuen ja hengitt\u00e4vyyden patjallesi.<\/li>\n<li>Vakaat ja kest\u00e4v\u00e4t jalat: T\u00e4m\u00e4 s\u00e4nky on tuettu tukevilla jaloilla, taaten vakauden, turvallisuuden ja j\u00e4m\u00e4kkyyden.<\/li>\n<\/ul>\n<p>Hyv\u00e4 tiet\u00e4\u00e4:<\/p>\n<ul>\n<li>Patja ei sis\u00e4lly t\u00e4h\u00e4n s\u00e4nkyyn. Tarjoamme monipuolisen valikoiman patjoja, jotka l\u00f6yd\u00e4t tarkistamalla myym\u00e4l\u00e4mme valikoiman.<\/li>\n<\/ul>\n<ul>\n<li>V\u00e4ri: tummanharmaa<\/li>\n<li>Materiaali: Sametti (100 % polyesteri), vaneri, tekninen puu<\/li>\n<li>Mitat: 190 x 90 x 46 cm (P x L x K)<\/li>\n<li>Sopiva patjan koko: 90 x 190 cm (Single) (L x P) (patja ei mukana)<\/li>\n<li>Paksut muovijalat<\/li>\n<li>Asennus vaaditaan: Kyll\u00e4<\/li>\n<\/ul>\n","protected":false},"excerpt":{"rendered":"<ul>\n<li>V\u00e4ri: tummanharmaa<\/li>\n<li>Materiaali: Sametti (100 % polyesteri), vaneri, tekninen puu<\/li>\n<li>Mitat: 190 x 90 x 46 cm (P x L x K)<\/li>\n<li>Sopiva patjan koko: 90 x 190 cm (Single) (L x P) (patja ei mukana)<\/li>\n<li>Paksut muovijalat<\/li>\n<li>Asennus vaaditaan: Kyll\u00e4<\/li>\n<\/ul>\n","protected":false},"featured_media":100000120011,"comment_status":"closed","ping_status":"closed","template":"","meta":[],"product_brand":[],"product_cat":[84,8638],"product_tag":[],"class_list":{"0":"post-120011","1":"product","2":"type-product","3":"status-publish","4":"has-post-thumbnail","6":"product_cat-huonekalut","7":"product_cat-sangyt-sangynrungot","9":"first","10":"instock","11":"taxable","12":"shipping-taxable","13":"purchasable","14":"product-type-simple"},"_links":{"self":[{"href":"https:\/\/www.otiumhome.fi\/index.php\/wp-json\/wp\/v2\/product\/120011","targetHints":{"allow":["GET"]}}],"collection":[{"href":"https:\/\/www.otiumhome.fi\/index.php\/wp-json\/wp\/v2\/product"}],"about":[{"href":"https:\/\/www.otiumhome.fi\/index.php\/wp-json\/wp\/v2\/types\/product"}],"replies":[{"embeddable":true,"href":"https:\/\/www.otiumhome.fi\/index.php\/wp-json\/wp\/v2\/comments?post=120011"}],"wp:featuredmedia":[{"embeddable":true,"href":"https:\/\/www.otiumhome.fi\/index.php\/wp-json\/"}],"wp:attachment":[{"href":"https:\/\/www.otiumhome.fi\/index.php\/wp-json\/wp\/v2\/media?parent=120011"}],"wp:term":[{"taxonomy":"product_brand","embeddable":true,"href":"https:\/\/www.otiumhome.fi\/index.php\/wp-json\/wp\/v2\/product_brand?post=120011"},{"taxonomy":"product_cat","embeddable":true,"href":"https:\/\/www.otiumhome.fi\/index.php\/wp-json\/wp\/v2\/product_cat?post=120011"},{"taxonomy":"product_tag","embeddable":true,"href":"https:\/\/www.otiumhome.fi\/index.php\/wp-json\/wp\/v2\/product_tag?post=120011"}],"curies":[{"name":"wp","href":"https:\/\/api.w.org\/{rel}","templated":true}]}}