{"id":119711,"date":"2024-12-16T02:42:26","date_gmt":"2024-12-16T02:42:26","guid":{"rendered":"https:\/\/www.otiumhome.fi\/?p=119711"},"modified":"2025-06-06T17:20:01","modified_gmt":"2025-06-06T17:20:01","slug":"sangynrunko-musta-90x190-cm-sametti","status":"publish","type":"product","link":"https:\/\/www.otiumhome.fi\/index.php\/tuote\/sangynrunko-musta-90x190-cm-sametti\/","title":{"rendered":"S\u00e4ngynrunko musta 90&#215;190 cm sametti"},"content":{"rendered":"<p>Saat paremmat rauhalliset y\u00f6unet t\u00e4m\u00e4n s\u00e4ngynrungon ansiosta! Se on tervetullut lis\u00e4 mihin tahansa makuuhuoneeseen.<\/p>\n<\/p>\n<ul>\n<li>Pehme\u00e4 ja mukava materiaali: Sametissa on pehme\u00e4 ja sile\u00e4 pinta, joka tarjoaa ihanan tunteen ihoa vasten, se tuo sinulle l\u00e4mp\u00f6\u00e4 ja \u00e4\u00e4rimm\u00e4ist\u00e4 mukavuutta.<\/li>\n<li>S\u00e4leet optimaaliseen tukeen: T\u00e4ss\u00e4 s\u00e4ngynrungossa on s\u00e4leet, jotka tarjoavat t\u00e4rke\u00e4n tuen ja hengitt\u00e4vyyden patjallesi.<\/li>\n<li>Vakaat ja kest\u00e4v\u00e4t jalat: T\u00e4m\u00e4 s\u00e4nky on tuettu tukevilla jaloilla, taaten vakauden, turvallisuuden ja j\u00e4m\u00e4kkyyden.<\/li>\n<\/ul>\n<p>Hyv\u00e4 tiet\u00e4\u00e4:<\/p>\n<ul>\n<li>Patja ei sis\u00e4lly t\u00e4h\u00e4n s\u00e4nkyyn. Tarjoamme monipuolisen valikoiman patjoja, jotka l\u00f6yd\u00e4t tarkistamalla myym\u00e4l\u00e4mme valikoiman.<\/li>\n<\/ul>\n<ul>\n<li>V\u00e4ri: Musta<\/li>\n<li>Materiaali: Sametti (100 % polyesteri), vaneri, tekninen puu<\/li>\n<li>Mitat: 190 x 90 x 46 cm (P x L x K)<\/li>\n<li>Sopiva patjan koko: 90 x 190 cm (L x P) (Patja ei sis\u00e4lly tilaukseen)<\/li>\n<li>Paksut muovijalat<\/li>\n<li>Asennus vaaditaan: Kyll\u00e4<\/li>\n<\/ul>\n","protected":false},"excerpt":{"rendered":"<ul>\n<li>V\u00e4ri: Musta<\/li>\n<li>Materiaali: Sametti (100 % polyesteri), vaneri, tekninen puu<\/li>\n<li>Mitat: 190 x 90 x 46 cm (P x L x K)<\/li>\n<li>Sopiva patjan koko: 90 x 190 cm (L x P) (Patja ei sis\u00e4lly tilaukseen)<\/li>\n<li>Paksut muovijalat<\/li>\n<li>Asennus vaaditaan: Kyll\u00e4<\/li>\n<\/ul>\n","protected":false},"featured_media":100000119711,"comment_status":"closed","ping_status":"closed","template":"","meta":[],"product_brand":[],"product_cat":[84,8638],"product_tag":[],"class_list":{"0":"post-119711","1":"product","2":"type-product","3":"status-publish","4":"has-post-thumbnail","6":"product_cat-huonekalut","7":"product_cat-sangyt-sangynrungot","9":"first","10":"instock","11":"taxable","12":"shipping-taxable","13":"purchasable","14":"product-type-simple"},"_links":{"self":[{"href":"https:\/\/www.otiumhome.fi\/index.php\/wp-json\/wp\/v2\/product\/119711","targetHints":{"allow":["GET"]}}],"collection":[{"href":"https:\/\/www.otiumhome.fi\/index.php\/wp-json\/wp\/v2\/product"}],"about":[{"href":"https:\/\/www.otiumhome.fi\/index.php\/wp-json\/wp\/v2\/types\/product"}],"replies":[{"embeddable":true,"href":"https:\/\/www.otiumhome.fi\/index.php\/wp-json\/wp\/v2\/comments?post=119711"}],"wp:featuredmedia":[{"embeddable":true,"href":"https:\/\/www.otiumhome.fi\/index.php\/wp-json\/"}],"wp:attachment":[{"href":"https:\/\/www.otiumhome.fi\/index.php\/wp-json\/wp\/v2\/media?parent=119711"}],"wp:term":[{"taxonomy":"product_brand","embeddable":true,"href":"https:\/\/www.otiumhome.fi\/index.php\/wp-json\/wp\/v2\/product_brand?post=119711"},{"taxonomy":"product_cat","embeddable":true,"href":"https:\/\/www.otiumhome.fi\/index.php\/wp-json\/wp\/v2\/product_cat?post=119711"},{"taxonomy":"product_tag","embeddable":true,"href":"https:\/\/www.otiumhome.fi\/index.php\/wp-json\/wp\/v2\/product_tag?post=119711"}],"curies":[{"name":"wp","href":"https:\/\/api.w.org\/{rel}","templated":true}]}}