{"id":119659,"date":"2024-12-16T02:42:20","date_gmt":"2024-12-16T02:42:20","guid":{"rendered":"https:\/\/www.otiumhome.fi\/?p=119659"},"modified":"2025-06-06T17:19:50","modified_gmt":"2025-06-06T17:19:50","slug":"kerrossanky-liukumaella-ja-tikkailla-valkoinen-90x190-cm-manty","status":"publish","type":"product","link":"https:\/\/www.otiumhome.fi\/index.php\/tuote\/kerrossanky-liukumaella-ja-tikkailla-valkoinen-90x190-cm-manty\/","title":{"rendered":"Kerross\u00e4nky liukum\u00e4ell\u00e4 ja tikkailla valkoinen 90&#215;190 cm m\u00e4nty"},"content":{"rendered":"<p>T\u00e4m\u00e4 puinen kerross\u00e4nky liukum\u00e4ell\u00e4 ja tikkailla on suunniteltu viihdytt\u00e4v\u00e4ksi ja tilaa optimoivaksi.<\/p>\n<\/p>\n<ul>\n<li>Vankka ja vakaa: T\u00e4ysi m\u00e4nty tunnetaan lujuudestaan ja kest\u00e4vyydest\u00e4\u00e4n. Sen suorat puunsyyt ja erottuvat oksanpaikat lis\u00e4\u00e4v\u00e4t sen rustiikkista charmia.<\/li>\n<li>Turvakaiteet: Lasten parvis\u00e4ngyss\u00e4 on turvakaiteet kaikilla nelj\u00e4ll\u00e4 sivulla, joten lapsesi voi nukkua ilman huolta putoamisesta.<\/li>\n<li>T\u00e4ysi tilank\u00e4ytt\u00f6: T\u00e4m\u00e4n lasten kerross\u00e4ngyn alas\u00e4nky on lattialla, joten voit sijoittaa patjan alatasolle tai k\u00e4ytt\u00e4\u00e4 alatasoa s\u00e4ilytystilana tai leikkipaikkana.<\/li>\n<li>K\u00e4tev\u00e4t tikkaat ja liukum\u00e4ki: T\u00e4ss\u00e4 lasten parvis\u00e4ngyss\u00e4 on hauska liukum\u00e4ki, joka tuo mukanaan iloa ja muuntaa lastenhuoneen leikkikent\u00e4ksi. Tikkaiden ja liukum\u00e4en yhdistelm\u00e4 tekee nukkumaanmenosta mielenkiintoisempaa lapsille.<\/li>\n<\/ul>\n<p>Hyv\u00e4 tiet\u00e4\u00e4:<\/p>\n<ul>\n<li>Toimitus sis\u00e4lt\u00e4\u00e4 vain s\u00e4ngynrungot. Patjat eiv\u00e4t sis\u00e4lly toimitukseen. Voit etsi\u00e4 myym\u00e4l\u00e4st\u00e4mme sopivia patjoja.<\/li>\n<\/ul>\n<p>Varoitus:<\/p>\n<ul>\n<li>Kaatumisen est\u00e4miseksi t\u00e4t\u00e4 tuotetta on k\u00e4ytett\u00e4v\u00e4 mukana toimitetun sein\u00e4kiinnityslaitteen kanssa.<\/li>\n<\/ul>\n<ul>\n<li><strong>S\u00e4nky:<\/strong><\/li>\n<li>V\u00e4ri: Valkoinen<\/li>\n<li>Materiaali: T\u00e4ysi m\u00e4nty<\/li>\n<li>Mitat: 195,5 x 97,5 x 113 cm (P x L x K) <\/li>\n<li>Sopiva patjan koko: 90 x 190 cm (L x P) (Patja ei sis\u00e4lly tilaukseen) <\/li>\n<li><strong>Liukum\u00e4ki:<\/strong><\/li>\n<li>V\u00e4ri: Harmaa<\/li>\n<li>Materiaali: muovi<\/li>\n<li>Mitat: 169 x 38,5 x 20,5 cm (P x L x K)<\/li>\n<li>Sopii yli 6-vuotiaille lapsille <\/li>\n<li>Asennus vaaditaan: Kyll\u00e4<\/li>\n<li><strong>Toimitus sis\u00e4lt\u00e4\u00e4:<\/strong><\/li>\n<li>1 x Kerross\u00e4nky<\/li>\n<li>1 x liukum\u00e4ki<\/li>\n<\/ul>\n","protected":false},"excerpt":{"rendered":"<ul>\n<li><strong>S\u00e4nky:<\/strong><\/li>\n<li>V\u00e4ri: Valkoinen<\/li>\n<li>Materiaali: T\u00e4ysi m\u00e4nty<\/li>\n<li>Mitat: 195,5 x 97,5 x 113 cm (P x L x K) <\/li>\n<li>Sopiva patjan koko: 90 x 190 cm (L x P) (Patja ei sis\u00e4lly tilaukseen) <\/li>\n<li><strong>Liukum\u00e4ki:<\/strong><\/li>\n<li>V\u00e4ri: Harmaa<\/li>\n<li>Materiaali: muovi<\/li>\n<li>Mitat: 169 x 38,5 x 20,5 cm (P x L x K)<\/li>\n<li>Sopii yli 6-vuotiaille lapsille <\/li>\n<li>Asennus vaaditaan: Kyll\u00e4<\/li>\n<li><strong>Toimitus sis\u00e4lt\u00e4\u00e4:<\/strong><\/li>\n<li>1 x Kerross\u00e4nky<\/li>\n<li>1 x liukum\u00e4ki<\/li>\n<\/ul>\n","protected":false},"featured_media":100000119659,"comment_status":"closed","ping_status":"closed","template":"","meta":[],"product_brand":[],"product_cat":[84,8638],"product_tag":[],"class_list":{"0":"post-119659","1":"product","2":"type-product","3":"status-publish","4":"has-post-thumbnail","6":"product_cat-huonekalut","7":"product_cat-sangyt-sangynrungot","9":"first","10":"instock","11":"taxable","12":"shipping-taxable","13":"purchasable","14":"product-type-simple"},"_links":{"self":[{"href":"https:\/\/www.otiumhome.fi\/index.php\/wp-json\/wp\/v2\/product\/119659","targetHints":{"allow":["GET"]}}],"collection":[{"href":"https:\/\/www.otiumhome.fi\/index.php\/wp-json\/wp\/v2\/product"}],"about":[{"href":"https:\/\/www.otiumhome.fi\/index.php\/wp-json\/wp\/v2\/types\/product"}],"replies":[{"embeddable":true,"href":"https:\/\/www.otiumhome.fi\/index.php\/wp-json\/wp\/v2\/comments?post=119659"}],"wp:featuredmedia":[{"embeddable":true,"href":"https:\/\/www.otiumhome.fi\/index.php\/wp-json\/"}],"wp:attachment":[{"href":"https:\/\/www.otiumhome.fi\/index.php\/wp-json\/wp\/v2\/media?parent=119659"}],"wp:term":[{"taxonomy":"product_brand","embeddable":true,"href":"https:\/\/www.otiumhome.fi\/index.php\/wp-json\/wp\/v2\/product_brand?post=119659"},{"taxonomy":"product_cat","embeddable":true,"href":"https:\/\/www.otiumhome.fi\/index.php\/wp-json\/wp\/v2\/product_cat?post=119659"},{"taxonomy":"product_tag","embeddable":true,"href":"https:\/\/www.otiumhome.fi\/index.php\/wp-json\/wp\/v2\/product_tag?post=119659"}],"curies":[{"name":"wp","href":"https:\/\/api.w.org\/{rel}","templated":true}]}}