{"id":119631,"date":"2024-12-16T02:42:17","date_gmt":"2024-12-16T02:42:17","guid":{"rendered":"https:\/\/www.otiumhome.fi\/?p=119631"},"modified":"2025-06-06T17:19:47","modified_gmt":"2025-06-06T17:19:47","slug":"parvisanky-tyopoyta-ja-tikkaat-140x200-cm-taysi-manty","status":"publish","type":"product","link":"https:\/\/www.otiumhome.fi\/index.php\/tuote\/parvisanky-tyopoyta-ja-tikkaat-140x200-cm-taysi-manty\/","title":{"rendered":"Parvis\u00e4nky ty\u00f6p\u00f6yt\u00e4 ja tikkaat 140&#215;200 cm t\u00e4ysi m\u00e4nty"},"content":{"rendered":"<p>T\u00e4m\u00e4 puinen parvis\u00e4nky on elegantti ja toimiva, siksi se on t\u00e4ydellinen lis\u00e4 mihin tahansa huoneeseen, joissa tilaa on rajoitetusti.<\/p>\n<\/p>\n<ul>\n<li>Vankka ja vakaa: T\u00e4ysi m\u00e4nty tunnetaan lujuudestaan ja kest\u00e4vyydest\u00e4\u00e4n. Sen suorat puunsyyt ja erottuvat oksanpaikat lis\u00e4\u00e4v\u00e4t sen rustiikkista charmia.<\/li>\n<li>Turvakaiteet: Keskikorkeassa parvis\u00e4ngyss\u00e4 on turvakaiteet kaikilla nelj\u00e4ll\u00e4 sivulla, joten voit nukkua ilman huolta putoamisesta.<\/li>\n<li>Tilava ty\u00f6p\u00f6yt\u00e4: Ty\u00f6p\u00f6yd\u00e4ss\u00e4 on riitt\u00e4v\u00e4 tila l\u00e4pp\u00e4rille ja kirjoille, mik\u00e4 luo mukavan opiskeluymp\u00e4rist\u00f6n.<\/li>\n<li>K\u00e4yt\u00e4nn\u00f6lliset tikkaat: T\u00e4m\u00e4n parvis\u00e4ngyn tikkaat tekev\u00e4t yl\u00e4s\u00e4ngyss\u00e4 nukkumisesta helpompaa ja turvallisempaa. Ne tarjoava riitt\u00e4v\u00e4n turvallisuuden ja vakauden.<\/li>\n<\/ul>\n<p>Hyv\u00e4 tiet\u00e4\u00e4:<\/p>\n<ul>\n<li>Toimitus sis\u00e4lt\u00e4\u00e4 vain s\u00e4ngynrungot. Patjat eiv\u00e4t sis\u00e4lly toimitukseen. Voit etsi\u00e4 myym\u00e4l\u00e4st\u00e4mme sopivia patjoja.<\/li>\n<li>Sein\u00e4\u00e4n kiinnitett\u00e4v\u00e4t ruuvit ja tulpat eiv\u00e4t sis\u00e4lly toimitukseen. Suosittelemme etsim\u00e4\u00e4n ja k\u00e4ytt\u00e4m\u00e4\u00e4n sein\u00e4\u00e4si sopivia ruuveja ja tulppia. Jos olet ep\u00e4varma, kysy ammattilaisen neuvoa. Lue ja noudata ohjeiden jokaista vaihetta.<\/li>\n<\/ul>\n<ul>\n<li>Materiaali: T\u00e4ysi m\u00e4nty (k\u00e4sittelem\u00e4t\u00f6n)<\/li>\n<li>Kokonaismitat: 205,5 x 147,5 x 190 cm (P x L x K)<\/li>\n<li>Makuutilan korkeus maasta: 155 cm<\/li>\n<li>P\u00f6yt\u00e4levyn korkeus maasta: 75 cm<\/li>\n<li>Suojakaiteen korkeus: 35 cm<\/li>\n<li>Tikkaiden leveys: 40 cm<\/li>\n<li>Sopiva patjan koko: 140 x 200 cm (L x P) (patja ei mukana)<\/li>\n<li>Asennus vaaditaan: Kyll\u00e4<\/li>\n<li>Legal Documents:\n<p><span>Lis\u00e4tietoja huonekalujesi kaatumisen est\u00e4misest\u00e4 voit l\u00f6yt\u00e4\u00e4 <span style=\"text-decoration: underline\"><strong><a title=\"https:\/\/bit.ly\/3bVwkQp\" href=\"https:\/\/bit.ly\/3bVwkQp\" target=\"_blank\">t\u00e4\u00e4lt\u00e4<\/a><\/strong><\/span><\/span><\/p>\n<\/li>\n<\/ul>\n","protected":false},"excerpt":{"rendered":"<ul>\n<li>Materiaali: T\u00e4ysi m\u00e4nty (k\u00e4sittelem\u00e4t\u00f6n)<\/li>\n<li>Kokonaismitat: 205,5 x 147,5 x 190 cm (P x L x K)<\/li>\n<li>Makuutilan korkeus maasta: 155 cm<\/li>\n<li>P\u00f6yt\u00e4levyn korkeus maasta: 75 cm<\/li>\n<li>Suojakaiteen korkeus: 35 cm<\/li>\n<li>Tikkaiden leveys: 40 cm<\/li>\n<li>Sopiva patjan koko: 140 x 200 cm (L x P) (patja ei mukana)<\/li>\n<li>Asennus vaaditaan: Kyll\u00e4<\/li>\n<li>Legal Documents:\n<p><span>Lis\u00e4tietoja huonekalujesi kaatumisen est\u00e4misest\u00e4 voit l\u00f6yt\u00e4\u00e4 <span style=\"text-decoration: underline\"><strong><a title=\"https:\/\/bit.ly\/3bVwkQp\" href=\"https:\/\/bit.ly\/3bVwkQp\" target=\"_blank\">t\u00e4\u00e4lt\u00e4<\/a><\/strong><\/span><\/span><\/p>\n<\/li>\n<\/ul>\n","protected":false},"featured_media":100000119631,"comment_status":"closed","ping_status":"closed","template":"","meta":[],"product_brand":[],"product_cat":[84,8638],"product_tag":[],"class_list":{"0":"post-119631","1":"product","2":"type-product","3":"status-publish","4":"has-post-thumbnail","6":"product_cat-huonekalut","7":"product_cat-sangyt-sangynrungot","9":"first","10":"instock","11":"taxable","12":"shipping-taxable","13":"purchasable","14":"product-type-simple"},"_links":{"self":[{"href":"https:\/\/www.otiumhome.fi\/index.php\/wp-json\/wp\/v2\/product\/119631","targetHints":{"allow":["GET"]}}],"collection":[{"href":"https:\/\/www.otiumhome.fi\/index.php\/wp-json\/wp\/v2\/product"}],"about":[{"href":"https:\/\/www.otiumhome.fi\/index.php\/wp-json\/wp\/v2\/types\/product"}],"replies":[{"embeddable":true,"href":"https:\/\/www.otiumhome.fi\/index.php\/wp-json\/wp\/v2\/comments?post=119631"}],"wp:featuredmedia":[{"embeddable":true,"href":"https:\/\/www.otiumhome.fi\/index.php\/wp-json\/"}],"wp:attachment":[{"href":"https:\/\/www.otiumhome.fi\/index.php\/wp-json\/wp\/v2\/media?parent=119631"}],"wp:term":[{"taxonomy":"product_brand","embeddable":true,"href":"https:\/\/www.otiumhome.fi\/index.php\/wp-json\/wp\/v2\/product_brand?post=119631"},{"taxonomy":"product_cat","embeddable":true,"href":"https:\/\/www.otiumhome.fi\/index.php\/wp-json\/wp\/v2\/product_cat?post=119631"},{"taxonomy":"product_tag","embeddable":true,"href":"https:\/\/www.otiumhome.fi\/index.php\/wp-json\/wp\/v2\/product_tag?post=119631"}],"curies":[{"name":"wp","href":"https:\/\/api.w.org\/{rel}","templated":true}]}}