{"id":118824,"date":"2024-12-16T02:06:21","date_gmt":"2024-12-16T02:06:21","guid":{"rendered":"https:\/\/www.otiumhome.fi\/?p=118824"},"modified":"2025-12-14T12:35:42","modified_gmt":"2025-12-14T12:35:42","slug":"sangynrunko-led-valoilla-betoninharmaa-90x190-cm-tekninen-puu","status":"publish","type":"product","link":"https:\/\/www.otiumhome.fi\/index.php\/tuote\/sangynrunko-led-valoilla-betoninharmaa-90x190-cm-tekninen-puu\/","title":{"rendered":"S\u00e4ngynrunko LED-valoilla betoninharmaa 90&#215;190 cm tekninen puu"},"content":{"rendered":"<p>Saat paremmat levolliset y\u00f6unet t\u00e4m\u00e4n LED-valoilla varustetun s\u00e4ngynrungon ansiosta! Se on tervetullut lis\u00e4 mihin tahansa makuuhuoneeseen.<\/p>\n<\/p>\n<ul>\n<li> Kest\u00e4v\u00e4 materiaali: Tekninen puu on poikkeuksellisen laadukasta ja sile\u00e4pintaista. Se on luja, vakaa ja kosteudelle vastustuskykyinen. <\/li>\n<li>RGB LED-valot: S\u00e4ngynrunko on varustettu v\u00e4rikk\u00e4ill\u00e4 RGB LED-valoilla. Usean muokattavan valikon ansiosta voit vaivatta vaihtaa valojen v\u00e4ri\u00e4 ja s\u00e4\u00e4t\u00e4\u00e4 ne my\u00f6s muuttumaan automaattisesti. N\u00e4m\u00e4 LED-valot eiv\u00e4t vain lis\u00e4\u00e4 s\u00e4ngyn p\u00e4\u00e4tylevyn modernia ulkon\u00e4k\u00f6\u00e4, ne my\u00f6s lis\u00e4\u00e4v\u00e4t sen trendikkyytt\u00e4. <\/li>\n<li>Tukevat s\u00e4leet: Vaneris\u00e4leet tarjoavat hyv\u00e4n painon jakautumisen, taaten patjan pysymisen paikallaan jokaisen k\u00e4\u00e4nn\u00f6ksen ja liikahduksen my\u00f6t\u00e4, joita unissasi teet. <\/li>\n<\/ul>\n<p>Hyv\u00e4 tiet\u00e4\u00e4:<\/p>\n<ul>\n<li>Patja ei sis\u00e4lly t\u00e4h\u00e4n s\u00e4nkyyn. Tarjoamme monipuolisen valikoiman patjoja, jotka l\u00f6yd\u00e4t tarkistamalla myym\u00e4l\u00e4mme valikoiman. <\/li>\n<li>Tuotteessa on USB-liitin, joka vaatii 5 V USB virtal\u00e4hteen (ei mukana).<\/li>\n<\/ul>\n<ul>\n<li>V\u00e4ri: Betoninharmaa<\/li>\n<li>S\u00e4ngynrungon materiaali: Tekninen puu<\/li>\n<li>S\u00e4lemateriaali: Vaneri<\/li>\n<li>Kokonaismitat: 202 x 110 x 23 cm (P x L x K)<\/li>\n<li>Sopiva patjan koko: 90 x 190 cm (L x P) (Patja ei sis\u00e4lly tilaukseen)<\/li>\n<li>Asennus vaaditaan: Kyll\u00e4<\/li>\n<\/ul>\n","protected":false},"excerpt":{"rendered":"<ul>\n<li>V\u00e4ri: Betoninharmaa<\/li>\n<li>S\u00e4ngynrungon materiaali: Tekninen puu<\/li>\n<li>S\u00e4lemateriaali: Vaneri<\/li>\n<li>Kokonaismitat: 202 x 110 x 23 cm (P x L x K)<\/li>\n<li>Sopiva patjan koko: 90 x 190 cm (L x P) (Patja ei sis\u00e4lly tilaukseen)<\/li>\n<li>Asennus vaaditaan: Kyll\u00e4<\/li>\n<\/ul>\n","protected":false},"featured_media":100000118824,"comment_status":"closed","ping_status":"closed","template":"","meta":[],"product_brand":[],"product_cat":[84,8638],"product_tag":[],"class_list":{"0":"post-118824","1":"product","2":"type-product","3":"status-publish","4":"has-post-thumbnail","6":"product_cat-huonekalut","7":"product_cat-sangyt-sangynrungot","9":"first","10":"instock","11":"taxable","12":"shipping-taxable","13":"purchasable","14":"product-type-simple"},"_links":{"self":[{"href":"https:\/\/www.otiumhome.fi\/index.php\/wp-json\/wp\/v2\/product\/118824","targetHints":{"allow":["GET"]}}],"collection":[{"href":"https:\/\/www.otiumhome.fi\/index.php\/wp-json\/wp\/v2\/product"}],"about":[{"href":"https:\/\/www.otiumhome.fi\/index.php\/wp-json\/wp\/v2\/types\/product"}],"replies":[{"embeddable":true,"href":"https:\/\/www.otiumhome.fi\/index.php\/wp-json\/wp\/v2\/comments?post=118824"}],"wp:featuredmedia":[{"embeddable":true,"href":"https:\/\/www.otiumhome.fi\/index.php\/wp-json\/"}],"wp:attachment":[{"href":"https:\/\/www.otiumhome.fi\/index.php\/wp-json\/wp\/v2\/media?parent=118824"}],"wp:term":[{"taxonomy":"product_brand","embeddable":true,"href":"https:\/\/www.otiumhome.fi\/index.php\/wp-json\/wp\/v2\/product_brand?post=118824"},{"taxonomy":"product_cat","embeddable":true,"href":"https:\/\/www.otiumhome.fi\/index.php\/wp-json\/wp\/v2\/product_cat?post=118824"},{"taxonomy":"product_tag","embeddable":true,"href":"https:\/\/www.otiumhome.fi\/index.php\/wp-json\/wp\/v2\/product_tag?post=118824"}],"curies":[{"name":"wp","href":"https:\/\/api.w.org\/{rel}","templated":true}]}}