{"id":118623,"date":"2024-12-16T01:51:53","date_gmt":"2024-12-16T01:51:53","guid":{"rendered":"https:\/\/www.otiumhome.fi\/?p=118623"},"modified":"2025-06-06T17:18:21","modified_gmt":"2025-06-06T17:18:21","slug":"sangynrunko-laatikolla-ruskea-tammi-90x200-cm-tekninen-puu","status":"publish","type":"product","link":"https:\/\/www.otiumhome.fi\/index.php\/tuote\/sangynrunko-laatikolla-ruskea-tammi-90x200-cm-tekninen-puu\/","title":{"rendered":"S\u00e4ngynrunko laatikolla ruskea tammi 90&#215;200 cm tekninen puu"},"content":{"rendered":"<p>Lis\u00e4\u00e4 makuuhuoneeseesi modernia tyyli\u00e4 t\u00e4ll\u00e4 laatikoilla varustetulla s\u00e4ngynrungolla! Se on k\u00e4yt\u00e4nn\u00f6llinen ja koristeellinen lis\u00e4 kotiisi.<\/p>\n<\/p>\n<ul>\n<li>Kest\u00e4v\u00e4 materiaali: S\u00e4ngynrunko on valmistettu teknisest\u00e4 puusta. Tekninen puu on poikkeuksellisen laadukasta ja sile\u00e4pintaista. Se on my\u00f6s luja, vakaa ja kosteudelle vastustuskykyinen.<\/li>\n<li>Tukevat s\u00e4leet: Vaneris\u00e4leet tarjoavat hyv\u00e4n painon jakautumisen, taaten patjan pysymisen paikallaan jokaisen k\u00e4\u00e4nn\u00f6ksen ja liikahduksen my\u00f6t\u00e4, joita unissasi teet.<\/li>\n<li>S\u00e4ilytystoiminto: Mukana toimitettu s\u00e4nkylaatikko ja sivulokerot tarjoavat runsaasti s\u00e4ilytystilaa t\u00e4rkeiden tavaroiden s\u00e4ilytt\u00e4miseen, t\u00e4m\u00e4 pit\u00e4\u00e4 huoneesi puhtaana ja siistin\u00e4.<\/li>\n<\/ul>\n<p>Hyv\u00e4 tiet\u00e4\u00e4:<\/p>\n<ul>\n<li>Patja ei sis\u00e4lly t\u00e4h\u00e4n s\u00e4nkyyn. Tarjoamme monipuolisen valikoiman patjoja, jotka l\u00f6yd\u00e4t tarkistamalla myym\u00e4l\u00e4mme valikoiman.<\/li>\n<\/ul>\n<ul>\n<li>V\u00e4ri: Ruskea tammi<\/li>\n<li>S\u00e4ngynrungon materiaali: Tekninen puu<\/li>\n<li>S\u00e4lemateriaali: Vaneri<\/li>\n<li>Kokonaismitat: 203 x 93 x 45 cm (P x L x K)<\/li>\n<li>Sopiva patjan koko: 90 x 200 cm (L x P) (patja ei sis\u00e4lly toimitukseen)<\/li>\n<li>S\u00e4nkylaatikon mitat: 53 x 33,5 x 12 cm (P x L x K)<\/li>\n<li>Asennus vaaditaan: Kyll\u00e4<\/li>\n<li><strong>Toimitus sis\u00e4lt\u00e4\u00e4:<\/strong><\/li>\n<li>1 x s\u00e4ngyn runko<\/li>\n<li>1 x S\u00e4nkylaatikko<\/li>\n<\/ul>\n","protected":false},"excerpt":{"rendered":"<ul>\n<li>V\u00e4ri: Ruskea tammi<\/li>\n<li>S\u00e4ngynrungon materiaali: Tekninen puu<\/li>\n<li>S\u00e4lemateriaali: Vaneri<\/li>\n<li>Kokonaismitat: 203 x 93 x 45 cm (P x L x K)<\/li>\n<li>Sopiva patjan koko: 90 x 200 cm (L x P) (patja ei sis\u00e4lly toimitukseen)<\/li>\n<li>S\u00e4nkylaatikon mitat: 53 x 33,5 x 12 cm (P x L x K)<\/li>\n<li>Asennus vaaditaan: Kyll\u00e4<\/li>\n<li><strong>Toimitus sis\u00e4lt\u00e4\u00e4:<\/strong><\/li>\n<li>1 x s\u00e4ngyn runko<\/li>\n<li>1 x S\u00e4nkylaatikko<\/li>\n<\/ul>\n","protected":false},"featured_media":100000118623,"comment_status":"closed","ping_status":"closed","template":"","meta":[],"product_brand":[],"product_cat":[84,8638],"product_tag":[],"class_list":{"0":"post-118623","1":"product","2":"type-product","3":"status-publish","4":"has-post-thumbnail","6":"product_cat-huonekalut","7":"product_cat-sangyt-sangynrungot","9":"first","10":"instock","11":"taxable","12":"shipping-taxable","13":"purchasable","14":"product-type-simple"},"_links":{"self":[{"href":"https:\/\/www.otiumhome.fi\/index.php\/wp-json\/wp\/v2\/product\/118623","targetHints":{"allow":["GET"]}}],"collection":[{"href":"https:\/\/www.otiumhome.fi\/index.php\/wp-json\/wp\/v2\/product"}],"about":[{"href":"https:\/\/www.otiumhome.fi\/index.php\/wp-json\/wp\/v2\/types\/product"}],"replies":[{"embeddable":true,"href":"https:\/\/www.otiumhome.fi\/index.php\/wp-json\/wp\/v2\/comments?post=118623"}],"wp:featuredmedia":[{"embeddable":true,"href":"https:\/\/www.otiumhome.fi\/index.php\/wp-json\/"}],"wp:attachment":[{"href":"https:\/\/www.otiumhome.fi\/index.php\/wp-json\/wp\/v2\/media?parent=118623"}],"wp:term":[{"taxonomy":"product_brand","embeddable":true,"href":"https:\/\/www.otiumhome.fi\/index.php\/wp-json\/wp\/v2\/product_brand?post=118623"},{"taxonomy":"product_cat","embeddable":true,"href":"https:\/\/www.otiumhome.fi\/index.php\/wp-json\/wp\/v2\/product_cat?post=118623"},{"taxonomy":"product_tag","embeddable":true,"href":"https:\/\/www.otiumhome.fi\/index.php\/wp-json\/wp\/v2\/product_tag?post=118623"}],"curies":[{"name":"wp","href":"https:\/\/api.w.org\/{rel}","templated":true}]}}