{"id":117370,"date":"2024-12-16T01:24:38","date_gmt":"2024-12-16T01:24:38","guid":{"rendered":"https:\/\/www.otiumhome.fi\/?p=117370"},"modified":"2025-06-06T17:15:41","modified_gmt":"2025-06-06T17:15:41","slug":"sangynrunko-metalli-ja-taysi-tammi-120x200-cm","status":"publish","type":"product","link":"https:\/\/www.otiumhome.fi\/index.php\/tuote\/sangynrunko-metalli-ja-taysi-tammi-120x200-cm\/","title":{"rendered":"S\u00e4ngynrunko metalli ja t\u00e4ysi tammi 120&#215;200 cm"},"content":{"rendered":"<p>Nauti hyvist\u00e4 y\u00f6unista t\u00e4m\u00e4n mukavan metallisen s\u00e4ngynrungon avulla!<\/p>\n<\/p>\n<p>Kiinte\u00e4 jauhemaalatusta metallista ja tumman kiilt\u00e4v\u00e4st\u00e4 tammesta valmistettu rakenne tekev\u00e4t s\u00e4ngyst\u00e4 eritt\u00e4in tukevan ja kest\u00e4v\u00e4n. Tukevat s\u00e4leet tarjoavat tarvittavan tuen ja mukavuuden. Voit nauttia t\u00e4ss\u00e4 s\u00e4ngyss\u00e4 maittavista y\u00f6unista joka ikinen y\u00f6!<\/p>\n<\/p>\n<p>Otathan huomioon: Toimituksessa on vain s\u00e4ngynrunko. Patja ei tule mukana. Voit l\u00f6yt\u00e4\u00e4 kaupastamme my\u00f6s yhteensopivia patjoja.<\/p>\n<ul>\n<li>Metallin v\u00e4ri: musta<\/li>\n<li>Materiaali: jauhemaalattu metalli, t\u00e4ysi tammi<\/li>\n<li>Mitat: 206 x 133 x 86 cm (P x L x K)<\/li>\n<li>Sopiva patjan koko: 120 x 200 cm (L x P) (patja ei mukana)<\/li>\n<li>Asennus vaaditaan: kyll\u00e4<\/li>\n<\/ul>\n","protected":false},"excerpt":{"rendered":"<ul>\n<li>Metallin v\u00e4ri: musta<\/li>\n<li>Materiaali: jauhemaalattu metalli, t\u00e4ysi tammi<\/li>\n<li>Mitat: 206 x 133 x 86 cm (P x L x K)<\/li>\n<li>Sopiva patjan koko: 120 x 200 cm (L x P) (patja ei mukana)<\/li>\n<li>Asennus vaaditaan: kyll\u00e4<\/li>\n<\/ul>\n","protected":false},"featured_media":100000117370,"comment_status":"closed","ping_status":"closed","template":"","meta":[],"product_brand":[],"product_cat":[84,8638],"product_tag":[],"class_list":{"0":"post-117370","1":"product","2":"type-product","3":"status-publish","4":"has-post-thumbnail","6":"product_cat-huonekalut","7":"product_cat-sangyt-sangynrungot","9":"first","10":"instock","11":"taxable","12":"shipping-taxable","13":"purchasable","14":"product-type-simple"},"_links":{"self":[{"href":"https:\/\/www.otiumhome.fi\/index.php\/wp-json\/wp\/v2\/product\/117370","targetHints":{"allow":["GET"]}}],"collection":[{"href":"https:\/\/www.otiumhome.fi\/index.php\/wp-json\/wp\/v2\/product"}],"about":[{"href":"https:\/\/www.otiumhome.fi\/index.php\/wp-json\/wp\/v2\/types\/product"}],"replies":[{"embeddable":true,"href":"https:\/\/www.otiumhome.fi\/index.php\/wp-json\/wp\/v2\/comments?post=117370"}],"wp:featuredmedia":[{"embeddable":true,"href":"https:\/\/www.otiumhome.fi\/index.php\/wp-json\/"}],"wp:attachment":[{"href":"https:\/\/www.otiumhome.fi\/index.php\/wp-json\/wp\/v2\/media?parent=117370"}],"wp:term":[{"taxonomy":"product_brand","embeddable":true,"href":"https:\/\/www.otiumhome.fi\/index.php\/wp-json\/wp\/v2\/product_brand?post=117370"},{"taxonomy":"product_cat","embeddable":true,"href":"https:\/\/www.otiumhome.fi\/index.php\/wp-json\/wp\/v2\/product_cat?post=117370"},{"taxonomy":"product_tag","embeddable":true,"href":"https:\/\/www.otiumhome.fi\/index.php\/wp-json\/wp\/v2\/product_tag?post=117370"}],"curies":[{"name":"wp","href":"https:\/\/api.w.org\/{rel}","templated":true}]}}