{"id":117277,"date":"2024-12-16T01:14:32","date_gmt":"2024-12-16T01:14:32","guid":{"rendered":"https:\/\/www.otiumhome.fi\/?p=117277"},"modified":"2025-12-14T11:47:28","modified_gmt":"2025-12-14T11:47:28","slug":"sahkokayttoinen-salepohja-28-saletta-7-vyohyketta-100x200-cm","status":"publish","type":"product","link":"https:\/\/www.otiumhome.fi\/index.php\/tuote\/sahkokayttoinen-salepohja-28-saletta-7-vyohyketta-100x200-cm\/","title":{"rendered":"S\u00e4hk\u00f6k\u00e4ytt\u00f6inen s\u00e4lepohja 28 s\u00e4lett\u00e4 7 vy\u00f6hykett\u00e4 100&#215;200 cm"},"content":{"rendered":"<p>T\u00e4m\u00e4 mukava s\u00e4hk\u00f6k\u00e4ytt\u00f6inen s\u00e4ngyn s\u00e4lepohja saa sinut rakastamaan s\u00e4nky\u00e4si yh\u00e4 enemm\u00e4n!<\/p>\n<\/p>\n<p>Runko on tehty t\u00e4ydest\u00e4 py\u00f6kist\u00e4 ja s\u00e4leet koivusta. S\u00e4lepohja on tukeva ja kest\u00e4v\u00e4. Seitsem\u00e4n mukavuutta lis\u00e4\u00e4v\u00e4\u00e4 vy\u00f6hykett\u00e4 tukevat kehoasi ihanteellisesti. S\u00e4leiden molemmat p\u00e4\u00e4t ovat kiinni SBS-kumitupeilla, jotka tekev\u00e4t rakenteesta vakaan. Pohjan kovuutta voi s\u00e4\u00e4t\u00e4\u00e4 keskell\u00e4 olevilla nelj\u00e4ll\u00e4 tuplas\u00e4leell\u00e4. Rungon molempia p\u00e4\u00e4tyj\u00e4 voidaan s\u00e4\u00e4t\u00e4\u00e4 k\u00e4sihallinnalla parhaan mukavuuden l\u00f6yt\u00e4miseksi.<\/p>\n<\/p>\n<p>Otathan huomioon, ett\u00e4 toimitukseen sis\u00e4ltyy vain s\u00e4lepohja. Patja ja s\u00e4ngynrunko eiv\u00e4t sis\u00e4lly toimitukseen.<\/p>\n<\/p>\n<p>Hyv\u00e4 tiet\u00e4\u00e4: Vaatii kokoamisen toimitusrajoitusten vuoksi, jotka rajoittavat pakkauksen koon enint\u00e4\u00e4n 120 cm mittaan.<\/p>\n<ul>\n<li>V\u00e4ri: antrasiitti, vaaleanharmaa, musta<\/li>\n<li>Materiaali: t\u00e4ysi py\u00f6kki, koivu, vaneri<\/li>\n<li>Mitat: 195 x 100 x 9 cm (P x L x K)<\/li>\n<li>Sopiva patjan koko: 100 x 200 cm (L x P) (patja ei mukana)<\/li>\n<li>Jousis\u00e4leiden koko: 35 x 8 mm (L x Paks.)<\/li>\n<li>Vanerisen s\u00e4lerungon koko: 50 x 20 mm (L x Paks.)<\/li>\n<li>Py\u00f6kki s\u00e4lerungon koko: 45 x 20 mm (L x Paks.)<\/li>\n<li>28 s\u00e4lett\u00e4<\/li>\n<li>4 tuplas\u00e4lett\u00e4 s\u00e4\u00e4dett\u00e4v\u00e4ll\u00e4 j\u00e4ykkyydell\u00e4<\/li>\n<li>7 vy\u00f6hykkeell\u00e4<\/li>\n<li>Mustalla keskiremmill\u00e4<\/li>\n<li>SBS-tuplakumitulpat s\u00e4leiden paikallaan pit\u00e4miseksi<\/li>\n<li>SBS-kumitulpat (16 antrasiitin v\u00e4rist\u00e4 pidikett\u00e4 + 12 vaaleanharmaata pidikett\u00e4)<\/li>\n<li>P\u00e4\u00e4- ja jalkop\u00e4\u00e4ty s\u00e4\u00e4dett\u00e4viss\u00e4<\/li>\n<li>Moottori OKIMAT 4 IPSe<\/li>\n<li>Johdollisella k\u00e4siohjaimella<\/li>\n<li>Sy\u00f6tt\u00f6j\u00e4nnite: 230 &#8211; 240 V AC<\/li>\n<li>L\u00e4ht\u00f6j\u00e4nnite: 24 V DC<\/li>\n<li>IP-luokitus: IP20<\/li>\n<li>Tuplamoottori<\/li>\n<li>Suurin kuorma sivua kohden 5 500 N<\/li>\n<li>S\u00e4\u00e4dett\u00e4v\u00e4 nopeus 3,8 mm\/sekunti 5 500 N teholla<\/li>\n<li>Iskun pituus selk\u00e4-\/jalkaosiolle 69\/74\/87 mm<\/li>\n<li>Valmiustilan virrankulutus &lt; 0,5 W<\/li>\n<li>Asennus vaaditaan: kyll\u00e4<\/li>\n<\/ul>\n","protected":false},"excerpt":{"rendered":"<ul>\n<li>V\u00e4ri: antrasiitti, vaaleanharmaa, musta<\/li>\n<li>Materiaali: t\u00e4ysi py\u00f6kki, koivu, vaneri<\/li>\n<li>Mitat: 195 x 100 x 9 cm (P x L x K)<\/li>\n<li>Sopiva patjan koko: 100 x 200 cm (L x P) (patja ei mukana)<\/li>\n<li>Jousis\u00e4leiden koko: 35 x 8 mm (L x Paks.)<\/li>\n<li>Vanerisen s\u00e4lerungon koko: 50 x 20 mm (L x Paks.)<\/li>\n<li>Py\u00f6kki s\u00e4lerungon koko: 45 x 20 mm (L x Paks.)<\/li>\n<li>28 s\u00e4lett\u00e4<\/li>\n<li>4 tuplas\u00e4lett\u00e4 s\u00e4\u00e4dett\u00e4v\u00e4ll\u00e4 j\u00e4ykkyydell\u00e4<\/li>\n<li>7 vy\u00f6hykkeell\u00e4<\/li>\n<li>Mustalla keskiremmill\u00e4<\/li>\n<li>SBS-tuplakumitulpat s\u00e4leiden paikallaan pit\u00e4miseksi<\/li>\n<li>SBS-kumitulpat (16 antrasiitin v\u00e4rist\u00e4 pidikett\u00e4 + 12 vaaleanharmaata pidikett\u00e4)<\/li>\n<li>P\u00e4\u00e4- ja jalkop\u00e4\u00e4ty s\u00e4\u00e4dett\u00e4viss\u00e4<\/li>\n<li>Moottori OKIMAT 4 IPSe<\/li>\n<li>Johdollisella k\u00e4siohjaimella<\/li>\n<li>Sy\u00f6tt\u00f6j\u00e4nnite: 230 &#8211; 240 V AC<\/li>\n<li>L\u00e4ht\u00f6j\u00e4nnite: 24 V DC<\/li>\n<li>IP-luokitus: IP20<\/li>\n<li>Tuplamoottori<\/li>\n<li>Suurin kuorma sivua kohden 5 500 N<\/li>\n<li>S\u00e4\u00e4dett\u00e4v\u00e4 nopeus 3,8 mm\/sekunti 5 500 N teholla<\/li>\n<li>Iskun pituus selk\u00e4-\/jalkaosiolle 69\/74\/87 mm<\/li>\n<li>Valmiustilan virrankulutus &lt; 0,5 W<\/li>\n<li>Asennus vaaditaan: kyll\u00e4<\/li>\n<\/ul>\n","protected":false},"featured_media":100000117277,"comment_status":"closed","ping_status":"closed","template":"","meta":[],"product_brand":[],"product_cat":[84,8638],"product_tag":[],"class_list":{"0":"post-117277","1":"product","2":"type-product","3":"status-publish","4":"has-post-thumbnail","6":"product_cat-huonekalut","7":"product_cat-sangyt-sangynrungot","9":"first","10":"instock","11":"taxable","12":"shipping-taxable","13":"purchasable","14":"product-type-simple"},"_links":{"self":[{"href":"https:\/\/www.otiumhome.fi\/index.php\/wp-json\/wp\/v2\/product\/117277","targetHints":{"allow":["GET"]}}],"collection":[{"href":"https:\/\/www.otiumhome.fi\/index.php\/wp-json\/wp\/v2\/product"}],"about":[{"href":"https:\/\/www.otiumhome.fi\/index.php\/wp-json\/wp\/v2\/types\/product"}],"replies":[{"embeddable":true,"href":"https:\/\/www.otiumhome.fi\/index.php\/wp-json\/wp\/v2\/comments?post=117277"}],"wp:featuredmedia":[{"embeddable":true,"href":"https:\/\/www.otiumhome.fi\/index.php\/wp-json\/"}],"wp:attachment":[{"href":"https:\/\/www.otiumhome.fi\/index.php\/wp-json\/wp\/v2\/media?parent=117277"}],"wp:term":[{"taxonomy":"product_brand","embeddable":true,"href":"https:\/\/www.otiumhome.fi\/index.php\/wp-json\/wp\/v2\/product_brand?post=117277"},{"taxonomy":"product_cat","embeddable":true,"href":"https:\/\/www.otiumhome.fi\/index.php\/wp-json\/wp\/v2\/product_cat?post=117277"},{"taxonomy":"product_tag","embeddable":true,"href":"https:\/\/www.otiumhome.fi\/index.php\/wp-json\/wp\/v2\/product_tag?post=117277"}],"curies":[{"name":"wp","href":"https:\/\/api.w.org\/{rel}","templated":true}]}}